{"id":685,"date":"2018-05-20T15:37:36","date_gmt":"2018-05-20T13:37:36","guid":{"rendered":"https:\/\/www.whiteshield.net\/?page_id=685"},"modified":"2026-03-02T15:43:40","modified_gmt":"2026-03-02T14:43:40","slug":"adatvedelmi-es-adatkezelesi-tajekoztato","status":"publish","type":"page","link":"https:\/\/www.whiteshield.net\/hu\/adatvedelmi-es-adatkezelesi-tajekoztato\/","title":{"rendered":"Adatv\u00e9delmi \u00e9s adatkezel\u00e9si t\u00e1j\u00e9koztat\u00f3"},"content":{"rendered":"<div class=\"et_pb_section_0 et_pb_section et_section_regular et_flex_section\">\n<div class=\"et_pb_row_0 et_pb_row et_block_row et_pb_section_parallax\"><span class=\"et-pb-parallax-wrapper\"><span class=\"et-pb-parallax-background et-pb-parallax-background--css et-pb-parallax-background-module--divi-row-0\" style=\"background-image:url(https:\/\/www.whiteshield.net\/wp-content\/uploads\/2025\/02\/headeer.png)\"><\/span><span class=\"et_parallax_gradient et_pb_parallax_css\" style=\"background-image:linear-gradient(235deg, rgba(27,38,59,0.64) 0%,rgba(27,38,59,0.64) 100%)\"><\/span><\/span>\n<div class=\"et_pb_column_0 et_pb_column et_pb_column_4_4 et-last-child et_block_column et_pb_css_mix_blend_mode_passthrough\">\n<div class=\"et_pb_heading_0 et_pb_heading et_pb_module et_block_module\"><div class=\"et_pb_heading_container\"><h1 class=\"et_pb_module_header\">Adatv\u00e9delmi \u00e9s adatkezel\u00e9si t\u00e1j\u00e9koztat\u00f3<\/h1><\/div><\/div>\n<\/div>\n<\/div>\n\n<div class=\"et_pb_row_1 et_pb_row et_flex_row\">\n<div class=\"et_pb_column_1 et_pb_column et-last-child et_flex_column et_pb_css_mix_blend_mode_passthrough et_flex_column_24_24 et_flex_column_24_24_tablet et_flex_column_24_24_phone et_flex_column_24_24_phoneWide et_flex_column_24_24_tabletWide et_flex_column_24_24_widescreen et_flex_column_24_24_ultraWide\">\n<div class=\"et_pb_heading_1 et_pb_heading et_pb_module et_block_module\"><div class=\"et_pb_heading_container\"><h2 class=\"et_pb_module_header\">Adatv\u00e9delmi \u00e9s adatkezel\u00e9si t\u00e1j\u00e9koztat\u00f3<\/h2><\/div><\/div>\n\n<div class=\"et_pb_heading_2 et_pb_heading et_pb_module et_block_module\"><div class=\"et_pb_heading_container\"><h3 class=\"et_pb_module_header\">1. \u00c1ltal\u00e1nos rendelkez\u00e9sek<\/h3><\/div><\/div>\n\n<div class=\"et_pb_text_0 et_pb_text et_pb_bg_layout_light et_pb_module et_block_module\"><div class=\"et_pb_text_inner\"><p><span>A Whiteshield Korl\u00e1tolt Felel\u0151ss\u00e9g\u0171 T\u00e1rsas\u00e1g (sz\u00e9khely: 1142, Budapest Dorozsmai \u00fat 102\/B, c\u00e9gjegyz\u00e9ksz\u00e1m: Cg.01-09-968995, ad\u00f3sz\u00e1m: 13905826-2-42, a tov\u00e1bbiakban: \u201eAdatkezel\u0151\u201d vagy \u201eSzolg\u00e1ltat\u00f3\u201d), mint Adatkezel\u0151 az \u00e1ltala \u00fczemeltetett www.whiteshield.net weboldalon el\u00e9rhet\u0151 szolg\u00e1ltat\u00e1sokhoz kapcsol\u00f3d\u00f3 valamennyi adatkezel\u00e9s sor\u00e1n a jelen Adatv\u00e9delmi T\u00e1j\u00e9koztat\u00f3 alapj\u00e1n j\u00e1r el. C\u00e9lja, hogy a T\u00e1rsas\u00e1g weboldal\u00e1t megl\u00e1togat\u00f3k t\u00e1j\u00e9koztat\u00e1st kaphassanak a T\u00e1rsas\u00e1g \u00e1ltal \u00fczemeltetett oldalon kezelt adatokr\u00f3l, tov\u00e1bb\u00e1 az adatkezel\u00e9ssel kapcsolatosan felmer\u00fclt egy\u00e9b tev\u00e9kenys\u00e9gr\u0151l. A T\u00e1rsas\u00e1g adatv\u00e9delmi t\u00e1j\u00e9koztat\u00f3ban szerepl\u0151 fogalmak megegyeznek az Info t\u00f6rv\u00e9nyben meghat\u00e1rozott fogalmakkal.<\/span><\/p>\n<\/div><\/div>\n\n<div class=\"et_pb_heading_3 et_pb_heading et_pb_module et_block_module\"><div class=\"et_pb_heading_container\"><h3 class=\"et_pb_module_header\">2. Fogalmak<\/h3><\/div><\/div>\n\n<div class=\"et_pb_text_1 et_pb_text et_pb_bg_layout_light et_pb_module et_block_module\"><div class=\"et_pb_text_inner\"><p>1. \u00e9rintett: b\u00e1rmely meghat\u00e1rozott, szem\u00e9lyes adat alapj\u00e1n azonos\u00edtott vagy - k\u00f6zvetlen\u00fcl vagy k\u00f6zvetve - azonos\u00edthat\u00f3 term\u00e9szetes szem\u00e9ly;<\/p>\n<p>2. szem\u00e9lyes adat: az \u00e9rintettel kapcsolatba hozhat\u00f3 adat - k\u00fcl\u00f6n\u00f6sen az \u00e9rintett neve, azonos\u00edt\u00f3 jele, valamint egy vagy t\u00f6bb fizikai, fiziol\u00f3giai, ment\u00e1lis, gazdas\u00e1gi, kultur\u00e1lis vagy szoci\u00e1lis azonoss\u00e1g\u00e1ra jellemz\u0151 ismeret -, valamint az adatb\u00f3l levonhat\u00f3, az \u00e9rintettre vonatkoz\u00f3 k\u00f6vetkeztet\u00e9s;<\/p>\n<p>3. k\u00fcl\u00f6nleges adat:<\/p>\n<p>a) a faji eredetre, a nemzetis\u00e9ghez tartoz\u00e1sra, a politikai v\u00e9lem\u00e9nyre vagy p\u00e1rt\u00e1ll\u00e1sra, a vall\u00e1sos vagy m\u00e1s vil\u00e1gn\u00e9zeti meggy\u0151z\u0151d\u00e9sre, az \u00e9rdek-k\u00e9pviseleti szervezeti tags\u00e1gra, a szexu\u00e1lis \u00e9letre vonatkoz\u00f3 szem\u00e9lyes adat,<\/p>\n<p>b) az eg\u00e9szs\u00e9gi \u00e1llapotra, a k\u00f3ros szenved\u00e9lyre vonatkoz\u00f3 szem\u00e9lyes adat, valamint a b\u0171n\u00fcgyi szem\u00e9lyes adat;<\/p>\n<p>4. adatkezel\u00e9s: az alkalmazott elj\u00e1r\u00e1st\u00f3l f\u00fcggetlen\u00fcl az adaton v\u00e9gzett b\u00e1rmely m\u0171velet vagy a m\u0171veletek \u00f6sszess\u00e9ge, \u00edgy k\u00fcl\u00f6n\u00f6sen gy\u0171jt\u00e9se, felv\u00e9tele, r\u00f6gz\u00edt\u00e9se, rendszerez\u00e9se, t\u00e1rol\u00e1sa, megv\u00e1ltoztat\u00e1sa, felhaszn\u00e1l\u00e1sa, lek\u00e9rdez\u00e9se, tov\u00e1bb\u00edt\u00e1sa, nyilv\u00e1noss\u00e1gra hozatala, \u00f6sszehangol\u00e1sa vagy \u00f6sszekapcsol\u00e1sa, z\u00e1rol\u00e1sa, t\u00f6rl\u00e9se \u00e9s megsemmis\u00edt\u00e9se, valamint az adat tov\u00e1bbi felhaszn\u00e1l\u00e1s\u00e1nak megakad\u00e1lyoz\u00e1sa, f\u00e9nyk\u00e9p-, hang- vagy k\u00e9pfelv\u00e9tel k\u00e9sz\u00edt\u00e9se, valamint a szem\u00e9ly azonos\u00edt\u00e1s\u00e1ra alkalmas fizikai jellemz\u0151k (pl. ujj- vagy teny\u00e9rnyomat, DNS-minta, \u00edriszk\u00e9p) r\u00f6gz\u00edt\u00e9se;<\/p>\n<p>5. hozz\u00e1j\u00e1rul\u00e1s: az \u00e9rintett akarat\u00e1nak \u00f6nk\u00e9ntes \u00e9s hat\u00e1rozott kinyilv\u00e1n\u00edt\u00e1sa, amely megfelel\u0151 t\u00e1j\u00e9koztat\u00e1son alapul, \u00e9s amellyel f\u00e9lre\u00e9rthetetlen beleegyez\u00e9s\u00e9t adja a r\u00e1 vonatkoz\u00f3 szem\u00e9lyes adat - teljes k\u00f6r\u0171 vagy egyes m\u0171veletekre kiterjed\u0151 - kezel\u00e9s\u00e9hez;<\/p>\n<p>6. adatt\u00f6rl\u00e9s: az adat felismerhetetlenn\u00e9 t\u00e9tele oly m\u00f3don, hogy a helyre\u00e1ll\u00edt\u00e1sa t\u00f6bb\u00e9 nem lehets\u00e9ges;<\/p>\n<p>7. adatkezel\u0151: az a term\u00e9szetes vagy jogi szem\u00e9ly, illetve jogi szem\u00e9lyis\u00e9ggel nem rendelkez\u0151 szervezet, aki vagy amely \u00f6n\u00e1ll\u00f3an vagy m\u00e1sokkal egy\u00fctt az adat kezel\u00e9s\u00e9nek c\u00e9lj\u00e1t meghat\u00e1rozza, az adatkezel\u00e9sre (bele\u00e9rtve a felhaszn\u00e1lt eszk\u00f6zt) vonatkoz\u00f3 d\u00f6nt\u00e9seket meghozza \u00e9s v\u00e9grehajtja, vagy az adatfeldolgoz\u00f3val v\u00e9grehajtatja;<\/p>\n<p>8. adatfeldolgoz\u00e1s: az adatkezel\u00e9si m\u0171veletekhez kapcsol\u00f3d\u00f3 technikai feladatok elv\u00e9gz\u00e9se, f\u00fcggetlen\u00fcl a m\u0171veletek v\u00e9grehajt\u00e1s\u00e1hoz alkalmazott m\u00f3dszert\u0151l \u00e9s eszk\u00f6zt\u0151l, valamint az alkalmaz\u00e1s hely\u00e9t\u0151l, felt\u00e9ve hogy a technikai feladatot az adaton v\u00e9gzik<\/p>\n<p>9. adattov\u00e1bb\u00edt\u00e1s: az adat meghat\u00e1rozott harmadik szem\u00e9ly sz\u00e1m\u00e1ra t\u00f6rt\u00e9n\u0151 hozz\u00e1f\u00e9rhet\u0151v\u00e9 t\u00e9tele;<br \/>nyilv\u00e1noss\u00e1gra hozatal: az adat b\u00e1rki sz\u00e1m\u00e1ra t\u00f6rt\u00e9n\u0151 hozz\u00e1f\u00e9rhet\u0151<\/p>\n<p>10. adatfeldolgoz\u00f3: az a term\u00e9szetes vagy jogi szem\u00e9ly, illetve jogi szem\u00e9lyis\u00e9ggel nem rendelkez\u0151 szervezet, aki vagy amely szerz\u0151d\u00e9s alapj\u00e1n - bele\u00e9rtve a jogszab\u00e1ly rendelkez\u00e9se alapj\u00e1n k\u00f6t\u00f6tt szerz\u0151d\u00e9st is - adatok feldolgoz\u00e1s\u00e1t v\u00e9gzi;<\/p>\n<p>11. EGT-\u00e1llam: az Eur\u00f3pai Uni\u00f3 tag\u00e1llama \u00e9s az Eur\u00f3pai Gazdas\u00e1gi T\u00e9rs\u00e9gr\u0151l sz\u00f3l\u00f3 meg\u00e1llapod\u00e1sban r\u00e9szes m\u00e1s \u00e1llam, tov\u00e1bb\u00e1 az az \u00e1llam, amelynek \u00e1llampolg\u00e1ra az Eur\u00f3pai Uni\u00f3 \u00e9s tag\u00e1llamai, valamint az Eur\u00f3pai Gazdas\u00e1gi T\u00e9rs\u00e9gr\u0151l sz\u00f3l\u00f3 meg\u00e1llapod\u00e1sban nem r\u00e9szes \u00e1llam k\u00f6z\u00f6tt l\u00e9trej\u00f6tt nemzetk\u00f6zi szerz\u0151d\u00e9s alapj\u00e1n az Eur\u00f3pai Gazdas\u00e1gi T\u00e9rs\u00e9gr\u0151l sz\u00f3l\u00f3 meg\u00e1llapod\u00e1sban r\u00e9szes \u00e1llam \u00e1llampolg\u00e1r\u00e1val azonos jog\u00e1ll\u00e1st \u00e9lvez;<\/p>\n<p>12. harmadik orsz\u00e1g: minden olyan \u00e1llam, amely nem EGT-\u00e1llam;<\/p>\n<p>13. adatv\u00e9delmi incidens: szem\u00e9lyes adat jogellenes kezel\u00e9se vagy feldolgoz\u00e1sa, \u00edgy k\u00fcl\u00f6n\u00f6sen a jogosulatlan hozz\u00e1f\u00e9r\u00e9s, megv\u00e1ltoztat\u00e1s, tov\u00e1bb\u00edt\u00e1s, nyilv\u00e1noss\u00e1gra hozatal, t\u00f6rl\u00e9s vagy megsemmis\u00edt\u00e9s, valamint a v\u00e9letlen megsemmis\u00fcl\u00e9s \u00e9s s\u00e9r\u00fcl\u00e9s.<\/p>\n<p>14. g\u00e9pi feldolgoz\u00e1s: a k\u00f6vetkez\u0151 m\u0171veleteket tartalmazza, ha azokat r\u00e9szben vagy eg\u00e9szben automatiz\u00e1lt eszk\u00f6z\u00f6kkel hajtj\u00e1k v\u00e9gre: az adatok t\u00e1rol\u00e1sa, az adatokkal v\u00e9gzett logikai vagy aritmetikai m\u0171veletek, az adatok megv\u00e1ltoztat\u00e1sa, t\u00f6rl\u00e9se, visszakeres\u00e9se \u00e9s terjeszt\u00e9se.<\/p>\n<\/div><\/div>\n\n<div class=\"et_pb_heading_4 et_pb_heading et_pb_module et_block_module\"><div class=\"et_pb_heading_container\"><h3 class=\"et_pb_module_header\">3. Jogszab\u00e1lyi h\u00e1tt\u00e9r<\/h3><\/div><\/div>\n\n<div class=\"et_pb_text_2 et_pb_text et_pb_bg_layout_light et_pb_module et_block_module\"><div class=\"et_pb_text_inner\"><p>A l\u00e1togat\u00f3 szem\u00e9lyes adatai kezel\u00e9s\u00e9vel kapcsolatos jogszab\u00e1lyi el\u0151\u00edr\u00e1sokat Szolg\u00e1ltat\u00f3 az adatkezel\u00e9s minden f\u00e1zis\u00e1ban k\u00f6teles betartani. Szolg\u00e1ltat\u00f3 \u00e1ltal v\u00e9gzett adatkezel\u00e9sre els\u0151sorban az al\u00e1bbi jogszab\u00e1lyokban r\u00f6gz\u00edtett rendelkez\u00e9sek az ir\u00e1nyad\u00f3ak:<\/p>\n<p>- szem\u00e9lyes adatok v\u00e9delm\u00e9r\u0151l \u00e9s a k\u00f6z\u00e9rdek\u0171 adatok nyilv\u00e1noss\u00e1g\u00e1r\u00f3l sz\u00f3l\u00f3 1992. \u00e9vi LXIII. t\u00f6rv\u00e9ny<br \/>- kutat\u00e1s \u00e9s a k\u00f6zvetlen \u00fczletszerz\u00e9s c\u00e9lj\u00e1t szolg\u00e1l\u00f3 n\u00e9v- \u00e9s lakc\u00edmadatok kezel\u00e9s\u00e9r\u0151l sz\u00f3l\u00f3 1995. \u00e9vi CXIX. t\u00f6rv\u00e9ny<br \/>- az elektronikus kereskedelmi szolg\u00e1ltat\u00e1sok, valamint az inform\u00e1ci\u00f3s t\u00e1rsadalommal \u00f6sszef\u00fcgg\u0151 szolg\u00e1ltat\u00e1sok egyes k\u00e9rd\u00e9seir\u0151l sz\u00f3l\u00f3 2001. \u00e9vi CVIII. t\u00f6rv\u00e9ny.<br \/>- 2018 m\u00e1jus 25-\u00e9n \u00e9letbel\u00e9p\u0151 GDPR<\/p>\n<\/div><\/div>\n\n<div class=\"et_pb_heading_5 et_pb_heading et_pb_module et_block_module\"><div class=\"et_pb_heading_container\"><h3 class=\"et_pb_module_header\">4. A honlapon megval\u00f3sul\u00f3 adatkezel\u00e9s<\/h3><\/div><\/div>\n\n<div class=\"et_pb_heading_6 et_pb_heading et_pb_module et_block_module\"><div class=\"et_pb_heading_container\"><h4 class=\"et_pb_module_header\">4.1. Weboldal \u00fczemeltet\u00e9s<\/h4><\/div><\/div>\n\n<div class=\"et_pb_text_3 et_pb_text et_pb_bg_layout_light et_pb_module et_block_module\"><div class=\"et_pb_text_inner\"><p>Adatkezel\u00e9s c\u00e9lja:<\/p>\n<p>A T\u00e1rsas\u00e1g honlapjaihoz \u00e9s a t\u00e1rsas\u00e1g vagy megb\u00edzottja (weblap tartalm\u00e1\u00e9rt felel\u0151s szem\u00e9ly) \u00e1ltal k\u00f6z\u00f6lt inform\u00e1ci\u00f3khoz b\u00e1rmely l\u00e1togat\u00f3 szabadon hozz\u00e1f\u00e9rhet. A weboldal l\u00e1togat\u00e1sa sor\u00e1n a weboldal t\u00e1rhely szolg\u00e1ltat\u00f3ja a szolg\u00e1ltat\u00e1s m\u0171k\u00f6d\u00e9s\u00e9nek ellen\u0151rz\u00e9se, a vissza\u00e9l\u00e9sek megakad\u00e1lyoz\u00e1sa \u00e9s az \u00fczemszer\u0171 m\u0171k\u00f6d\u00e9s biztos\u00edt\u00e1sa \u00e9rdek\u00e9ben r\u00f6gz\u00edti a l\u00e1togat\u00f3i adatokat. A r\u00f6gz\u00edt\u00e9s c\u00e9lja a honlap haszn\u00e1lat\u00e1ra vonatkoz\u00f3 inform\u00e1ci\u00f3k gy\u0171jt\u00e9se, l\u00e1togatotts\u00e1gi \u00e9s internet haszn\u00e1lati statisztik\u00e1k, elemz\u00e9sek k\u00e9sz\u00edt\u00e9se.<\/p>\n<p>K\u00fcls\u0151 szolg\u00e1ltat\u00f3k a l\u00e1togat\u00f3 a T\u00e1rsas\u00e1g weboldal\u00e1t megjelen\u00edt\u0151 eszk\u00f6z\u00e9n \u00fagynevezett s\u00fctit (cookie)-t helyezhetnek el \u00e9s olvashatnak vissza. Ha az eszk\u00f6z egy kor\u00e1bban m\u00e1r let\u00e1rolt s\u00fctit k\u00fcld vissza a szerverre, az azt kezel\u0151 szolg\u00e1ltat\u00f3nak lehet\u0151s\u00e9ge van a jelenlegi l\u00e1togat\u00e1s\u00e1t egy r\u00e9gebben megt\u00f6rt\u00e9nt l\u00e1togat\u00e1ssal \u00f6sszekapcsolni.<\/p>\n<p>A l\u00e1togat\u00f3 a weboldalon megjelen\u0151 \u201es\u00fctikre vonatkoz\u00f3 adatkezel\u00e9si k\u00e9relmet\u201d b\u00e1rmikor visszautas\u00edthatja.<\/p>\n<p>Kezelt adatok:<\/p>\n<p>L\u00e1togat\u00e1s pontos d\u00e1tuma-ideje, megjelen\u00edt\u0151 eszk\u00f6z (telefon vagy sz\u00e1m\u00edt\u00f3g\u00e9p) publikus IP c\u00edme, megjelen\u00edt\u0151 eszk\u00f6z b\u00f6ng\u00e9sz\u0151j\u00e9nek t\u00edpusa \u00e9s oper\u00e1ci\u00f3s rendszer\u00e9nek neve, megl\u00e1togatott oldal URL c\u00edme.<\/p>\n<p>Az adatkezel\u00e9s jogalapja:<\/p>\n<p>Az inform\u00e1ci\u00f3szabads\u00e1gr\u00f3l \u00e9s az inform\u00e1ci\u00f3s \u00f6nrendelkez\u00e9si jogr\u00f3l sz\u00f3l\u00f3 2011.\u00e9vi CXII. tv 5. \u00a7 (1)-a, valamit GDPR 6. cikk (1) bekezd\u00e9s a) pontja alapj\u00e1n a weblap l\u00e1togat\u00f3inak \u00f6nk\u00e9ntes hozz\u00e1j\u00e1rul\u00e1sa.<\/p>\n<p>Az adatkezel\u00e9s id\u0151tartama:<\/p>\n<p>A weboldal megtekint\u00e9s\u00e9t\u0151l sz\u00e1m\u00edtott 1 \u00e9v id\u0151tartam.<\/p>\n<p>Szervezet\u00fcnk \u00e9s az weboldal \u00fczemeltet\u0151 fenntartja a jogot, hogy elt\u00e9r\u0151 meg\u0151rz\u00e9si id\u0151szakra lehet sz\u00fcks\u00e9g jogos \u00e9rdekeinek v\u00e9delme (pl. az adatbiztons\u00e1g meg\u0151rz\u00e9se, az adatok illet\u00e9ktelen felhaszn\u00e1l\u00e1s\u00e1nak megel\u0151z\u00e9se vagy b\u0171nelk\u00f6vet\u0151k elleni peres elj\u00e1r\u00e1s lefolytat\u00e1sa) miatt.<\/p>\n<p>A jogi, t\u00f6rv\u00e9nyes vagy szerz\u0151d\u00e9ses t\u00e1rol\u00e1si k\u00f6telezetts\u00e9g alapj\u00e1n t\u00e1rolt adatokhoz illet\u00e9ktelen szem\u00e9lyek nem f\u00e9rhetnek hozz\u00e1.<\/p>\n<\/div><\/div>\n\n<div class=\"et_pb_heading_7 et_pb_heading et_pb_module et_block_module\"><div class=\"et_pb_heading_container\"><h4 class=\"et_pb_module_header\">4.2. \u00dcgyfelekkel t\u00f6rt\u00e9n\u0151 kapcsolattart\u00e1s<\/h4><\/div><\/div>\n\n<div class=\"et_pb_text_4 et_pb_text et_pb_bg_layout_light et_pb_module et_block_module\"><div class=\"et_pb_text_inner\"><p>Adatkezel\u00e9s c\u00e9lja:<\/p>\n<p>A T\u00e1rsas\u00e1g weboldal\u00e1n kapcsolatfelv\u00e9teli \u0171rlap seg\u00edts\u00e9g\u00e9vel lehet\u0151s\u00e9ge van a l\u00e1togat\u00f3nak, hogy k\u00f6zvetlen kapcsolatot teremthessenek a T\u00e1rsas\u00e1g \u00e1ltal kijel\u00f6lt kapcsolattart\u00f3j\u00e1val. A kapcsolatfelv\u00e9teli \u0171rlap haszn\u00e1lat\u00e1hoz a weboldalhoz tartoz\u00f3 adatv\u00e9delmi nyilatkozat elfogad\u00e1sa sz\u00fcks\u00e9ges.<\/p>\n<p>Kezelt adat:<\/p>\n<p>N\u00e9v, \u00fczenet, email c\u00edm<\/p>\n<p>Adatkezel\u00e9s jogalapja:<\/p>\n<p>Az inform\u00e1ci\u00f3szabads\u00e1gr\u00f3l \u00e9s az inform\u00e1ci\u00f3s \u00f6nrendelkez\u00e9si jogr\u00f3l sz\u00f3l\u00f3 2011.\u00e9vi CXII. tv 5. \u00a7<\/p>\n<p>Adatkezel\u00e9s id\u0151tartama:<\/p>\n<p>Kapcsolat kezdem\u00e9nyez\u00e9st k\u00e9r\u0151 f\u00e9l hozz\u00e1j\u00e1rul\u00e1s\u00e1nak visszavon\u00e1s\u00e1ig.<\/p>\n<\/div><\/div>\n\n<div class=\"et_pb_heading_8 et_pb_heading et_pb_module et_block_module\"><div class=\"et_pb_heading_container\"><h4 class=\"et_pb_module_header\">4.3. L\u00e1togat\u00e1si statisztika (Google Analytics)<\/h4><\/div><\/div>\n\n<div class=\"et_pb_text_5 et_pb_text et_pb_bg_layout_light et_pb_module et_block_module\"><div class=\"et_pb_text_inner\"><p>Adatkezel\u00e9s c\u00e9lja:<\/p>\n<p>L\u00e1togatotts\u00e1gi adatok m\u00e9r\u00e9se \u00e9s r\u00f6gz\u00edt\u00e9se, statisztik\u00e1k k\u00e9sz\u00edt\u00e9se.<\/p>\n<p>Kezelt adat:<\/p>\n<p>B\u00f6ng\u00e9sz\u00e9shez kapcsol\u00f3d\u00f3 adatok, \u00edgy k\u00fcl\u00f6n\u00f6sen felhaszn\u00e1l\u00f3i sz\u00e1m, felhaszn\u00e1l\u00f3i forr\u00e1s, aloldalak megtekint\u00e9se, l\u00e1togat\u00e1s id\u0151tartama, illetve tov\u00e1bbi, a Google Analytics funkci\u00f3inak le\u00edr\u00e1s\u00e1ban meghat\u00e1rozott inform\u00e1ci\u00f3k.<\/p>\n<p>Adatkezel\u00e9s jogalapja:<\/p>\n<p>A felhaszn\u00e1l\u00f3 el\u0151zetes t\u00e1j\u00e9koztat\u00e1son alapul\u00f3 kifejezett hozz\u00e1j\u00e1rul\u00e1sa. B\u00f6ng\u00e9sz\u0151ben felugr\u00f3 cookie nyilatkozat elfogad\u00e1s\u00e1val adhat meg.<\/p>\n<p>Adatkezel\u00e9s id\u0151tartama:<\/p>\n<p>A cookie-k \u00e1ltal r\u00f6gz\u00edtett adatokat legfeljebb 5 \u00e9vig t\u00e1rolja a T\u00e1rsas\u00e1g.<\/p>\n<\/div><\/div>\n\n<div class=\"et_pb_heading_9 et_pb_heading et_pb_module et_block_module\"><div class=\"et_pb_heading_container\"><h4 class=\"et_pb_module_header\">4.4. Viselked\u00e9si statisztika (Facebook Pixel)<\/h4><\/div><\/div>\n\n<div class=\"et_pb_text_6 et_pb_text et_pb_bg_layout_light et_pb_module et_block_module\"><div class=\"et_pb_text_inner\"><p>Facebook Pixel monitor how users interact with and move around once on the Site. These cookies let us know what features on the Site are working the best and what features on the Site can be improved.<\/p>\n<\/div><\/div>\n\n<div class=\"et_pb_heading_10 et_pb_heading et_pb_module et_block_module\"><div class=\"et_pb_heading_container\"><h3 class=\"et_pb_module_header\">5. Jogorvoslati lehet\u0151s\u00e9gek<\/h3><\/div><\/div>\n\n<div class=\"et_pb_text_7 et_pb_text et_pb_bg_layout_light et_pb_module et_block_module\"><div class=\"et_pb_text_inner\"><p>Ha \u00d6n \u00e9rintett \u00e9s gyakorolni k\u00edv\u00e1nja a GDPR \u00e9s az Info tv. (2011. \u00e9vi CXII. t\u00f6rv\u00e9ny) \u00e9rtelm\u00e9ben vett jogait, akkor az al\u00e1bbi el\u00e9rhet\u0151s\u00e9geken t\u00e1j\u00e9koz\u00f3dhat:<\/p>\n<p>Szem\u00e9lyes adatainak kezel\u00e9s\u00e9t, helyesb\u00edt\u00e9st, vagy t\u00f6rl\u00e9s\u00e9t a privacy@whiteshield.net email c\u00edmre vagy postai \u00faton k\u00e9rheti. Az ig\u00e9nyjelent\u00e9st\u0151l sz\u00e1m\u00edtva 15 napon bel\u00fcl az adatkezel\u0151 a panaszt kivizsg\u00e1lja \u00e9s \u00edr\u00e1sos t\u00e1j\u00e9koztat\u00f3t ny\u00fajt az ig\u00e9nybejelent\u0151 fel\u00e9.<\/p>\n<p>Az adatkezel\u0151 a szem\u00e9lyes adatot t\u00f6rli, ha:<\/p>\n<p>- ha az adatkezel\u00e9s jogellenes<br \/>- a r\u00f6gz\u00edtett adat t\u00e9ves vagy hi\u00e1nyos \u00e9s ezt az \u00e1llapotot jogszer\u0171en nem lehet orvosolni<br \/>- az \u00e9rintett k\u00e9ri<br \/>- az adatok t\u00f6rv\u00e9nyben meghat\u00e1rozott ideje lej\u00e1rt, vagy az adatkezel\u00e9s c\u00e9lja megsz\u0171nt (el\u00e9rte c\u00e9lj\u00e1t)<br \/>- b\u00edr\u00f3s\u00e1g vagy hat\u00f3s\u00e1g elrendelte<\/p>\n<p>Az al\u00e1bbi hat\u00f3s\u00e1gokhoz fordulhat panasz vagy \u00e9szrev\u00e9tel eset\u00e9n:<\/p>\n<p>- Whiteshield Kft. \/ 1142, Budapest Dorozsmai \u00fat 102\/B<br \/>- F\u0151v\u00e1rosi T\u00f6rv\u00e9nysz\u00e9k (1055 Budapest, Mark\u00f3 u. 27., illetve a lak\u00f3helye szerint illet\u00e9kes t\u00f6rv\u00e9nysz\u00e9k)<br \/>- Nemzeti Adatv\u00e9delmi \u00e9s Inform\u00e1ci\u00f3szabads\u00e1g Hat\u00f3s\u00e1g: 1530 Budapest, Szil\u00e1gyi Erzs\u00e9bet fasor 22\/C<\/p>\n<\/div><\/div>\n<\/div>\n<\/div>\n\n<div class=\"et_pb_row_2 et_pb_row et_block_row et_animated\" id=\"book_consult\">\n<div class=\"et_pb_column_2 et_pb_column et_pb_column_4_4 et-last-child et_block_column et_pb_css_mix_blend_mode_passthrough\">\n<div class=\"et_pb_cta_0 et_pb_promo et_pb_bg_layout_dark et_pb_module et_block_module\"><div class=\"et_pb_promo_description\"><h2 class=\"et_pb_module_header\">A biztons\u00e1g egy besz\u00e9lget\u00e9ssel kezd\u0151dik<\/h2><div class=\"et_pb_promo_content\"><p>Hagyjuk a sales sablonokat!<\/p>\n<p>Besz\u00e9lgess\u00fcnk \u00e9rdemben az \u00fczletmenet-folytonoss\u00e1gr\u00f3l \u00e9s a m\u0171k\u00f6d\u00e9si kock\u00e1zatokr\u00f3l!<\/p>\n<\/div><\/div><div class=\"et_pb_button_wrapper\"><a class=\"et_pb_button et_pb_promo_button\" href=\"https:\/\/jtdvcjaj.youcanbook.me\/\">Ingyenes 30 perces konzult\u00e1ci\u00f3<\/a><\/div><\/div>\n<\/div>\n<\/div>\n<\/div>","protected":false},"excerpt":{"rendered":"","protected":false},"author":1,"featured_media":0,"parent":0,"menu_order":0,"comment_status":"closed","ping_status":"closed","template":"","meta":{"content-type":"","footnotes":""},"class_list":["post-685","page","type-page","status-publish","hentry"],"yoast_head":"<!-- This site is optimized with the Yoast SEO plugin v27.5 - https:\/\/yoast.com\/product\/yoast-seo-wordpress\/ -->\n<title>Adatv\u00e9delmi \u00e9s adatkezel\u00e9si t\u00e1j\u00e9koztat\u00f3 - Whiteshield Ethical Hacking<\/title>\n<meta name=\"robots\" content=\"index, follow, max-snippet:-1, max-image-preview:large, max-video-preview:-1\" \/>\n<link rel=\"canonical\" href=\"https:\/\/www.whiteshield.net\/hu\/adatvedelmi-es-adatkezelesi-tajekoztato\/\" \/>\n<meta property=\"og:locale\" content=\"hu_HU\" \/>\n<meta property=\"og:type\" content=\"article\" \/>\n<meta property=\"og:title\" content=\"Adatv\u00e9delmi \u00e9s adatkezel\u00e9si t\u00e1j\u00e9koztat\u00f3 - Whiteshield Ethical Hacking\" \/>\n<meta property=\"og:url\" content=\"https:\/\/www.whiteshield.net\/hu\/adatvedelmi-es-adatkezelesi-tajekoztato\/\" \/>\n<meta property=\"og:site_name\" content=\"Whiteshield Ethical Hacking\" \/>\n<meta property=\"article:modified_time\" content=\"2026-03-02T14:43:40+00:00\" \/>\n<meta name=\"twitter:card\" content=\"summary_large_image\" \/>\n<script type=\"application\/ld+json\" class=\"yoast-schema-graph\">{\"@context\":\"https:\\\/\\\/schema.org\",\"@graph\":[{\"@type\":\"WebPage\",\"@id\":\"https:\\\/\\\/www.whiteshield.net\\\/hu\\\/adatvedelmi-es-adatkezelesi-tajekoztato\\\/\",\"url\":\"https:\\\/\\\/www.whiteshield.net\\\/hu\\\/adatvedelmi-es-adatkezelesi-tajekoztato\\\/\",\"name\":\"Adatv\u00e9delmi \u00e9s adatkezel\u00e9si t\u00e1j\u00e9koztat\u00f3 - Whiteshield Ethical Hacking\",\"isPartOf\":{\"@id\":\"https:\\\/\\\/www.whiteshield.net\\\/hu\\\/#website\"},\"datePublished\":\"2018-05-20T13:37:36+00:00\",\"dateModified\":\"2026-03-02T14:43:40+00:00\",\"breadcrumb\":{\"@id\":\"https:\\\/\\\/www.whiteshield.net\\\/hu\\\/adatvedelmi-es-adatkezelesi-tajekoztato\\\/#breadcrumb\"},\"inLanguage\":\"hu\",\"potentialAction\":[{\"@type\":\"ReadAction\",\"target\":[\"https:\\\/\\\/www.whiteshield.net\\\/hu\\\/adatvedelmi-es-adatkezelesi-tajekoztato\\\/\"]}]},{\"@type\":\"BreadcrumbList\",\"@id\":\"https:\\\/\\\/www.whiteshield.net\\\/hu\\\/adatvedelmi-es-adatkezelesi-tajekoztato\\\/#breadcrumb\",\"itemListElement\":[{\"@type\":\"ListItem\",\"position\":1,\"name\":\"Home\",\"item\":\"https:\\\/\\\/www.whiteshield.net\\\/hu\\\/\"},{\"@type\":\"ListItem\",\"position\":2,\"name\":\"Adatv\u00e9delmi \u00e9s adatkezel\u00e9si t\u00e1j\u00e9koztat\u00f3\"}]},{\"@type\":\"WebSite\",\"@id\":\"https:\\\/\\\/www.whiteshield.net\\\/hu\\\/#website\",\"url\":\"https:\\\/\\\/www.whiteshield.net\\\/hu\\\/\",\"name\":\"Whiteshield Ethical Hacking\",\"description\":\"Biztons\u00e1gi Szak\u00e9rt\u0151k\",\"potentialAction\":[{\"@type\":\"SearchAction\",\"target\":{\"@type\":\"EntryPoint\",\"urlTemplate\":\"https:\\\/\\\/www.whiteshield.net\\\/hu\\\/?s={search_term_string}\"},\"query-input\":{\"@type\":\"PropertyValueSpecification\",\"valueRequired\":true,\"valueName\":\"search_term_string\"}}],\"inLanguage\":\"hu\"}]}<\/script>\n<!-- \/ Yoast SEO plugin. -->","yoast_head_json":{"title":"Adatv\u00e9delmi \u00e9s adatkezel\u00e9si t\u00e1j\u00e9koztat\u00f3 - Whiteshield Ethical Hacking","robots":{"index":"index","follow":"follow","max-snippet":"max-snippet:-1","max-image-preview":"max-image-preview:large","max-video-preview":"max-video-preview:-1"},"canonical":"https:\/\/www.whiteshield.net\/hu\/adatvedelmi-es-adatkezelesi-tajekoztato\/","og_locale":"hu_HU","og_type":"article","og_title":"Adatv\u00e9delmi \u00e9s adatkezel\u00e9si t\u00e1j\u00e9koztat\u00f3 - Whiteshield Ethical Hacking","og_url":"https:\/\/www.whiteshield.net\/hu\/adatvedelmi-es-adatkezelesi-tajekoztato\/","og_site_name":"Whiteshield Ethical Hacking","article_modified_time":"2026-03-02T14:43:40+00:00","twitter_card":"summary_large_image","schema":{"@context":"https:\/\/schema.org","@graph":[{"@type":"WebPage","@id":"https:\/\/www.whiteshield.net\/hu\/adatvedelmi-es-adatkezelesi-tajekoztato\/","url":"https:\/\/www.whiteshield.net\/hu\/adatvedelmi-es-adatkezelesi-tajekoztato\/","name":"Adatv\u00e9delmi \u00e9s adatkezel\u00e9si t\u00e1j\u00e9koztat\u00f3 - Whiteshield Ethical Hacking","isPartOf":{"@id":"https:\/\/www.whiteshield.net\/hu\/#website"},"datePublished":"2018-05-20T13:37:36+00:00","dateModified":"2026-03-02T14:43:40+00:00","breadcrumb":{"@id":"https:\/\/www.whiteshield.net\/hu\/adatvedelmi-es-adatkezelesi-tajekoztato\/#breadcrumb"},"inLanguage":"hu","potentialAction":[{"@type":"ReadAction","target":["https:\/\/www.whiteshield.net\/hu\/adatvedelmi-es-adatkezelesi-tajekoztato\/"]}]},{"@type":"BreadcrumbList","@id":"https:\/\/www.whiteshield.net\/hu\/adatvedelmi-es-adatkezelesi-tajekoztato\/#breadcrumb","itemListElement":[{"@type":"ListItem","position":1,"name":"Home","item":"https:\/\/www.whiteshield.net\/hu\/"},{"@type":"ListItem","position":2,"name":"Adatv\u00e9delmi \u00e9s adatkezel\u00e9si t\u00e1j\u00e9koztat\u00f3"}]},{"@type":"WebSite","@id":"https:\/\/www.whiteshield.net\/hu\/#website","url":"https:\/\/www.whiteshield.net\/hu\/","name":"Whiteshield Ethical Hacking","description":"Biztons\u00e1gi Szak\u00e9rt\u0151k","potentialAction":[{"@type":"SearchAction","target":{"@type":"EntryPoint","urlTemplate":"https:\/\/www.whiteshield.net\/hu\/?s={search_term_string}"},"query-input":{"@type":"PropertyValueSpecification","valueRequired":true,"valueName":"search_term_string"}}],"inLanguage":"hu"}]}},"_links":{"self":[{"href":"https:\/\/www.whiteshield.net\/hu\/wp-json\/wp\/v2\/pages\/685","targetHints":{"allow":["GET"]}}],"collection":[{"href":"https:\/\/www.whiteshield.net\/hu\/wp-json\/wp\/v2\/pages"}],"about":[{"href":"https:\/\/www.whiteshield.net\/hu\/wp-json\/wp\/v2\/types\/page"}],"author":[{"embeddable":true,"href":"https:\/\/www.whiteshield.net\/hu\/wp-json\/wp\/v2\/users\/1"}],"replies":[{"embeddable":true,"href":"https:\/\/www.whiteshield.net\/hu\/wp-json\/wp\/v2\/comments?post=685"}],"version-history":[{"count":6,"href":"https:\/\/www.whiteshield.net\/hu\/wp-json\/wp\/v2\/pages\/685\/revisions"}],"predecessor-version":[{"id":238929,"href":"https:\/\/www.whiteshield.net\/hu\/wp-json\/wp\/v2\/pages\/685\/revisions\/238929"}],"wp:attachment":[{"href":"https:\/\/www.whiteshield.net\/hu\/wp-json\/wp\/v2\/media?parent=685"}],"curies":[{"name":"wp","href":"https:\/\/api.w.org\/{rel}","templated":true}]}}