{"id":525,"date":"2016-10-16T21:53:13","date_gmt":"2016-10-16T19:53:13","guid":{"rendered":"https:\/\/www.whiteshield.net\/hu\/?page_id=525"},"modified":"2018-09-02T16:36:46","modified_gmt":"2018-09-02T14:36:46","slug":"esztergom","status":"publish","type":"page","link":"https:\/\/www.whiteshield.net\/hu\/esztergom\/","title":{"rendered":"Esztergom"},"content":{"rendered":"<div class=\"et_d4_element et_pb_section et_pb_section_0  et_pb_css_mix_blend_mode et_section_regular et_block_section\" >\n\t\t\t\t\n\t\t\t\t\n\t\t\t\t\n\t\t\t\t\n\t\t\t\t\n\t\t\t\t\n\t\t\t\t<div class=\"et_d4_element et_pb_row et_pb_row_0  et_pb_css_mix_blend_mode et_block_row\">\n\t\t\t\t<div class=\"et_d4_element et_pb_column_4_4 et_pb_column et_pb_column_0  et_pb_css_mix_blend_mode et-last-child et_block_column\">\n\t\t\t\t\n\t\t\t\t\n\t\t\t\t\n\t\t\t\t\n\t\t\t\t<div class=\"et_pb_module et_d4_element et_pb_text et_pb_text_0  et_pb_text_align_left et_pb_bg_layout_light\">\n\t\t\t\t\n\t\t\t\t\n\t\t\t\t\n\t\t\t\t\n\t\t\t\t<div class=\"et_pb_text_inner\"><h1>Whiteshield Iroda Esztergom<\/h1><\/div>\n\t\t\t<\/div>\n\t\t\t<\/div>\n\t\t\t\t\n\t\t\t\t\n\t\t\t\t\n\t\t\t\t\n\t\t\t<\/div><div class=\"et_d4_element et_pb_row et_pb_row_1  et_pb_css_mix_blend_mode et_block_row\">\n\t\t\t\t<div class=\"et_d4_element et_pb_column_1_3 et_pb_column et_pb_column_1  et_pb_css_mix_blend_mode et_block_column\">\n\t\t\t\t\n\t\t\t\t\n\t\t\t\t\n\t\t\t\t\n\t\t\t\t<div class=\"et_pb_module et_d4_element et_pb_text et_pb_text_1  et_pb_text_align_left et_pb_bg_layout_light\">\n\t\t\t\t\n\t\t\t\t\n\t\t\t\t\n\t\t\t\t\n\t\t\t\t<div class=\"et_pb_text_inner\"><p>Az iroda hivatalos c\u00edme 2500 Esztergom, Szent Tam\u00e1s u. 1., II. emelet 130., 130-as kapucseng\u0151. Sajnos az \u00fatvonaltervez\u0151k ezt a c\u00edmet nem ismerik, ez\u00e9rt a legk\u00f6zelebbi \u00fatvonaltervez\u00e9sre javasolt c\u00edm:  2500 Esztergom, Magyary L\u00e1szl\u00f3 u. 1. Geokordin\u00e1t\u00e1k: 47.7953857,18.74452<\/p>\n<p>A Kucklander Irodah\u00e1z egy sarok\u00e9p\u00fclet, a Whiteshield iroda a m\u00e1sodik emeleten, a tet\u0151t\u00e9rben tal\u00e1lhat\u00f3.<\/p>\n<p>Az irodah\u00e1zba bel\u00e9pve az ajt\u00f3val szembeni, jobb oldali l\u00e9pcs\u0151n kell felmenni, majd a l\u00e9pcs\u0151 tetej\u00e9n balra elindulni, az iroda a folyos\u00f3 kanyar ut\u00e1n tal\u00e1lhat\u00f3, bal oldalon.<\/p>\n<p>Ingyenes parkol\u00e1si lehet\u0151s\u00e9g az iroda feletti ipari ter\u00fcleten lehets\u00e9ges, a k\u00f6rnyez\u0151 utc\u00e1kon parkol\u00e1si d\u00edjat NEM kell fizetni.<\/p><\/div>\n\t\t\t<\/div>\n\t\t\t<\/div><div class=\"et_d4_element et_pb_column_2_3 et_pb_column et_pb_column_2  et_pb_css_mix_blend_mode et-last-child et_block_column\">\n\t\t\t\t\n\t\t\t\t\n\t\t\t\t\n\t\t\t\t\n\t\t\t\t<div class=\"et_pb_module et_d4_element et_pb_map_0  et_pb_css_mix_blend_mode et_pb_map_container\">\n\t\t\t\t\n\t\t\t\t\n\t\t\t\t\n\t\t\t\t\n\t\t\t\t<div class=\"et_pb_map\" data-center-lat=\"47.795147\" data-center-lng=\"18.744737999999984\" data-zoom=\"17\" data-mouse-wheel=\"on\" data-mobile-dragging=\"on\"><\/div>\n\t\t\t\t<div class=\"et_pb_map_pin\" data-lat=\"47.795437978197384\" data-lng=\"18.744646388885485\" data-title=\"Whiteshield Iroda\">\n\t\t\t\t<h3 style=\"margin-top:10px\">Whiteshield Iroda<\/h3>\n\t\t\t\t<div class=\"infowindow\"><\/div>\n\t\t\t<\/div><div class=\"et_pb_map_pin\" data-lat=\"47.795651463407694\" data-lng=\"18.74495869080738\" data-title=\"Parkol\u00e1si lehet\u0151s\u00e9g\">\n\t\t\t\t<h3 style=\"margin-top:10px\">Parkol\u00e1si lehet\u0151s\u00e9g<\/h3>\n\t\t\t\t<div class=\"infowindow\"><\/div>\n\t\t\t<\/div>\n\t\t\t<\/div>\n\t\t\t<\/div>\n\t\t\t\t\n\t\t\t\t\n\t\t\t\t\n\t\t\t\t\n\t\t\t<\/div>\n\t\t\t\t\n\t\t\t\t\n\t\t\t<\/div>\n","protected":false},"excerpt":{"rendered":"","protected":false},"author":1,"featured_media":0,"parent":0,"menu_order":0,"comment_status":"closed","ping_status":"closed","template":"","meta":{"content-type":"","_et_pb_use_builder":"on","_et_pb_old_content":"","_et_gb_content_width":"","footnotes":""},"class_list":["post-525","page","type-page","status-publish","hentry"],"yoast_head":"<!-- This site is optimized with the Yoast SEO plugin v27.3 - https:\/\/yoast.com\/product\/yoast-seo-wordpress\/ -->\n<title>Esztergom - Whiteshield Ethical Hacking<\/title>\n<meta name=\"robots\" content=\"index, follow, max-snippet:-1, max-image-preview:large, max-video-preview:-1\" \/>\n<link rel=\"canonical\" href=\"https:\/\/www.whiteshield.net\/hu\/esztergom\/\" \/>\n<meta property=\"og:locale\" content=\"hu_HU\" \/>\n<meta property=\"og:type\" content=\"article\" \/>\n<meta property=\"og:title\" content=\"Esztergom - Whiteshield Ethical Hacking\" \/>\n<meta property=\"og:url\" content=\"https:\/\/www.whiteshield.net\/hu\/esztergom\/\" \/>\n<meta property=\"og:site_name\" content=\"Whiteshield Ethical Hacking\" \/>\n<meta property=\"article:modified_time\" content=\"2018-09-02T14:36:46+00:00\" \/>\n<meta name=\"twitter:card\" content=\"summary_large_image\" \/>\n<meta name=\"twitter:label1\" content=\"Becs\u00fclt olvas\u00e1si id\u0151\" \/>\n\t<meta name=\"twitter:data1\" content=\"2 perc\" \/>\n<script type=\"application\/ld+json\" class=\"yoast-schema-graph\">{\"@context\":\"https:\\\/\\\/schema.org\",\"@graph\":[{\"@type\":\"WebPage\",\"@id\":\"https:\\\/\\\/www.whiteshield.net\\\/hu\\\/esztergom\\\/\",\"url\":\"https:\\\/\\\/www.whiteshield.net\\\/hu\\\/esztergom\\\/\",\"name\":\"Esztergom - Whiteshield Ethical Hacking\",\"isPartOf\":{\"@id\":\"https:\\\/\\\/www.whiteshield.net\\\/hu\\\/#website\"},\"datePublished\":\"2016-10-16T19:53:13+00:00\",\"dateModified\":\"2018-09-02T14:36:46+00:00\",\"breadcrumb\":{\"@id\":\"https:\\\/\\\/www.whiteshield.net\\\/hu\\\/esztergom\\\/#breadcrumb\"},\"inLanguage\":\"hu\",\"potentialAction\":[{\"@type\":\"ReadAction\",\"target\":[\"https:\\\/\\\/www.whiteshield.net\\\/hu\\\/esztergom\\\/\"]}]},{\"@type\":\"BreadcrumbList\",\"@id\":\"https:\\\/\\\/www.whiteshield.net\\\/hu\\\/esztergom\\\/#breadcrumb\",\"itemListElement\":[{\"@type\":\"ListItem\",\"position\":1,\"name\":\"Home\",\"item\":\"https:\\\/\\\/www.whiteshield.net\\\/hu\\\/\"},{\"@type\":\"ListItem\",\"position\":2,\"name\":\"Esztergom\"}]},{\"@type\":\"WebSite\",\"@id\":\"https:\\\/\\\/www.whiteshield.net\\\/hu\\\/#website\",\"url\":\"https:\\\/\\\/www.whiteshield.net\\\/hu\\\/\",\"name\":\"Whiteshield Ethical Hacking\",\"description\":\"Pentest Experts\",\"potentialAction\":[{\"@type\":\"SearchAction\",\"target\":{\"@type\":\"EntryPoint\",\"urlTemplate\":\"https:\\\/\\\/www.whiteshield.net\\\/hu\\\/?s={search_term_string}\"},\"query-input\":{\"@type\":\"PropertyValueSpecification\",\"valueRequired\":true,\"valueName\":\"search_term_string\"}}],\"inLanguage\":\"hu\"}]}<\/script>\n<!-- \/ Yoast SEO plugin. -->","yoast_head_json":{"title":"Esztergom - Whiteshield Ethical Hacking","robots":{"index":"index","follow":"follow","max-snippet":"max-snippet:-1","max-image-preview":"max-image-preview:large","max-video-preview":"max-video-preview:-1"},"canonical":"https:\/\/www.whiteshield.net\/hu\/esztergom\/","og_locale":"hu_HU","og_type":"article","og_title":"Esztergom - Whiteshield Ethical Hacking","og_url":"https:\/\/www.whiteshield.net\/hu\/esztergom\/","og_site_name":"Whiteshield Ethical Hacking","article_modified_time":"2018-09-02T14:36:46+00:00","twitter_card":"summary_large_image","twitter_misc":{"Becs\u00fclt olvas\u00e1si id\u0151":"2 perc"},"schema":{"@context":"https:\/\/schema.org","@graph":[{"@type":"WebPage","@id":"https:\/\/www.whiteshield.net\/hu\/esztergom\/","url":"https:\/\/www.whiteshield.net\/hu\/esztergom\/","name":"Esztergom - Whiteshield Ethical Hacking","isPartOf":{"@id":"https:\/\/www.whiteshield.net\/hu\/#website"},"datePublished":"2016-10-16T19:53:13+00:00","dateModified":"2018-09-02T14:36:46+00:00","breadcrumb":{"@id":"https:\/\/www.whiteshield.net\/hu\/esztergom\/#breadcrumb"},"inLanguage":"hu","potentialAction":[{"@type":"ReadAction","target":["https:\/\/www.whiteshield.net\/hu\/esztergom\/"]}]},{"@type":"BreadcrumbList","@id":"https:\/\/www.whiteshield.net\/hu\/esztergom\/#breadcrumb","itemListElement":[{"@type":"ListItem","position":1,"name":"Home","item":"https:\/\/www.whiteshield.net\/hu\/"},{"@type":"ListItem","position":2,"name":"Esztergom"}]},{"@type":"WebSite","@id":"https:\/\/www.whiteshield.net\/hu\/#website","url":"https:\/\/www.whiteshield.net\/hu\/","name":"Whiteshield Ethical Hacking","description":"Pentest Experts","potentialAction":[{"@type":"SearchAction","target":{"@type":"EntryPoint","urlTemplate":"https:\/\/www.whiteshield.net\/hu\/?s={search_term_string}"},"query-input":{"@type":"PropertyValueSpecification","valueRequired":true,"valueName":"search_term_string"}}],"inLanguage":"hu"}]}},"_links":{"self":[{"href":"https:\/\/www.whiteshield.net\/hu\/wp-json\/wp\/v2\/pages\/525","targetHints":{"allow":["GET"]}}],"collection":[{"href":"https:\/\/www.whiteshield.net\/hu\/wp-json\/wp\/v2\/pages"}],"about":[{"href":"https:\/\/www.whiteshield.net\/hu\/wp-json\/wp\/v2\/types\/page"}],"author":[{"embeddable":true,"href":"https:\/\/www.whiteshield.net\/hu\/wp-json\/wp\/v2\/users\/1"}],"replies":[{"embeddable":true,"href":"https:\/\/www.whiteshield.net\/hu\/wp-json\/wp\/v2\/comments?post=525"}],"version-history":[{"count":13,"href":"https:\/\/www.whiteshield.net\/hu\/wp-json\/wp\/v2\/pages\/525\/revisions"}],"predecessor-version":[{"id":814,"href":"https:\/\/www.whiteshield.net\/hu\/wp-json\/wp\/v2\/pages\/525\/revisions\/814"}],"wp:attachment":[{"href":"https:\/\/www.whiteshield.net\/hu\/wp-json\/wp\/v2\/media?parent=525"}],"curies":[{"name":"wp","href":"https:\/\/api.w.org\/{rel}","templated":true}]}}