{"id":2242,"date":"2025-04-16T18:52:37","date_gmt":"2025-04-16T16:52:37","guid":{"rendered":"https:\/\/www.whiteshield.net\/szolgaltatasaink\/jelentes\/"},"modified":"2026-03-18T16:37:38","modified_gmt":"2026-03-18T15:37:38","slug":"jelentes","status":"publish","type":"page","link":"https:\/\/www.whiteshield.net\/hu\/szolgaltatasaink\/jelentes\/","title":{"rendered":"Jelent\u00e9s"},"content":{"rendered":"<div class=\"et_pb_section_0 et_pb_section et_section_regular et_flex_section\">\n<div class=\"et_pb_row_0 et_pb_row et_block_row\">\n<div class=\"et_pb_column_0 et_pb_column et_pb_column_4_4 et-last-child et_block_column et_pb_css_mix_blend_mode_passthrough\">\n<div class=\"et_pb_heading_0 et_pb_heading et_animated et_pb_module et_block_module\"><div class=\"et_pb_heading_container\"><h1 class=\"et_pb_module_header\">Jelent\u00e9s<\/h1><\/div><\/div>\n\n<div class=\"et_pb_text_0 et_pb_text et_pb_bg_layout_light et_pb_module et_block_module\"><div class=\"et_pb_text_inner\"><p style=\"text-align: center;\">K\u00fcl\u00f6n\u00f6sen b\u00fcszk\u00e9k vagyunk penetr\u00e1ci\u00f3s tesztel\u00e9si jelent\u00e9seinkre, mivel meggy\u0151z\u0151d\u00e9s\u00fcnk, hogy a jelent\u00e9sk\u00e9sz\u00edt\u00e9s a tesztel\u00e9s egyik legkritikusabb szakasza. Jelent\u00e9sstrukt\u00far\u00e1nkat \u00fagy alak\u00edtottuk ki, hogy sz\u00ednk\u00f3dolt \u00e9s grafikus form\u00e1ban, j\u00f3l \u00e1ttekinthet\u0151 m\u00f3don jelen\u00edtse meg a vizsg\u00e1lat eredm\u00e9nyeit, \u00edgy minden szint\u0171 c\u00e9lk\u00f6z\u00f6ns\u00e9g sz\u00e1m\u00e1ra \u00e9rthet\u0151 \u00e9s haszn\u00e1lhat\u00f3 legyen \u2013 az \u00fczleti vezet\u0151kt\u0151l kezdve a fejleszt\u0151k\u00f6n \u00e1t eg\u00e9szen a rendszergazd\u00e1kig.<\/p>\n<\/div><\/div>\n\n<div class=\"et_pb_module et_pb_button_module_wrapper et_pb_button_0_wrapper\"><a class=\"et_pb_button_0 et_pb_button et_pb_bg_layout_dark et_pb_module et_block_module\" href=\"#book_consult\" data-icon=\"&quot;\">Foglaljon id\u0151pontot!<\/a><\/div>\n<\/div>\n<\/div>\n\n<div class=\"et_pb_row_1 et_pb_row et_flex_row et_animated\">\n<div class=\"et_pb_column_1 et_pb_column et-last-child et_flex_column et_pb_css_mix_blend_mode_passthrough et_flex_column_24_24 et_flex_column_24_24_tablet et_flex_column_24_24_phone et_flex_column_24_24_phoneWide et_flex_column_24_24_tabletWide et_flex_column_24_24_widescreen et_flex_column_24_24_ultraWide\">\n<div class=\"et_pb_heading_1 et_pb_heading et_pb_module et_block_module\"><div class=\"et_pb_heading_container\"><h3 class=\"et_pb_module_header\">Professzion\u00e1lis penetr\u00e1ci\u00f3s teszt riport \u2013 \u00c1tl\u00e1that\u00f3, m\u00e9lyrehat\u00f3, \u00fajratesztelhet\u0151<\/h3><\/div><\/div>\n\n<div class=\"et_pb_text_1 et_pb_text et_pb_bg_layout_light et_pb_module et_block_module\"><div class=\"et_pb_text_inner\"><p><span>A megfelel\u0151 dokument\u00e1ci\u00f3 kiemelten fontos, hiszen struktur\u00e1lt form\u00e1ban r\u00f6gz\u00edti a penetr\u00e1ci\u00f3s tesztel\u00e9s eredm\u00e9nyeit az \u00e9rt\u00e9kel\u00e9si folyamat lez\u00e1rulta ut\u00e1n. A riport elej\u00e9n\u00a0<\/span><strong data-start=\"512\" data-end=\"537\">vezet\u0151i \u00f6sszefoglal\u00f3t<\/strong><span>\u00a0k\u00e9sz\u00edt\u00fcnk azok sz\u00e1m\u00e1ra, akik nem k\u00edv\u00e1nnak belemer\u00fclni a technikai r\u00e9szletekbe \u2013 ez lehet\u0151v\u00e9 teszi a menedzsment sz\u00e1m\u00e1ra a gyors helyzet\u00e9rt\u00e9kel\u00e9st \u00e9s d\u00f6nt\u00e9shozatalt.<\/span><\/p>\n<p class=\"\" data-start=\"704\" data-end=\"1054\">Ezt k\u00f6veti egy<span>\u00a0<\/span><strong data-start=\"719\" data-end=\"750\">r\u00e9szletes technikai elemz\u00e9s<\/strong>, amely l\u00e9p\u00e9sr\u0151l l\u00e9p\u00e9sre bemutatja az elv\u00e9gzett teszteket, a felt\u00e1rt sebezhet\u0151s\u00e9geket, azok s\u00falyoss\u00e1g\u00e1t \u00e9s lehets\u00e9ges kihaszn\u00e1l\u00e1si m\u00f3djait. Minden sikeres exploit k\u00eds\u00e9rlet\u00fcnket<span>\u00a0<\/span><strong data-start=\"927\" data-end=\"953\">Proof of Concept (POC)<\/strong><span>\u00a0<\/span>form\u00e1ban dokument\u00e1ljuk, hogy az \u00e9rintett hib\u00e1k k\u00f6nnyen \u00fajratesztelhet\u0151k \u00e9s reproduk\u00e1lhat\u00f3k legyenek.<\/p>\n<p class=\"\" data-start=\"1056\" data-end=\"1236\">A riport szerves r\u00e9sze a<span>\u00a0<\/span><strong data-start=\"1081\" data-end=\"1111\">javasolt jav\u00edt\u00e1si \u00fatmutat\u00f3<\/strong>, amely nemcsak az azonnali hibakezel\u00e9sre koncentr\u00e1l, hanem a hossz\u00fa t\u00e1v\u00fa<span>\u00a0<\/span><strong data-start=\"1185\" data-end=\"1223\">megel\u0151z\u0151 biztons\u00e1gi int\u00e9zked\u00e9sekre<\/strong><span>\u00a0<\/span>is f\u00f3kusz\u00e1l.<\/p>\n<\/div><\/div>\n\n<div class=\"et_pb_heading_2 et_pb_heading et_pb_module et_block_module\"><div class=\"et_pb_heading_container\"><h3 class=\"et_pb_module_header\">K\u00edv\u00e1ncsi vagy, hogyan n\u00e9z ki egy penetr\u00e1ci\u00f3s teszt jelent\u00e9s?<\/h3><\/div><\/div>\n\n<div class=\"et_pb_text_2 et_pb_text et_pb_bg_layout_light et_pb_module et_block_module\"><div class=\"et_pb_text_inner\"><p>T\u00f6ltsd le <strong>mintariportunkat<\/strong> ellen\u0151rz\u00e9s ut\u00e1n, \u00e9s n\u00e9zd meg, milyen m\u00e9lys\u00e9gig vizsg\u00e1lunk, valamint milyen adatokat kapsz k\u00e9zhez a tesztel\u00e9s eredm\u00e9nyek\u00e9nt.<\/p>\n<p><strong>A jelent\u00e9smint\u00e1t kiz\u00e1r\u00f3lag v\u00e1llalati e-mail c\u00edmre k\u00fcldj\u00fck<\/strong>. A hiteles\u00edtett k\u00e9r\u00e9sek egy munkanapon bel\u00fcl megkapj\u00e1k a mintariport let\u00f6lt\u00e9si linkj\u00e9t. Ha az e-mail nem \u00e9rkezik meg az els\u0151dleges postal\u00e1d\u00e1dba, k\u00e9rj\u00fck, ellen\u0151rizd a spam mapp\u00e1dat is.<\/p>\n<\/div><\/div>\n<\/div>\n<\/div>\n\n<div class=\"et_pb_row_2 et_pb_row et_block_row et_animated\" id=\"book_consult\">\n<div class=\"et_pb_column_2 et_pb_column et_pb_column_4_4 et-last-child et_block_column et_pb_css_mix_blend_mode_passthrough\">\n<div class=\"et_pb_cta_0 et_pb_promo et_pb_bg_layout_dark et_clickable et_pb_module et_block_module\"><div class=\"et_pb_promo_description\"><h2 class=\"et_pb_module_header\">Security Starts With a Conversation<\/h2><div class=\"et_pb_promo_content\"><p>Skip the sales pitch. Have a high-level conversation about your business<br \/>continuity and operational risk.<\/p>\n<\/div><\/div><div class=\"et_pb_button_wrapper\"><a class=\"et_pb_button et_pb_promo_button\" href=\"https:\/\/whiteshield.youcanbook.me\/\">Book a 30-Minute Consultation<\/a><\/div><\/div>\n<\/div>\n<\/div>\n<\/div>","protected":false},"excerpt":{"rendered":"<p>K\u00fcl\u00f6n\u00f6sen b\u00fcszk\u00e9k vagyunk penetr\u00e1ci\u00f3s tesztel\u00e9si jelent\u00e9seinkre, mivel meggy\u0151z\u0151d\u00e9s\u00fcnk, hogy a jelent\u00e9sk\u00e9sz\u00edt\u00e9s a tesztel\u00e9s egyik legkritikusabb szakasza. Jelent\u00e9sstrukt\u00far\u00e1nkat \u00fagy alak\u00edtottuk ki, hogy sz\u00ednk\u00f3dolt \u00e9s grafikus form\u00e1ban, j\u00f3l \u00e1ttekinthet\u0151 m\u00f3don jelen\u00edtse meg a vizsg\u00e1lat eredm\u00e9nyeit, \u00edgy minden szint\u0171 c\u00e9lk\u00f6z\u00f6ns\u00e9g sz\u00e1m\u00e1ra \u00e9rthet\u0151 \u00e9s haszn\u00e1lhat\u00f3 legyen \u2013 az \u00fczleti vezet\u0151kt\u0151l kezdve a fejleszt\u0151k\u00f6n \u00e1t eg\u00e9szen a rendszergazd\u00e1kig.<\/p>\n","protected":false},"author":1,"featured_media":1012,"parent":2076,"menu_order":100,"comment_status":"closed","ping_status":"closed","template":"","meta":{"content-type":"","footnotes":""},"class_list":["post-2242","page","type-page","status-publish","has-post-thumbnail","hentry"],"yoast_head":"<!-- This site is optimized with the Yoast SEO plugin v27.5 - https:\/\/yoast.com\/product\/yoast-seo-wordpress\/ -->\n<title>Jelent\u00e9s - Whiteshield Ethical Hacking<\/title>\n<meta name=\"description\" content=\"Penetr\u00e1ci\u00f3s teszt riport vezet\u0151i \u00f6sszefoglal\u00f3val, technikai r\u00e9szletekkel \u00e9s jav\u00edt\u00e1si javaslatokkal \u2013 let\u00f6lthet\u0151 minta v\u00e1llalati \u00fcgyfeleknek.\" \/>\n<meta name=\"robots\" content=\"index, follow, max-snippet:-1, max-image-preview:large, max-video-preview:-1\" \/>\n<link rel=\"canonical\" href=\"https:\/\/www.whiteshield.net\/hu\/szolgaltatasaink\/jelentes\/\" \/>\n<meta property=\"og:locale\" content=\"hu_HU\" \/>\n<meta property=\"og:type\" content=\"article\" \/>\n<meta property=\"og:title\" content=\"Jelent\u00e9s - Whiteshield Ethical Hacking\" \/>\n<meta property=\"og:description\" content=\"Penetr\u00e1ci\u00f3s teszt riport vezet\u0151i \u00f6sszefoglal\u00f3val, technikai r\u00e9szletekkel \u00e9s jav\u00edt\u00e1si javaslatokkal \u2013 let\u00f6lthet\u0151 minta v\u00e1llalati \u00fcgyfeleknek.\" \/>\n<meta property=\"og:url\" content=\"https:\/\/www.whiteshield.net\/hu\/szolgaltatasaink\/jelentes\/\" \/>\n<meta property=\"og:site_name\" content=\"Whiteshield Ethical Hacking\" \/>\n<meta property=\"article:modified_time\" content=\"2026-03-18T15:37:38+00:00\" \/>\n<meta property=\"og:image\" content=\"https:\/\/www.whiteshield.net\/wp-content\/uploads\/2020\/02\/reporting.png\" \/>\n\t<meta property=\"og:image:width\" content=\"640\" \/>\n\t<meta property=\"og:image:height\" content=\"480\" \/>\n\t<meta property=\"og:image:type\" content=\"image\/png\" \/>\n<meta name=\"twitter:card\" content=\"summary_large_image\" \/>\n<meta name=\"twitter:label1\" content=\"Becs\u00fclt olvas\u00e1si id\u0151\" \/>\n\t<meta name=\"twitter:data1\" content=\"1 perc\" \/>\n<script type=\"application\/ld+json\" class=\"yoast-schema-graph\">{\"@context\":\"https:\\\/\\\/schema.org\",\"@graph\":[{\"@type\":\"WebPage\",\"@id\":\"https:\\\/\\\/www.whiteshield.net\\\/hu\\\/szolgaltatasaink\\\/jelentes\\\/\",\"url\":\"https:\\\/\\\/www.whiteshield.net\\\/hu\\\/szolgaltatasaink\\\/jelentes\\\/\",\"name\":\"Jelent\u00e9s - Whiteshield Ethical Hacking\",\"isPartOf\":{\"@id\":\"https:\\\/\\\/www.whiteshield.net\\\/hu\\\/#website\"},\"primaryImageOfPage\":{\"@id\":\"https:\\\/\\\/www.whiteshield.net\\\/hu\\\/szolgaltatasaink\\\/jelentes\\\/#primaryimage\"},\"image\":{\"@id\":\"https:\\\/\\\/www.whiteshield.net\\\/hu\\\/szolgaltatasaink\\\/jelentes\\\/#primaryimage\"},\"thumbnailUrl\":\"https:\\\/\\\/www.whiteshield.net\\\/wp-content\\\/uploads\\\/2020\\\/02\\\/reporting.png\",\"datePublished\":\"2025-04-16T16:52:37+00:00\",\"dateModified\":\"2026-03-18T15:37:38+00:00\",\"description\":\"Penetr\u00e1ci\u00f3s teszt riport vezet\u0151i \u00f6sszefoglal\u00f3val, technikai r\u00e9szletekkel \u00e9s jav\u00edt\u00e1si javaslatokkal \u2013 let\u00f6lthet\u0151 minta v\u00e1llalati \u00fcgyfeleknek.\",\"breadcrumb\":{\"@id\":\"https:\\\/\\\/www.whiteshield.net\\\/hu\\\/szolgaltatasaink\\\/jelentes\\\/#breadcrumb\"},\"inLanguage\":\"hu\",\"potentialAction\":[{\"@type\":\"ReadAction\",\"target\":[\"https:\\\/\\\/www.whiteshield.net\\\/hu\\\/szolgaltatasaink\\\/jelentes\\\/\"]}]},{\"@type\":\"ImageObject\",\"inLanguage\":\"hu\",\"@id\":\"https:\\\/\\\/www.whiteshield.net\\\/hu\\\/szolgaltatasaink\\\/jelentes\\\/#primaryimage\",\"url\":\"https:\\\/\\\/www.whiteshield.net\\\/wp-content\\\/uploads\\\/2020\\\/02\\\/reporting.png\",\"contentUrl\":\"https:\\\/\\\/www.whiteshield.net\\\/wp-content\\\/uploads\\\/2020\\\/02\\\/reporting.png\",\"width\":640,\"height\":480},{\"@type\":\"BreadcrumbList\",\"@id\":\"https:\\\/\\\/www.whiteshield.net\\\/hu\\\/szolgaltatasaink\\\/jelentes\\\/#breadcrumb\",\"itemListElement\":[{\"@type\":\"ListItem\",\"position\":1,\"name\":\"Home\",\"item\":\"https:\\\/\\\/www.whiteshield.net\\\/hu\\\/\"},{\"@type\":\"ListItem\",\"position\":2,\"name\":\"Szolg\u00e1ltat\u00e1saink\",\"item\":\"https:\\\/\\\/www.whiteshield.net\\\/hu\\\/szolgaltatasaink\\\/\"},{\"@type\":\"ListItem\",\"position\":3,\"name\":\"Jelent\u00e9s\"}]},{\"@type\":\"WebSite\",\"@id\":\"https:\\\/\\\/www.whiteshield.net\\\/hu\\\/#website\",\"url\":\"https:\\\/\\\/www.whiteshield.net\\\/hu\\\/\",\"name\":\"Whiteshield Ethical Hacking\",\"description\":\"Biztons\u00e1gi Szak\u00e9rt\u0151k\",\"potentialAction\":[{\"@type\":\"SearchAction\",\"target\":{\"@type\":\"EntryPoint\",\"urlTemplate\":\"https:\\\/\\\/www.whiteshield.net\\\/hu\\\/?s={search_term_string}\"},\"query-input\":{\"@type\":\"PropertyValueSpecification\",\"valueRequired\":true,\"valueName\":\"search_term_string\"}}],\"inLanguage\":\"hu\"}]}<\/script>\n<!-- \/ Yoast SEO plugin. -->","yoast_head_json":{"title":"Jelent\u00e9s - Whiteshield Ethical Hacking","description":"Penetr\u00e1ci\u00f3s teszt riport vezet\u0151i \u00f6sszefoglal\u00f3val, technikai r\u00e9szletekkel \u00e9s jav\u00edt\u00e1si javaslatokkal \u2013 let\u00f6lthet\u0151 minta v\u00e1llalati \u00fcgyfeleknek.","robots":{"index":"index","follow":"follow","max-snippet":"max-snippet:-1","max-image-preview":"max-image-preview:large","max-video-preview":"max-video-preview:-1"},"canonical":"https:\/\/www.whiteshield.net\/hu\/szolgaltatasaink\/jelentes\/","og_locale":"hu_HU","og_type":"article","og_title":"Jelent\u00e9s - Whiteshield Ethical Hacking","og_description":"Penetr\u00e1ci\u00f3s teszt riport vezet\u0151i \u00f6sszefoglal\u00f3val, technikai r\u00e9szletekkel \u00e9s jav\u00edt\u00e1si javaslatokkal \u2013 let\u00f6lthet\u0151 minta v\u00e1llalati \u00fcgyfeleknek.","og_url":"https:\/\/www.whiteshield.net\/hu\/szolgaltatasaink\/jelentes\/","og_site_name":"Whiteshield Ethical Hacking","article_modified_time":"2026-03-18T15:37:38+00:00","og_image":[{"width":640,"height":480,"url":"https:\/\/www.whiteshield.net\/wp-content\/uploads\/2020\/02\/reporting.png","type":"image\/png"}],"twitter_card":"summary_large_image","twitter_misc":{"Becs\u00fclt olvas\u00e1si id\u0151":"1 perc"},"schema":{"@context":"https:\/\/schema.org","@graph":[{"@type":"WebPage","@id":"https:\/\/www.whiteshield.net\/hu\/szolgaltatasaink\/jelentes\/","url":"https:\/\/www.whiteshield.net\/hu\/szolgaltatasaink\/jelentes\/","name":"Jelent\u00e9s - Whiteshield Ethical Hacking","isPartOf":{"@id":"https:\/\/www.whiteshield.net\/hu\/#website"},"primaryImageOfPage":{"@id":"https:\/\/www.whiteshield.net\/hu\/szolgaltatasaink\/jelentes\/#primaryimage"},"image":{"@id":"https:\/\/www.whiteshield.net\/hu\/szolgaltatasaink\/jelentes\/#primaryimage"},"thumbnailUrl":"https:\/\/www.whiteshield.net\/wp-content\/uploads\/2020\/02\/reporting.png","datePublished":"2025-04-16T16:52:37+00:00","dateModified":"2026-03-18T15:37:38+00:00","description":"Penetr\u00e1ci\u00f3s teszt riport vezet\u0151i \u00f6sszefoglal\u00f3val, technikai r\u00e9szletekkel \u00e9s jav\u00edt\u00e1si javaslatokkal \u2013 let\u00f6lthet\u0151 minta v\u00e1llalati \u00fcgyfeleknek.","breadcrumb":{"@id":"https:\/\/www.whiteshield.net\/hu\/szolgaltatasaink\/jelentes\/#breadcrumb"},"inLanguage":"hu","potentialAction":[{"@type":"ReadAction","target":["https:\/\/www.whiteshield.net\/hu\/szolgaltatasaink\/jelentes\/"]}]},{"@type":"ImageObject","inLanguage":"hu","@id":"https:\/\/www.whiteshield.net\/hu\/szolgaltatasaink\/jelentes\/#primaryimage","url":"https:\/\/www.whiteshield.net\/wp-content\/uploads\/2020\/02\/reporting.png","contentUrl":"https:\/\/www.whiteshield.net\/wp-content\/uploads\/2020\/02\/reporting.png","width":640,"height":480},{"@type":"BreadcrumbList","@id":"https:\/\/www.whiteshield.net\/hu\/szolgaltatasaink\/jelentes\/#breadcrumb","itemListElement":[{"@type":"ListItem","position":1,"name":"Home","item":"https:\/\/www.whiteshield.net\/hu\/"},{"@type":"ListItem","position":2,"name":"Szolg\u00e1ltat\u00e1saink","item":"https:\/\/www.whiteshield.net\/hu\/szolgaltatasaink\/"},{"@type":"ListItem","position":3,"name":"Jelent\u00e9s"}]},{"@type":"WebSite","@id":"https:\/\/www.whiteshield.net\/hu\/#website","url":"https:\/\/www.whiteshield.net\/hu\/","name":"Whiteshield Ethical Hacking","description":"Biztons\u00e1gi Szak\u00e9rt\u0151k","potentialAction":[{"@type":"SearchAction","target":{"@type":"EntryPoint","urlTemplate":"https:\/\/www.whiteshield.net\/hu\/?s={search_term_string}"},"query-input":{"@type":"PropertyValueSpecification","valueRequired":true,"valueName":"search_term_string"}}],"inLanguage":"hu"}]}},"_links":{"self":[{"href":"https:\/\/www.whiteshield.net\/hu\/wp-json\/wp\/v2\/pages\/2242","targetHints":{"allow":["GET"]}}],"collection":[{"href":"https:\/\/www.whiteshield.net\/hu\/wp-json\/wp\/v2\/pages"}],"about":[{"href":"https:\/\/www.whiteshield.net\/hu\/wp-json\/wp\/v2\/types\/page"}],"author":[{"embeddable":true,"href":"https:\/\/www.whiteshield.net\/hu\/wp-json\/wp\/v2\/users\/1"}],"replies":[{"embeddable":true,"href":"https:\/\/www.whiteshield.net\/hu\/wp-json\/wp\/v2\/comments?post=2242"}],"version-history":[{"count":5,"href":"https:\/\/www.whiteshield.net\/hu\/wp-json\/wp\/v2\/pages\/2242\/revisions"}],"predecessor-version":[{"id":239144,"href":"https:\/\/www.whiteshield.net\/hu\/wp-json\/wp\/v2\/pages\/2242\/revisions\/239144"}],"up":[{"embeddable":true,"href":"https:\/\/www.whiteshield.net\/hu\/wp-json\/wp\/v2\/pages\/2076"}],"wp:featuredmedia":[{"embeddable":true,"href":"https:\/\/www.whiteshield.net\/hu\/wp-json\/wp\/v2\/media\/1012"}],"wp:attachment":[{"href":"https:\/\/www.whiteshield.net\/hu\/wp-json\/wp\/v2\/media?parent=2242"}],"curies":[{"name":"wp","href":"https:\/\/api.w.org\/{rel}","templated":true}]}}