{"id":2234,"date":"2025-04-16T18:44:00","date_gmt":"2025-04-16T16:44:00","guid":{"rendered":"https:\/\/www.whiteshield.net\/szolgaltatasaink\/forraskod-vizsgalat\/"},"modified":"2026-03-18T15:40:41","modified_gmt":"2026-03-18T14:40:41","slug":"forraskod-vizsgalat","status":"publish","type":"page","link":"https:\/\/www.whiteshield.net\/hu\/szolgaltatasaink\/forraskod-vizsgalat\/","title":{"rendered":"Forr\u00e1sk\u00f3d vizsg\u00e1lat"},"content":{"rendered":"<div class=\"et_pb_section_0 et_pb_section et_section_regular et_flex_section\">\n<div class=\"et_pb_row_0 et_pb_row et_block_row et_animated\">\n<div class=\"et_pb_column_0 et_pb_column et_pb_column_4_4 et-last-child et_block_column et_pb_css_mix_blend_mode_passthrough\">\n<div class=\"et_pb_heading_0 et_pb_heading et_pb_module et_block_module\"><div class=\"et_pb_heading_container\"><h1 class=\"et_pb_module_header\">Forr\u00e1sk\u00f3d vizsg\u00e1lat<\/h1><\/div><\/div>\n\n<div class=\"et_pb_text_0 et_pb_text et_pb_bg_layout_light et_pb_module et_block_module\"><div class=\"et_pb_text_inner\"><p>A Whiteshield k\u00f3dfel\u00fclvizsg\u00e1lati szolg\u00e1ltat\u00e1st ny\u00fajt \u00fcgyfelei sz\u00e1m\u00e1ra, hogy m\u00e1r a fejleszt\u00e9s korai szakasz\u00e1ban \u00e9szlelhess\u00e9k \u00e9s kijav\u00edthass\u00e1k a webes \u00e9s mobilalkalmaz\u00e1sokban rejl\u0151 s\u00e9r\u00fcl\u00e9kenys\u00e9geket.\u00a0<\/p>\n<\/div><\/div>\n\n<div class=\"et_pb_module et_pb_button_module_wrapper et_pb_button_0_wrapper\"><a class=\"et_pb_button_0 et_pb_button et_pb_bg_layout_dark et_pb_module et_block_module\" href=\"#book_consult\" data-icon=\"&quot;\">Foglaljon id\u0151pontot!<\/a><\/div>\n<\/div>\n<\/div>\n\n<div class=\"et_pb_row_1 et_pb_row et_flex_row et_animated\">\n<div class=\"et_pb_column_1 et_pb_column et-last-child et_flex_column et_pb_css_mix_blend_mode_passthrough et_flex_column_24_24 et_flex_column_24_24_tablet et_flex_column_24_24_phone et_flex_column_24_24_phoneWide et_flex_column_24_24_tabletWide et_flex_column_24_24_widescreen et_flex_column_24_24_ultraWide\">\n<div class=\"et_pb_text_1 et_pb_text et_pb_bg_layout_light et_pb_module et_block_module\"><div class=\"et_pb_text_inner\"><p style=\"text-align: left;\">Tapasztalataink szerint a legt\u00f6bb biztons\u00e1gi hiba oka az, hogy a fejleszt\u0151k vagy nem ismerik a biztons\u00e1gos k\u00f3dol\u00e1si ir\u00e1nyelveket, vagy nem alkalmazz\u00e1k azokat k\u00f6vetkezetesen. A k\u00f3dfel\u00fclvizsg\u00e1lat lehet\u0151v\u00e9 teszi, hogy \u00fcgyfeleink m\u00e9g id\u0151ben, egyszer\u0171en \u00e9s gyorsan jav\u00edts\u00e1k a kritikus biztons\u00e1gi hib\u00e1kat, miel\u0151tt azokb\u00f3l komolyabb k\u00e1rok keletkezn\u00e9nek. M\u00e1s c\u00e9gekkel ellent\u00e9tben nem kiz\u00e1r\u00f3lag automatikus eszk\u00f6z\u00f6kre t\u00e1maszkodunk, mivel ezek nem k\u00e9pesek minden biztons\u00e1gi probl\u00e9m\u00e1t azonos\u00edtani. Szak\u00e9rt\u0151ink manu\u00e1lisan is \u00e1tvizsg\u00e1lj\u00e1k a forr\u00e1sk\u00f3dot, hogy a rejtettebb, logikai vagy kontextu\u00e1lis hib\u00e1k se maradjanak \u00e9szrev\u00e9tlenek.<\/p>\n<\/div><\/div>\n\n<div class=\"et_pb_heading_1 et_pb_heading et_pb_module et_block_module\"><div class=\"et_pb_heading_container\"><h3 class=\"et_pb_module_header\">Biztons\u00e1gos k\u00f3delemz\u00e9s \u2013 m\u00e9g azel\u0151tt, hogy a t\u00e1mad\u00f3k hib\u00e1kat tal\u00e1ln\u00e1nak<\/h3><\/div><\/div>\n\n<div class=\"et_pb_text_2 et_pb_text et_pb_bg_layout_light et_pb_module et_block_module\"><div class=\"et_pb_text_inner\"><p><span>A web- \u00e9s mobilalkalmaz\u00e1sok penetr\u00e1ci\u00f3s tesztel\u00e9se hat\u00e9kony m\u00f3dszer az aktu\u00e1lis s\u00e9r\u00fcl\u00e9kenys\u00e9gek felt\u00e1r\u00e1s\u00e1ra \u00e9s azok lehets\u00e9ges hat\u00e1sainak elemz\u00e9s\u00e9re. Egyes esetekben ez \u00f6nmag\u00e1ban is megfelel\u0151 lehet, azonban a legmagasabb szint\u0171 biztons\u00e1gi garanci\u00e1hoz gyakran sz\u00fcks\u00e9g van forr\u00e1sk\u00f3d-ellen\u0151rz\u00e9sre is.<\/span><\/p>\n<p>Ha a tesztel\u00e9s csak az alkalmaz\u00e1s nyilv\u00e1nos megjelen\u00e9se ut\u00e1n t\u00f6rt\u00e9nik meg, akkor az azonos\u00edtott sebezhet\u0151s\u00e9geket ak\u00e1r m\u00e1r ki is haszn\u00e1lhatt\u00e1k rosszindulat\u00fa szerepl\u0151k. A<span>\u00a0<\/span><strong data-start=\"756\" data-end=\"785\">biztons\u00e1gos k\u00f3dellen\u0151rz\u00e9s<\/strong><span>\u00a0<\/span>lehet\u0151v\u00e9 teszi, hogy a hib\u00e1k m\u00e9g az alkalmaz\u00e1s \u00e9les\u00edt\u00e9se el\u0151tt felt\u00e1r\u00e1sra ker\u00fcljenek \u2013 m\u00e9g miel\u0151tt t\u00e1mad\u00f3k felfedezn\u00e9k azokat.<\/p>\n<p><strong data-start=\"914\" data-end=\"964\">\u00c9les k\u00f6rnyezetben m\u0171k\u00f6d\u0151 alkalmaz\u00e1sok eset\u00e9ben<\/strong><span>\u00a0<\/span>a penetr\u00e1ci\u00f3s tesztel\u00e9s \u00e9s a forr\u00e1sk\u00f3d-ellen\u0151rz\u00e9s egy\u00fcttes alkalmaz\u00e1sa biztos\u00edtja a leg\u00e1tfog\u00f3bb k\u00e9pet a web- vagy mobilalkalmaz\u00e1s biztons\u00e1gi \u00e1llapot\u00e1r\u00f3l.<\/p>\n<\/div><\/div>\n\n<div class=\"et_pb_heading_2 et_pb_heading et_pb_module et_block_module\"><div class=\"et_pb_heading_container\"><h3 class=\"et_pb_module_header\">Hogyan zajlik a k\u00f3dellen\u0151rz\u00e9s?<\/h3><\/div><\/div>\n\n<div class=\"et_pb_text_3 et_pb_text et_pb_bg_layout_light et_pb_module et_block_module\"><div class=\"et_pb_text_inner\"><p>\u00a0A kritikus funkci\u00f3kat megval\u00f3s\u00edt\u00f3 forr\u00e1sk\u00f3d manu\u00e1lisan ker\u00fcl \u00e1tvizsg\u00e1l\u00e1sra, kiemelt figyelmet ford\u00edtva azokra a r\u00e9szekre, amelyek statisztikailag a legnagyobb biztons\u00e1gi kock\u00e1zatot hordozz\u00e1k. C\u00e9lunk, hogy felt\u00e1rjuk az \u00f6sszes hib\u00e1t \u00e9s logikai k\u00f6vetkezetlens\u00e9get a k\u00f6vetkez\u0151 ter\u00fcleteken:<\/p>\n<ul>\n<li style=\"list-style-type: none;\">\n<ul data-start=\"1452\" data-end=\"1654\">\n<li>\u00a0<span>hiteles\u00edt\u00e9s \u00e9s jogosults\u00e1gkezel\u00e9s<\/span><\/li>\n<li class=\"\" data-start=\"1490\" data-end=\"1533\">\n<p class=\"\" data-start=\"1492\" data-end=\"1533\">munkamenet-kezel\u00e9s (session management)<\/p>\n<\/li>\n<li class=\"\" data-start=\"1534\" data-end=\"1580\">\n<p class=\"\" data-start=\"1536\" data-end=\"1580\">bemeneti adatellen\u0151rz\u00e9s (input validation)<\/p>\n<\/li>\n<li class=\"\" data-start=\"1581\" data-end=\"1612\">\n<p class=\"\" data-start=\"1583\" data-end=\"1612\">hibat\u0171r\u00e9s \u00e9s kiv\u00e9telkezel\u00e9s<\/p>\n<\/li>\n<li class=\"\" data-start=\"1613\" data-end=\"1654\">\n<p class=\"\" data-start=\"1615\" data-end=\"1654\">titkos\u00edt\u00e1s \u00e9s biztons\u00e1gos konfigur\u00e1ci\u00f3k<\/p>\n<\/li>\n<\/ul>\n<\/li>\n<\/ul>\n<p>A Whiteshield az<span>\u00a0<\/span><strong data-start=\"1673\" data-end=\"1695\">OWASP metodol\u00f3gi\u00e1t<\/strong><span>\u00a0<\/span>alkalmazza, amely ipar\u00e1gi szabv\u00e1nyk\u00e9nt szolg\u00e1l a web- \u00e9s mobilalkalmaz\u00e1sok biztons\u00e1gi megfelel\u0151s\u00e9g\u00e9nek ellen\u0151rz\u00e9s\u00e9hez.<\/p>\n<\/div><\/div>\n\n<div class=\"et_pb_heading_3 et_pb_heading et_pb_module et_block_module\"><div class=\"et_pb_heading_container\"><h3 class=\"et_pb_module_header\">Melyik fejleszt\u00e9si f\u00e1zisban \u00e9rdemes elv\u00e9gezni?<\/h3><\/div><\/div>\n\n<div class=\"et_pb_text_4 et_pb_text et_pb_bg_layout_light et_pb_module et_block_module\"><div class=\"et_pb_text_inner\"><p class=\"\" data-start=\"1877\" data-end=\"2281\">Min\u00e9l kor\u00e1bban, ann\u00e1l jobb. A fejleszt\u00e9s korai szakasz\u00e1ban felt\u00e1rt hib\u00e1k jav\u00edt\u00e1sa gyorsabb, olcs\u00f3bb \u00e9s kevesebb er\u0151forr\u00e1st ig\u00e9nyel. A k\u00f3dellen\u0151rz\u00e9s ugyanakkor b\u00e1rmelyik f\u00e1zisban elv\u00e9gezhet\u0151: lehet v\u00e9gs\u0151 ellen\u0151rz\u00e9s k\u00f6zvetlen\u00fcl az indul\u00e1s el\u0151tt, vagy ak\u00e1r m\u00e1r \u00e9vek \u00f3ta m\u0171k\u00f6d\u0151 alkalmaz\u00e1s audit\u00e1l\u00e1sa is. Amit hat\u00e1rozottan javaslunk:<span>\u00a0<\/span><strong data-start=\"2206\" data-end=\"2280\">a forr\u00e1sk\u00f3d-ellen\u0151rz\u00e9s legyen rendszeres r\u00e9sze a fejleszt\u00e9si ciklusnak<\/strong>.<\/p>\n<\/div><\/div>\n\n<div class=\"et_pb_heading_4 et_pb_heading et_pb_module et_block_module\"><div class=\"et_pb_heading_container\"><h3 class=\"et_pb_module_header\">Mi\u00e9rt a Whiteshield?<\/h3><\/div><\/div>\n\n<div class=\"et_pb_text_5 et_pb_text et_pb_bg_layout_light et_pb_module et_block_module\"><div class=\"et_pb_text_inner\"><p class=\"\" data-start=\"2318\" data-end=\"2592\">Szak\u00e9rt\u0151ink t\u00f6bb \u00e9ves tapasztalattal rendelkeznek alkalmaz\u00e1sfejleszt\u00e9s \u00e9s biztons\u00e1gos k\u00f3dellen\u0151rz\u00e9s ter\u00e9n egyar\u00e1nt. Tev\u00e9kenys\u00e9g\u00fcnk kiterjed<span>\u00a0<\/span><strong data-start=\"2458\" data-end=\"2524\">Android \u00e9s iOS mobilalkalmaz\u00e1sok forr\u00e1sk\u00f3dj\u00e1nak \u00e1tvil\u00e1g\u00edt\u00e1s\u00e1ra<\/strong>, ugyanazokat a metodik\u00e1kat alkalmazva, mint a webes k\u00f6rnyezetekben.<\/p>\n<p>\u00a0Kombin\u00e1ljuk az<span>\u00a0<\/span><strong data-start=\"2609\" data-end=\"2658\">automatiz\u00e1lt \u00e9s manu\u00e1lis elemz\u00e9si technik\u00e1kat<\/strong>, hogy azonos\u00edtsuk \u00e9s jav\u00edt\u00e1si javaslatokkal eg\u00e9sz\u00edts\u00fck ki azokat a k\u00f3dhib\u00e1kat, amelyek k\u00e9s\u0151bb s\u00falyos biztons\u00e1gi probl\u00e9m\u00e1khoz vezethetnek.<\/p>\n<\/div><\/div>\n<\/div>\n<\/div>\n\n<div class=\"et_pb_row_2 et_pb_row et_block_row et_animated\" id=\"book_consult\">\n<div class=\"et_pb_column_2 et_pb_column et_pb_column_4_4 et-last-child et_block_column et_pb_css_mix_blend_mode_passthrough\">\n<div class=\"et_pb_cta_0 et_pb_promo et_pb_bg_layout_dark et_pb_module et_block_module\"><div class=\"et_pb_promo_description\"><h2 class=\"et_pb_module_header\">A biztons\u00e1g egy besz\u00e9lget\u00e9ssel kezd\u0151dik<\/h2><div class=\"et_pb_promo_content\"><p>Hagyjuk a sales sablonokat!<\/p>\n<p>Besz\u00e9lgess\u00fcnk \u00e9rdemben az \u00fczletmenet-folytonoss\u00e1gr\u00f3l \u00e9s a m\u0171k\u00f6d\u00e9si kock\u00e1zatokr\u00f3l!<\/p>\n<\/div><\/div><div class=\"et_pb_button_wrapper\"><a class=\"et_pb_button et_pb_promo_button\" href=\"https:\/\/jtdvcjaj.youcanbook.me\/\">Ingyenes 30 perces konzult\u00e1ci\u00f3<\/a><\/div><\/div>\n<\/div>\n<\/div>\n<\/div>","protected":false},"excerpt":{"rendered":"<p>A Whiteshield k\u00f3dfel\u00fclvizsg\u00e1lati szolg\u00e1ltat\u00e1st ny\u00fajt \u00fcgyfelei sz\u00e1m\u00e1ra, hogy m\u00e1r a fejleszt\u00e9s korai szakasz\u00e1ban \u00e9szlelhess\u00e9k \u00e9s kijav\u00edthass\u00e1k a webes \u00e9s mobilalkalmaz\u00e1sokban rejl\u0151 s\u00e9r\u00fcl\u00e9kenys\u00e9geket. Tapasztalataink szerint a legt\u00f6bb biztons\u00e1gi hiba oka az, hogy a fejleszt\u0151k vagy nem ismerik a biztons\u00e1gos k\u00f3dol\u00e1si ir\u00e1nyelveket, vagy nem alkalmazz\u00e1k azokat k\u00f6vetkezetesen. A k\u00f3dfel\u00fclvizsg\u00e1lat lehet\u0151v\u00e9 teszi, hogy \u00fcgyfeleink m\u00e9g id\u0151ben, egyszer\u0171en \u00e9s gyorsan jav\u00edts\u00e1k a kritikus biztons\u00e1gi hib\u00e1kat, miel\u0151tt azokb\u00f3l komolyabb k\u00e1rok keletkezn\u00e9nek. M\u00e1s c\u00e9gekkel ellent\u00e9tben nem kiz\u00e1r\u00f3lag automatikus eszk\u00f6z\u00f6kre t\u00e1maszkodunk, mivel ezek nem k\u00e9pesek minden biztons\u00e1gi probl\u00e9m\u00e1t azonos\u00edtani. Szak\u00e9rt\u0151ink manu\u00e1lisan is \u00e1tvizsg\u00e1lj\u00e1k a forr\u00e1sk\u00f3dot, hogy a rejtettebb, logikai vagy kontextu\u00e1lis hib\u00e1k se maradjanak \u00e9szrev\u00e9tlenek.<\/p>\n","protected":false},"author":1,"featured_media":1245,"parent":2076,"menu_order":90,"comment_status":"closed","ping_status":"closed","template":"","meta":{"content-type":"","footnotes":""},"class_list":["post-2234","page","type-page","status-publish","has-post-thumbnail","hentry"],"yoast_head":"<!-- This site is optimized with the Yoast SEO plugin v27.5 - https:\/\/yoast.com\/product\/yoast-seo-wordpress\/ -->\n<title>Forr\u00e1sk\u00f3d vizsg\u00e1lat - Whiteshield Ethical Hacking<\/title>\n<meta name=\"description\" content=\"Biztons\u00e1gos k\u00f3dellen\u0151rz\u00e9s OWASP m\u00f3dszertannal web- \u00e9s mobilalkalmaz\u00e1sokhoz, fejleszt\u00e9s k\u00f6zben vagy \u00e9les\u00edt\u00e9s el\u0151tt, s\u00e9r\u00fcl\u00e9kenys\u00e9gek ellen.\" \/>\n<meta name=\"robots\" content=\"index, follow, max-snippet:-1, max-image-preview:large, max-video-preview:-1\" \/>\n<link rel=\"canonical\" href=\"https:\/\/www.whiteshield.net\/hu\/szolgaltatasaink\/forraskod-vizsgalat\/\" \/>\n<meta property=\"og:locale\" content=\"hu_HU\" \/>\n<meta property=\"og:type\" content=\"article\" \/>\n<meta property=\"og:title\" content=\"Forr\u00e1sk\u00f3d vizsg\u00e1lat - Whiteshield Ethical Hacking\" \/>\n<meta property=\"og:description\" content=\"Biztons\u00e1gos k\u00f3dellen\u0151rz\u00e9s OWASP m\u00f3dszertannal web- \u00e9s mobilalkalmaz\u00e1sokhoz, fejleszt\u00e9s k\u00f6zben vagy \u00e9les\u00edt\u00e9s el\u0151tt, s\u00e9r\u00fcl\u00e9kenys\u00e9gek ellen.\" \/>\n<meta property=\"og:url\" content=\"https:\/\/www.whiteshield.net\/hu\/szolgaltatasaink\/forraskod-vizsgalat\/\" \/>\n<meta property=\"og:site_name\" content=\"Whiteshield Ethical Hacking\" \/>\n<meta property=\"article:modified_time\" content=\"2026-03-18T14:40:41+00:00\" \/>\n<meta property=\"og:image\" content=\"https:\/\/www.whiteshield.net\/wp-content\/uploads\/2020\/03\/source_code.png\" \/>\n\t<meta property=\"og:image:width\" content=\"640\" \/>\n\t<meta property=\"og:image:height\" content=\"480\" \/>\n\t<meta property=\"og:image:type\" content=\"image\/png\" \/>\n<meta name=\"twitter:card\" content=\"summary_large_image\" \/>\n<meta name=\"twitter:label1\" content=\"Becs\u00fclt olvas\u00e1si id\u0151\" \/>\n\t<meta name=\"twitter:data1\" content=\"2 perc\" \/>\n<script type=\"application\/ld+json\" class=\"yoast-schema-graph\">{\"@context\":\"https:\\\/\\\/schema.org\",\"@graph\":[{\"@type\":\"WebPage\",\"@id\":\"https:\\\/\\\/www.whiteshield.net\\\/hu\\\/szolgaltatasaink\\\/forraskod-vizsgalat\\\/\",\"url\":\"https:\\\/\\\/www.whiteshield.net\\\/hu\\\/szolgaltatasaink\\\/forraskod-vizsgalat\\\/\",\"name\":\"Forr\u00e1sk\u00f3d vizsg\u00e1lat - Whiteshield Ethical Hacking\",\"isPartOf\":{\"@id\":\"https:\\\/\\\/www.whiteshield.net\\\/hu\\\/#website\"},\"primaryImageOfPage\":{\"@id\":\"https:\\\/\\\/www.whiteshield.net\\\/hu\\\/szolgaltatasaink\\\/forraskod-vizsgalat\\\/#primaryimage\"},\"image\":{\"@id\":\"https:\\\/\\\/www.whiteshield.net\\\/hu\\\/szolgaltatasaink\\\/forraskod-vizsgalat\\\/#primaryimage\"},\"thumbnailUrl\":\"https:\\\/\\\/www.whiteshield.net\\\/wp-content\\\/uploads\\\/2020\\\/03\\\/source_code.png\",\"datePublished\":\"2025-04-16T16:44:00+00:00\",\"dateModified\":\"2026-03-18T14:40:41+00:00\",\"description\":\"Biztons\u00e1gos k\u00f3dellen\u0151rz\u00e9s OWASP m\u00f3dszertannal web- \u00e9s mobilalkalmaz\u00e1sokhoz, fejleszt\u00e9s k\u00f6zben vagy \u00e9les\u00edt\u00e9s el\u0151tt, s\u00e9r\u00fcl\u00e9kenys\u00e9gek ellen.\",\"breadcrumb\":{\"@id\":\"https:\\\/\\\/www.whiteshield.net\\\/hu\\\/szolgaltatasaink\\\/forraskod-vizsgalat\\\/#breadcrumb\"},\"inLanguage\":\"hu\",\"potentialAction\":[{\"@type\":\"ReadAction\",\"target\":[\"https:\\\/\\\/www.whiteshield.net\\\/hu\\\/szolgaltatasaink\\\/forraskod-vizsgalat\\\/\"]}]},{\"@type\":\"ImageObject\",\"inLanguage\":\"hu\",\"@id\":\"https:\\\/\\\/www.whiteshield.net\\\/hu\\\/szolgaltatasaink\\\/forraskod-vizsgalat\\\/#primaryimage\",\"url\":\"https:\\\/\\\/www.whiteshield.net\\\/wp-content\\\/uploads\\\/2020\\\/03\\\/source_code.png\",\"contentUrl\":\"https:\\\/\\\/www.whiteshield.net\\\/wp-content\\\/uploads\\\/2020\\\/03\\\/source_code.png\",\"width\":640,\"height\":480,\"caption\":\"Source code\"},{\"@type\":\"BreadcrumbList\",\"@id\":\"https:\\\/\\\/www.whiteshield.net\\\/hu\\\/szolgaltatasaink\\\/forraskod-vizsgalat\\\/#breadcrumb\",\"itemListElement\":[{\"@type\":\"ListItem\",\"position\":1,\"name\":\"Home\",\"item\":\"https:\\\/\\\/www.whiteshield.net\\\/hu\\\/\"},{\"@type\":\"ListItem\",\"position\":2,\"name\":\"Szolg\u00e1ltat\u00e1saink\",\"item\":\"https:\\\/\\\/www.whiteshield.net\\\/hu\\\/szolgaltatasaink\\\/\"},{\"@type\":\"ListItem\",\"position\":3,\"name\":\"Forr\u00e1sk\u00f3d vizsg\u00e1lat\"}]},{\"@type\":\"WebSite\",\"@id\":\"https:\\\/\\\/www.whiteshield.net\\\/hu\\\/#website\",\"url\":\"https:\\\/\\\/www.whiteshield.net\\\/hu\\\/\",\"name\":\"Whiteshield Ethical Hacking\",\"description\":\"Biztons\u00e1gi Szak\u00e9rt\u0151k\",\"potentialAction\":[{\"@type\":\"SearchAction\",\"target\":{\"@type\":\"EntryPoint\",\"urlTemplate\":\"https:\\\/\\\/www.whiteshield.net\\\/hu\\\/?s={search_term_string}\"},\"query-input\":{\"@type\":\"PropertyValueSpecification\",\"valueRequired\":true,\"valueName\":\"search_term_string\"}}],\"inLanguage\":\"hu\"}]}<\/script>\n<!-- \/ Yoast SEO plugin. -->","yoast_head_json":{"title":"Forr\u00e1sk\u00f3d vizsg\u00e1lat - Whiteshield Ethical Hacking","description":"Biztons\u00e1gos k\u00f3dellen\u0151rz\u00e9s OWASP m\u00f3dszertannal web- \u00e9s mobilalkalmaz\u00e1sokhoz, fejleszt\u00e9s k\u00f6zben vagy \u00e9les\u00edt\u00e9s el\u0151tt, s\u00e9r\u00fcl\u00e9kenys\u00e9gek ellen.","robots":{"index":"index","follow":"follow","max-snippet":"max-snippet:-1","max-image-preview":"max-image-preview:large","max-video-preview":"max-video-preview:-1"},"canonical":"https:\/\/www.whiteshield.net\/hu\/szolgaltatasaink\/forraskod-vizsgalat\/","og_locale":"hu_HU","og_type":"article","og_title":"Forr\u00e1sk\u00f3d vizsg\u00e1lat - Whiteshield Ethical Hacking","og_description":"Biztons\u00e1gos k\u00f3dellen\u0151rz\u00e9s OWASP m\u00f3dszertannal web- \u00e9s mobilalkalmaz\u00e1sokhoz, fejleszt\u00e9s k\u00f6zben vagy \u00e9les\u00edt\u00e9s el\u0151tt, s\u00e9r\u00fcl\u00e9kenys\u00e9gek ellen.","og_url":"https:\/\/www.whiteshield.net\/hu\/szolgaltatasaink\/forraskod-vizsgalat\/","og_site_name":"Whiteshield Ethical Hacking","article_modified_time":"2026-03-18T14:40:41+00:00","og_image":[{"width":640,"height":480,"url":"https:\/\/www.whiteshield.net\/wp-content\/uploads\/2020\/03\/source_code.png","type":"image\/png"}],"twitter_card":"summary_large_image","twitter_misc":{"Becs\u00fclt olvas\u00e1si id\u0151":"2 perc"},"schema":{"@context":"https:\/\/schema.org","@graph":[{"@type":"WebPage","@id":"https:\/\/www.whiteshield.net\/hu\/szolgaltatasaink\/forraskod-vizsgalat\/","url":"https:\/\/www.whiteshield.net\/hu\/szolgaltatasaink\/forraskod-vizsgalat\/","name":"Forr\u00e1sk\u00f3d vizsg\u00e1lat - Whiteshield Ethical Hacking","isPartOf":{"@id":"https:\/\/www.whiteshield.net\/hu\/#website"},"primaryImageOfPage":{"@id":"https:\/\/www.whiteshield.net\/hu\/szolgaltatasaink\/forraskod-vizsgalat\/#primaryimage"},"image":{"@id":"https:\/\/www.whiteshield.net\/hu\/szolgaltatasaink\/forraskod-vizsgalat\/#primaryimage"},"thumbnailUrl":"https:\/\/www.whiteshield.net\/wp-content\/uploads\/2020\/03\/source_code.png","datePublished":"2025-04-16T16:44:00+00:00","dateModified":"2026-03-18T14:40:41+00:00","description":"Biztons\u00e1gos k\u00f3dellen\u0151rz\u00e9s OWASP m\u00f3dszertannal web- \u00e9s mobilalkalmaz\u00e1sokhoz, fejleszt\u00e9s k\u00f6zben vagy \u00e9les\u00edt\u00e9s el\u0151tt, s\u00e9r\u00fcl\u00e9kenys\u00e9gek ellen.","breadcrumb":{"@id":"https:\/\/www.whiteshield.net\/hu\/szolgaltatasaink\/forraskod-vizsgalat\/#breadcrumb"},"inLanguage":"hu","potentialAction":[{"@type":"ReadAction","target":["https:\/\/www.whiteshield.net\/hu\/szolgaltatasaink\/forraskod-vizsgalat\/"]}]},{"@type":"ImageObject","inLanguage":"hu","@id":"https:\/\/www.whiteshield.net\/hu\/szolgaltatasaink\/forraskod-vizsgalat\/#primaryimage","url":"https:\/\/www.whiteshield.net\/wp-content\/uploads\/2020\/03\/source_code.png","contentUrl":"https:\/\/www.whiteshield.net\/wp-content\/uploads\/2020\/03\/source_code.png","width":640,"height":480,"caption":"Source code"},{"@type":"BreadcrumbList","@id":"https:\/\/www.whiteshield.net\/hu\/szolgaltatasaink\/forraskod-vizsgalat\/#breadcrumb","itemListElement":[{"@type":"ListItem","position":1,"name":"Home","item":"https:\/\/www.whiteshield.net\/hu\/"},{"@type":"ListItem","position":2,"name":"Szolg\u00e1ltat\u00e1saink","item":"https:\/\/www.whiteshield.net\/hu\/szolgaltatasaink\/"},{"@type":"ListItem","position":3,"name":"Forr\u00e1sk\u00f3d vizsg\u00e1lat"}]},{"@type":"WebSite","@id":"https:\/\/www.whiteshield.net\/hu\/#website","url":"https:\/\/www.whiteshield.net\/hu\/","name":"Whiteshield Ethical Hacking","description":"Biztons\u00e1gi Szak\u00e9rt\u0151k","potentialAction":[{"@type":"SearchAction","target":{"@type":"EntryPoint","urlTemplate":"https:\/\/www.whiteshield.net\/hu\/?s={search_term_string}"},"query-input":{"@type":"PropertyValueSpecification","valueRequired":true,"valueName":"search_term_string"}}],"inLanguage":"hu"}]}},"_links":{"self":[{"href":"https:\/\/www.whiteshield.net\/hu\/wp-json\/wp\/v2\/pages\/2234","targetHints":{"allow":["GET"]}}],"collection":[{"href":"https:\/\/www.whiteshield.net\/hu\/wp-json\/wp\/v2\/pages"}],"about":[{"href":"https:\/\/www.whiteshield.net\/hu\/wp-json\/wp\/v2\/types\/page"}],"author":[{"embeddable":true,"href":"https:\/\/www.whiteshield.net\/hu\/wp-json\/wp\/v2\/users\/1"}],"replies":[{"embeddable":true,"href":"https:\/\/www.whiteshield.net\/hu\/wp-json\/wp\/v2\/comments?post=2234"}],"version-history":[{"count":6,"href":"https:\/\/www.whiteshield.net\/hu\/wp-json\/wp\/v2\/pages\/2234\/revisions"}],"predecessor-version":[{"id":239128,"href":"https:\/\/www.whiteshield.net\/hu\/wp-json\/wp\/v2\/pages\/2234\/revisions\/239128"}],"up":[{"embeddable":true,"href":"https:\/\/www.whiteshield.net\/hu\/wp-json\/wp\/v2\/pages\/2076"}],"wp:featuredmedia":[{"embeddable":true,"href":"https:\/\/www.whiteshield.net\/hu\/wp-json\/wp\/v2\/media\/1245"}],"wp:attachment":[{"href":"https:\/\/www.whiteshield.net\/hu\/wp-json\/wp\/v2\/media?parent=2234"}],"curies":[{"name":"wp","href":"https:\/\/api.w.org\/{rel}","templated":true}]}}