{"id":2223,"date":"2025-04-16T18:35:44","date_gmt":"2025-04-16T16:35:44","guid":{"rendered":"https:\/\/www.whiteshield.net\/etikus-hack\/aws-penetracios-teszt\/"},"modified":"2026-03-18T15:48:06","modified_gmt":"2026-03-18T14:48:06","slug":"aws-penetracios-teszt","status":"publish","type":"page","link":"https:\/\/www.whiteshield.net\/hu\/szolgaltatasaink\/aws-penetracios-teszt\/","title":{"rendered":"AWS penetr\u00e1ci\u00f3s teszt"},"content":{"rendered":"<div class=\"et_pb_section_0 et_pb_section et_section_regular et_flex_section\">\n<div class=\"et_pb_row_0 et_pb_row et_block_row et_animated\">\n<div class=\"et_pb_column_0 et_pb_column et_pb_column_4_4 et-last-child et_block_column et_pb_css_mix_blend_mode_passthrough\">\n<div class=\"et_pb_heading_0 et_pb_heading et_pb_module et_block_module\"><div class=\"et_pb_heading_container\"><h1 class=\"et_pb_module_header\">AWS penetr\u00e1ci\u00f3s teszt<\/h1><\/div><\/div>\n\n<div class=\"et_pb_text_0 et_pb_text et_pb_bg_layout_light et_pb_module et_block_module\"><div class=\"et_pb_text_inner\"><p style=\"text-align: center;\">A v\u00e1llalatok el\u0151tt \u00e1ll\u00f3 egyik legnagyobb kih\u00edv\u00e1s napjainkban az, hogy alkalmaz\u00e1saik egy r\u00e9sze fokozatosan a felh\u0151be k\u00f6lt\u00f6zik, \u00e9s ennek k\u00f6vetkezt\u00e9ben az alkalmaz\u00e1sbiztons\u00e1gi kock\u00e1zatok kezel\u00e9se kritikus \u00fczleti feladatt\u00e1 v\u00e1lt.<\/p>\n<\/div><\/div>\n\n<div class=\"et_pb_module et_pb_button_module_wrapper et_pb_button_0_wrapper\"><a class=\"et_pb_button_0 et_pb_button et_pb_bg_layout_dark et_pb_module et_block_module\" href=\"#book_consult\" data-icon=\"&quot;\">Foglaljon id\u0151pontot!<\/a><\/div>\n<\/div>\n<\/div>\n\n<div class=\"et_pb_row_1 et_pb_row et_flex_row et_animated\">\n<div class=\"et_pb_column_1 et_pb_column et-last-child et_flex_column et_pb_css_mix_blend_mode_passthrough et_flex_column_24_24 et_flex_column_24_24_tablet et_flex_column_24_24_phone et_flex_column_24_24_phoneWide et_flex_column_24_24_tabletWide et_flex_column_24_24_widescreen et_flex_column_24_24_ultraWide\">\n<div class=\"et_pb_text_1 et_pb_text et_pb_bg_layout_light et_pb_module et_block_module\"><div class=\"et_pb_text_inner\"><p>Az AWS-alap\u00fa k\u00f6rnyezetek penetr\u00e1ci\u00f3s tesztel\u00e9se saj\u00e1tos jellemz\u0151kkel b\u00edr, \u00edgy speci\u00e1lis biztons\u00e1gi szempontokat kell figyelembe venni. B\u00e1r az Amazon biztons\u00e1gi int\u00e9zked\u00e9sei bizonyos s\u00e9r\u00fcl\u00e9kenys\u00e9geket cs\u00f6kkentenek, a szolg\u00e1ltat\u00e1sok \u00f6sszetetts\u00e9ge \u00e9s konfigur\u00e1ci\u00f3s rugalmass\u00e1ga gyakran vezet ahhoz, hogy a v\u00e1llalatok v\u00e9delem n\u00e9lk\u00fcl maradnak bizonyos pontokon. A kock\u00e1zatok megfelel\u0151 azonos\u00edt\u00e1sa \u00e9s kezel\u00e9se elengedhetetlen a felh\u0151alap\u00fa k\u00f6rnyezetek biztons\u00e1gos m\u0171k\u00f6dtet\u00e9s\u00e9hez.<\/p>\n<p class=\"\" data-start=\"288\" data-end=\"720\">A kritikus webalkalmaz\u00e1sok felh\u0151be t\u00f6rt\u00e9n\u0151 \u00e1thelyez\u00e9se k\u00fcl\u00f6n\u00f6s figyelmet ig\u00e9nyel a biztons\u00e1g szempontj\u00e1b\u00f3l, k\u00fcl\u00f6n\u00f6sen akkor, amikor a szervezetek harmadik f\u00e9lk\u00e9nt m\u0171k\u00f6d\u0151 felh\u0151szolg\u00e1ltat\u00f3kra b\u00edzz\u00e1k \u00e9rz\u00e9keny adataik kezel\u00e9s\u00e9t. A biztons\u00e1gi felel\u0151ss\u00e9g megosztott modellje mellett tov\u00e1bbra is a szervezet k\u00f6teless\u00e9ge gondoskodni a saj\u00e1t alkalmaz\u00e1sainak \u00e9s adatinak v\u00e9delm\u00e9r\u0151l \u2013 bele\u00e9rtve azok folyamatos tesztel\u00e9s\u00e9t \u00e9s monitoroz\u00e1s\u00e1t is.<\/p>\n<p><span>Az AWS-en hosztolt alkalmaz\u00e1sok penetr\u00e1ci\u00f3s tesztel\u00e9se ugyanazon alapelveken nyugszik, mint hagyom\u00e1nyos webalkalmaz\u00e1s- \u00e9s h\u00e1l\u00f3zati penetr\u00e1ci\u00f3s tesztel\u00e9si szolg\u00e1ltat\u00e1saink. Ugyanakkor a megosztott, t\u00f6bb-b\u00e9rl\u0151s felh\u0151k\u00f6rnyezet term\u00e9szet\u00e9b\u0151l fakad\u00f3an speci\u00e1lis biztons\u00e1gi szempontok is figyelembe v\u00e9telre ker\u00fclnek \u2013 p\u00e9ld\u00e1ul az adatok fizikai \u00e9s logikai elhelyezked\u00e9s\u00e9nek pontos nyomon k\u00f6vet\u00e9se, valamint az infrastrukt\u00fara hozz\u00e1f\u00e9r\u00e9s-szab\u00e1lyoz\u00e1s\u00e1nak kezel\u00e9se.<\/span><\/p>\n<p>A<span>\u00a0<\/span><strong data-start=\"1180\" data-end=\"1209\">Cloud Application Pentest<\/strong><span>\u00a0<\/span>sor\u00e1n a tesztel\u0151k hiteles\u00edtett hozz\u00e1f\u00e9r\u00e9si adatokkal l\u00e9pnek be az AWS-ben fut\u00f3 szerverekre \u00e9s hosztokra, majd sebezhet\u0151s\u00e9gi vizsg\u00e1latot ind\u00edtanak. A peremvonalon bel\u00fcl azonos\u00edtott gyenges\u00e9gek alapj\u00e1n olyan t\u00e1mad\u00e1si szcen\u00e1ri\u00f3kat szimul\u00e1lnak, amelyeket egy val\u00f3s t\u00e1mad\u00f3 is alkalmazhatna.<\/p>\n<p>\u00a0Ez a t\u00edpus\u00fa tesztel\u00e9s k\u00fcl\u00f6n\u00f6sen fontos, mivel:<\/p>\n<ul>\n<li style=\"list-style-type: none;\">\n<ul>\n<li>\u00a0<span>val\u00f3s k\u00e9pet ny\u00fajt a felh\u0151alap\u00fa rendszerek biztons\u00e1gi szintj\u00e9r\u0151l;<\/span><\/li>\n<li class=\"\" data-start=\"1614\" data-end=\"1691\">\n<p class=\"\" data-start=\"1616\" data-end=\"1691\">seg\u00edti a jogosults\u00e1gkezel\u00e9s \u00e9s hozz\u00e1f\u00e9r\u00e9s-szab\u00e1lyoz\u00e1s pontos \u00e9rt\u00e9kel\u00e9s\u00e9t;<\/p>\n<\/li>\n<li class=\"\" data-start=\"1692\" data-end=\"1784\">\n<p class=\"\" data-start=\"1694\" data-end=\"1784\">t\u00e1mogatja a folyamatos megfelel\u00e9st (compliance) \u00e9s biztons\u00e1gi auditra val\u00f3 felk\u00e9sz\u00fcl\u00e9st;<\/p>\n<\/li>\n<li class=\"\" data-start=\"1785\" data-end=\"1887\">\n<p class=\"\" data-start=\"1787\" data-end=\"1887\">cs\u00f6kkenti annak kock\u00e1zat\u00e1t, hogy illet\u00e9ktelen felhaszn\u00e1l\u00f3k kompromitt\u00e1lj\u00e1k a rendszer egyes elemeit.<\/p>\n<\/li>\n<\/ul>\n<\/li>\n<\/ul>\n<p>Az<span>\u00a0<\/span><strong data-start=\"1892\" data-end=\"1946\">AWS-alap\u00fa felh\u0151alkalmaz\u00e1sok penetr\u00e1ci\u00f3s tesztel\u00e9se<\/strong><span>\u00a0<\/span>ma m\u00e1r alapvet\u0151 biztons\u00e1gi gyakorlat. Ez az egyetlen m\u00f3dszer arra, hogy bizony\u00edthat\u00f3 m\u00f3don igazolhat\u00f3 legyen: a felh\u0151ben t\u00e1rolt adatok \u00e9s szolg\u00e1ltat\u00e1sok kell\u0151 v\u00e9delemmel rendelkeznek ahhoz, hogy a lehet\u0151 legsz\u00e9lesebb felhaszn\u00e1l\u00f3i hozz\u00e1f\u00e9r\u00e9st lehessen biztos\u00edtani a lehet\u0151 legkisebb kock\u00e1zat mellett.<\/p>\n<\/div><\/div>\n<\/div>\n<\/div>\n\n<div class=\"et_pb_row_2 et_pb_row et_block_row et_animated\" id=\"book_consult\">\n<div class=\"et_pb_column_2 et_pb_column et_pb_column_4_4 et-last-child et_block_column et_pb_css_mix_blend_mode_passthrough\">\n<div class=\"et_pb_cta_0 et_pb_promo et_pb_bg_layout_dark et_pb_module et_block_module\"><div class=\"et_pb_promo_description\"><h2 class=\"et_pb_module_header\">A biztons\u00e1g egy besz\u00e9lget\u00e9ssel kezd\u0151dik<\/h2><div class=\"et_pb_promo_content\"><p>Hagyjuk a sales sablonokat!<\/p>\n<p>Besz\u00e9lgess\u00fcnk \u00e9rdemben az \u00fczletmenet-folytonoss\u00e1gr\u00f3l \u00e9s a m\u0171k\u00f6d\u00e9si kock\u00e1zatokr\u00f3l!<\/p>\n<\/div><\/div><div class=\"et_pb_button_wrapper\"><a class=\"et_pb_button et_pb_promo_button\" href=\"https:\/\/jtdvcjaj.youcanbook.me\/\">Ingyenes 30 perces konzult\u00e1ci\u00f3<\/a><\/div><\/div>\n<\/div>\n<\/div>\n<\/div>","protected":false},"excerpt":{"rendered":"<p>A v\u00e1llalatok el\u0151tt \u00e1ll\u00f3 egyik legnagyobb kih\u00edv\u00e1s napjainkban az, hogy alkalmaz\u00e1saik egy r\u00e9sze fokozatosan a felh\u0151be k\u00f6lt\u00f6zik, \u00e9s ennek k\u00f6vetkezt\u00e9ben az alkalmaz\u00e1sbiztons\u00e1gi kock\u00e1zatok kezel\u00e9se kritikus \u00fczleti feladatt\u00e1 v\u00e1lt. Az AWS-alap\u00fa k\u00f6rnyezetek penetr\u00e1ci\u00f3s tesztel\u00e9se saj\u00e1tos jellemz\u0151kkel b\u00edr, \u00edgy speci\u00e1lis biztons\u00e1gi szempontokat kell figyelembe venni. B\u00e1r az Amazon biztons\u00e1gi int\u00e9zked\u00e9sei bizonyos s\u00e9r\u00fcl\u00e9kenys\u00e9geket cs\u00f6kkentenek, a szolg\u00e1ltat\u00e1sok \u00f6sszetetts\u00e9ge \u00e9s konfigur\u00e1ci\u00f3s rugalmass\u00e1ga gyakran vezet ahhoz, hogy a v\u00e1llalatok v\u00e9delem n\u00e9lk\u00fcl maradnak bizonyos pontokon. A kock\u00e1zatok megfelel\u0151 azonos\u00edt\u00e1sa \u00e9s kezel\u00e9se elengedhetetlen a felh\u0151alap\u00fa k\u00f6rnyezetek biztons\u00e1gos m\u0171k\u00f6dtet\u00e9s\u00e9hez.<\/p>\n","protected":false},"author":1,"featured_media":0,"parent":2076,"menu_order":80,"comment_status":"closed","ping_status":"closed","template":"","meta":{"content-type":"","footnotes":""},"class_list":["post-2223","page","type-page","status-publish","hentry"],"yoast_head":"<!-- This site is optimized with the Yoast SEO plugin v27.5 - https:\/\/yoast.com\/product\/yoast-seo-wordpress\/ -->\n<title>AWS penetr\u00e1ci\u00f3s teszt - Whiteshield Ethical Hacking<\/title>\n<meta name=\"description\" content=\"Az AWS penetr\u00e1ci\u00f3s tesztel\u00e9s felt\u00e1rja a felh\u0151alap\u00fa alkalmaz\u00e1sok rejtett s\u00e9r\u00fcl\u00e9kenys\u00e9geit, amelyeket az Amazon biztons\u00e1ga nem fed le teljesen.\" \/>\n<meta name=\"robots\" content=\"index, follow, max-snippet:-1, max-image-preview:large, max-video-preview:-1\" \/>\n<link rel=\"canonical\" href=\"https:\/\/www.whiteshield.net\/hu\/szolgaltatasaink\/aws-penetracios-teszt\/\" \/>\n<meta property=\"og:locale\" content=\"hu_HU\" \/>\n<meta property=\"og:type\" content=\"article\" \/>\n<meta property=\"og:title\" content=\"AWS penetr\u00e1ci\u00f3s teszt - Whiteshield Ethical Hacking\" \/>\n<meta property=\"og:description\" content=\"Az AWS penetr\u00e1ci\u00f3s tesztel\u00e9s felt\u00e1rja a felh\u0151alap\u00fa alkalmaz\u00e1sok rejtett s\u00e9r\u00fcl\u00e9kenys\u00e9geit, amelyeket az Amazon biztons\u00e1ga nem fed le teljesen.\" \/>\n<meta property=\"og:url\" content=\"https:\/\/www.whiteshield.net\/hu\/szolgaltatasaink\/aws-penetracios-teszt\/\" \/>\n<meta property=\"og:site_name\" content=\"Whiteshield Ethical Hacking\" \/>\n<meta property=\"article:modified_time\" content=\"2026-03-18T14:48:06+00:00\" \/>\n<meta name=\"twitter:card\" content=\"summary_large_image\" \/>\n<meta name=\"twitter:label1\" content=\"Becs\u00fclt olvas\u00e1si id\u0151\" \/>\n\t<meta name=\"twitter:data1\" content=\"1 perc\" \/>\n<script type=\"application\/ld+json\" class=\"yoast-schema-graph\">{\"@context\":\"https:\\\/\\\/schema.org\",\"@graph\":[{\"@type\":\"WebPage\",\"@id\":\"https:\\\/\\\/www.whiteshield.net\\\/hu\\\/szolgaltatasaink\\\/aws-penetracios-teszt\\\/\",\"url\":\"https:\\\/\\\/www.whiteshield.net\\\/hu\\\/szolgaltatasaink\\\/aws-penetracios-teszt\\\/\",\"name\":\"AWS penetr\u00e1ci\u00f3s teszt - Whiteshield Ethical Hacking\",\"isPartOf\":{\"@id\":\"https:\\\/\\\/www.whiteshield.net\\\/hu\\\/#website\"},\"datePublished\":\"2025-04-16T16:35:44+00:00\",\"dateModified\":\"2026-03-18T14:48:06+00:00\",\"description\":\"Az AWS penetr\u00e1ci\u00f3s tesztel\u00e9s felt\u00e1rja a felh\u0151alap\u00fa alkalmaz\u00e1sok rejtett s\u00e9r\u00fcl\u00e9kenys\u00e9geit, amelyeket az Amazon biztons\u00e1ga nem fed le teljesen.\",\"breadcrumb\":{\"@id\":\"https:\\\/\\\/www.whiteshield.net\\\/hu\\\/szolgaltatasaink\\\/aws-penetracios-teszt\\\/#breadcrumb\"},\"inLanguage\":\"hu\",\"potentialAction\":[{\"@type\":\"ReadAction\",\"target\":[\"https:\\\/\\\/www.whiteshield.net\\\/hu\\\/szolgaltatasaink\\\/aws-penetracios-teszt\\\/\"]}]},{\"@type\":\"BreadcrumbList\",\"@id\":\"https:\\\/\\\/www.whiteshield.net\\\/hu\\\/szolgaltatasaink\\\/aws-penetracios-teszt\\\/#breadcrumb\",\"itemListElement\":[{\"@type\":\"ListItem\",\"position\":1,\"name\":\"Home\",\"item\":\"https:\\\/\\\/www.whiteshield.net\\\/hu\\\/\"},{\"@type\":\"ListItem\",\"position\":2,\"name\":\"Szolg\u00e1ltat\u00e1saink\",\"item\":\"https:\\\/\\\/www.whiteshield.net\\\/hu\\\/szolgaltatasaink\\\/\"},{\"@type\":\"ListItem\",\"position\":3,\"name\":\"AWS penetr\u00e1ci\u00f3s teszt\"}]},{\"@type\":\"WebSite\",\"@id\":\"https:\\\/\\\/www.whiteshield.net\\\/hu\\\/#website\",\"url\":\"https:\\\/\\\/www.whiteshield.net\\\/hu\\\/\",\"name\":\"Whiteshield Ethical Hacking\",\"description\":\"Biztons\u00e1gi Szak\u00e9rt\u0151k\",\"potentialAction\":[{\"@type\":\"SearchAction\",\"target\":{\"@type\":\"EntryPoint\",\"urlTemplate\":\"https:\\\/\\\/www.whiteshield.net\\\/hu\\\/?s={search_term_string}\"},\"query-input\":{\"@type\":\"PropertyValueSpecification\",\"valueRequired\":true,\"valueName\":\"search_term_string\"}}],\"inLanguage\":\"hu\"}]}<\/script>\n<!-- \/ Yoast SEO plugin. -->","yoast_head_json":{"title":"AWS penetr\u00e1ci\u00f3s teszt - Whiteshield Ethical Hacking","description":"Az AWS penetr\u00e1ci\u00f3s tesztel\u00e9s felt\u00e1rja a felh\u0151alap\u00fa alkalmaz\u00e1sok rejtett s\u00e9r\u00fcl\u00e9kenys\u00e9geit, amelyeket az Amazon biztons\u00e1ga nem fed le teljesen.","robots":{"index":"index","follow":"follow","max-snippet":"max-snippet:-1","max-image-preview":"max-image-preview:large","max-video-preview":"max-video-preview:-1"},"canonical":"https:\/\/www.whiteshield.net\/hu\/szolgaltatasaink\/aws-penetracios-teszt\/","og_locale":"hu_HU","og_type":"article","og_title":"AWS penetr\u00e1ci\u00f3s teszt - Whiteshield Ethical Hacking","og_description":"Az AWS penetr\u00e1ci\u00f3s tesztel\u00e9s felt\u00e1rja a felh\u0151alap\u00fa alkalmaz\u00e1sok rejtett s\u00e9r\u00fcl\u00e9kenys\u00e9geit, amelyeket az Amazon biztons\u00e1ga nem fed le teljesen.","og_url":"https:\/\/www.whiteshield.net\/hu\/szolgaltatasaink\/aws-penetracios-teszt\/","og_site_name":"Whiteshield Ethical Hacking","article_modified_time":"2026-03-18T14:48:06+00:00","twitter_card":"summary_large_image","twitter_misc":{"Becs\u00fclt olvas\u00e1si id\u0151":"1 perc"},"schema":{"@context":"https:\/\/schema.org","@graph":[{"@type":"WebPage","@id":"https:\/\/www.whiteshield.net\/hu\/szolgaltatasaink\/aws-penetracios-teszt\/","url":"https:\/\/www.whiteshield.net\/hu\/szolgaltatasaink\/aws-penetracios-teszt\/","name":"AWS penetr\u00e1ci\u00f3s teszt - Whiteshield Ethical Hacking","isPartOf":{"@id":"https:\/\/www.whiteshield.net\/hu\/#website"},"datePublished":"2025-04-16T16:35:44+00:00","dateModified":"2026-03-18T14:48:06+00:00","description":"Az AWS penetr\u00e1ci\u00f3s tesztel\u00e9s felt\u00e1rja a felh\u0151alap\u00fa alkalmaz\u00e1sok rejtett s\u00e9r\u00fcl\u00e9kenys\u00e9geit, amelyeket az Amazon biztons\u00e1ga nem fed le teljesen.","breadcrumb":{"@id":"https:\/\/www.whiteshield.net\/hu\/szolgaltatasaink\/aws-penetracios-teszt\/#breadcrumb"},"inLanguage":"hu","potentialAction":[{"@type":"ReadAction","target":["https:\/\/www.whiteshield.net\/hu\/szolgaltatasaink\/aws-penetracios-teszt\/"]}]},{"@type":"BreadcrumbList","@id":"https:\/\/www.whiteshield.net\/hu\/szolgaltatasaink\/aws-penetracios-teszt\/#breadcrumb","itemListElement":[{"@type":"ListItem","position":1,"name":"Home","item":"https:\/\/www.whiteshield.net\/hu\/"},{"@type":"ListItem","position":2,"name":"Szolg\u00e1ltat\u00e1saink","item":"https:\/\/www.whiteshield.net\/hu\/szolgaltatasaink\/"},{"@type":"ListItem","position":3,"name":"AWS penetr\u00e1ci\u00f3s teszt"}]},{"@type":"WebSite","@id":"https:\/\/www.whiteshield.net\/hu\/#website","url":"https:\/\/www.whiteshield.net\/hu\/","name":"Whiteshield Ethical Hacking","description":"Biztons\u00e1gi Szak\u00e9rt\u0151k","potentialAction":[{"@type":"SearchAction","target":{"@type":"EntryPoint","urlTemplate":"https:\/\/www.whiteshield.net\/hu\/?s={search_term_string}"},"query-input":{"@type":"PropertyValueSpecification","valueRequired":true,"valueName":"search_term_string"}}],"inLanguage":"hu"}]}},"_links":{"self":[{"href":"https:\/\/www.whiteshield.net\/hu\/wp-json\/wp\/v2\/pages\/2223","targetHints":{"allow":["GET"]}}],"collection":[{"href":"https:\/\/www.whiteshield.net\/hu\/wp-json\/wp\/v2\/pages"}],"about":[{"href":"https:\/\/www.whiteshield.net\/hu\/wp-json\/wp\/v2\/types\/page"}],"author":[{"embeddable":true,"href":"https:\/\/www.whiteshield.net\/hu\/wp-json\/wp\/v2\/users\/1"}],"replies":[{"embeddable":true,"href":"https:\/\/www.whiteshield.net\/hu\/wp-json\/wp\/v2\/comments?post=2223"}],"version-history":[{"count":10,"href":"https:\/\/www.whiteshield.net\/hu\/wp-json\/wp\/v2\/pages\/2223\/revisions"}],"predecessor-version":[{"id":239133,"href":"https:\/\/www.whiteshield.net\/hu\/wp-json\/wp\/v2\/pages\/2223\/revisions\/239133"}],"up":[{"embeddable":true,"href":"https:\/\/www.whiteshield.net\/hu\/wp-json\/wp\/v2\/pages\/2076"}],"wp:attachment":[{"href":"https:\/\/www.whiteshield.net\/hu\/wp-json\/wp\/v2\/media?parent=2223"}],"curies":[{"name":"wp","href":"https:\/\/api.w.org\/{rel}","templated":true}]}}