{"id":2219,"date":"2025-04-16T18:32:12","date_gmt":"2025-04-16T16:32:12","guid":{"rendered":"https:\/\/www.whiteshield.net\/szolgaltatasaink\/infrastruktura-penetracios-teszteles\/"},"modified":"2026-03-18T15:55:07","modified_gmt":"2026-03-18T14:55:07","slug":"infrastruktura-penetracios-teszteles","status":"publish","type":"page","link":"https:\/\/www.whiteshield.net\/hu\/szolgaltatasaink\/infrastruktura-penetracios-teszteles\/","title":{"rendered":"Infrastrukt\u00fara-penetr\u00e1ci\u00f3s tesztel\u00e9s"},"content":{"rendered":"<div class=\"et_pb_section_0 et_pb_section et_section_regular et_flex_section\">\n<div class=\"et_pb_row_0 et_pb_row et_block_row et_animated\">\n<div class=\"et_pb_column_0 et_pb_column et_pb_column_4_4 et-last-child et_block_column et_pb_css_mix_blend_mode_passthrough\">\n<div class=\"et_pb_heading_0 et_pb_heading et_pb_module et_block_module\"><div class=\"et_pb_heading_container\"><h1 class=\"et_pb_module_header\">Infrastrukt\u00fara-penetr\u00e1ci\u00f3s tesztel\u00e9s<\/h1><\/div><\/div>\n\n<div class=\"et_pb_text_0 et_pb_text et_pb_bg_layout_light et_pb_module et_block_module\"><div class=\"et_pb_text_inner\"><p>Az infrastrukt\u00fara biztons\u00e1ga minden IT-vezet\u0151 sz\u00e1m\u00e1ra kiemelt priorit\u00e1s. A szervezeteknek proakt\u00edvan kell felt\u00e1rniuk a h\u00e1l\u00f3zati s\u00e9r\u00fcl\u00e9kenys\u00e9geket \u00e9s kijav\u00edtaniuk azokat, hogy megel\u0151zz\u00e9k azokat a t\u00e1mad\u00e1sokat, amelyek rendszerle\u00e1ll\u00e1st, adatveszt\u00e9st vagy h\u00edrn\u00e9vk\u00e1rosod\u00e1st okozhatnak.<\/p>\n<\/div><\/div>\n\n<div class=\"et_pb_module et_pb_button_module_wrapper et_pb_button_0_wrapper\"><a class=\"et_pb_button_0 et_pb_button et_pb_bg_layout_dark et_pb_module et_block_module\" href=\"#book_consult\" data-icon=\"&quot;\">Foglaljon id\u0151pontot!<\/a><\/div>\n<\/div>\n<\/div>\n\n<div class=\"et_pb_row_1 et_pb_row et_flex_row et_animated\">\n<div class=\"et_pb_column_1 et_pb_column et-last-child et_flex_column et_pb_css_mix_blend_mode_passthrough et_flex_column_24_24 et_flex_column_24_24_tablet et_flex_column_24_24_phone et_flex_column_24_24_phoneWide et_flex_column_24_24_tabletWide et_flex_column_24_24_widescreen et_flex_column_24_24_ultraWide\">\n<div class=\"et_pb_text_1 et_pb_text et_pb_bg_layout_light et_pb_module et_block_module\"><div class=\"et_pb_text_inner\"><p>A Whiteshield szak\u00e9rt\u0151i az automatiz\u00e1lt szkennel\u00e9st k\u00e9zi technik\u00e1kkal kombin\u00e1lva vizsg\u00e1lj\u00e1k meg a k\u00fcls\u0151 hat\u00e1rfel\u00fcleteket, \u00e9s felt\u00e1rj\u00e1k a megl\u00e9v\u0151 sebezhet\u0151s\u00e9geket. Minden, az internet fel\u00e9 nyitott elemre kiterjed az \u00e9rt\u00e9kel\u00e9s \u2013 a webalkalmaz\u00e1sokt\u00f3l kezdve a munkav\u00e1llal\u00f3i port\u00e1lokon \u00e1t az egyedi \u00fczleti szolg\u00e1ltat\u00e1sokig.<\/p>\n<p>B\u00e1rmilyen t\u00edpus\u00fa biztons\u00e1gi incidens komoly k\u00f6vetkezm\u00e9nyekkel j\u00e1rhat egy v\u00e1llalat \u00e9s annak \u00fcgyfelei sz\u00e1m\u00e1ra. Egy biztons\u00e1gi r\u00e9s nemcsak a fogyaszt\u00f3i bizalom elveszt\u00e9s\u00e9hez vezethet, hanem jogi k\u00f6vetkezm\u00e9nyeket is vonhat maga ut\u00e1n. A megel\u0151z\u00e9shez proakt\u00edv hozz\u00e1\u00e1ll\u00e1s sz\u00fcks\u00e9ges: a h\u00e1l\u00f3zati sebezhet\u0151s\u00e9gek id\u0151ben t\u00f6rt\u00e9n\u0151 azonos\u00edt\u00e1sa \u00e9s kijav\u00edt\u00e1sa elengedhetetlen.<\/p>\n<p>A Whiteshield infrastrukt\u00fara-penetr\u00e1ci\u00f3s tesztel\u00e9se olyan biztons\u00e1gi \u00e9rt\u00e9kel\u00e9si m\u00f3dszertan, amely sor\u00e1n szak\u00e9rt\u0151ink el\u0151re megtervezett t\u00e1mad\u00e1sokkal tesztelik a v\u00e1llalat IT-infrastrukt\u00far\u00e1j\u00e1t. A c\u00e9l, hogy felt\u00e1rjuk \u00e9s bemutassuk azokat a gyenge pontokat, amelyek val\u00f3s t\u00e1mad\u00f3k sz\u00e1m\u00e1ra is hozz\u00e1f\u00e9rhet\u0151ek lenn\u00e9nek. Ehhez ugyanazokat az eszk\u00f6z\u00f6ket \u00e9s technik\u00e1kat haszn\u00e1ljuk, amelyekkel a val\u00f3 \u00e9letben is sz\u00e1molni kell.<\/p>\n<p>A tesztel\u00e9s sor\u00e1n t\u00f6bbek k\u00f6z\u00f6tt az al\u00e1bbiakat vizsg\u00e1ljuk:<\/p>\n<ul>\n<li style=\"list-style-type: none;\">\n<ul>\n<li>helytelen vagy gyenge konfigur\u00e1ci\u00f3k<br \/>elavult vagy s\u00e9r\u00fcl\u00e9keny szoftverek<\/li>\n<li>jogosults\u00e1gi szintek kihaszn\u00e1l\u00e1si lehet\u0151s\u00e9gei (privilege escalation)<\/li>\n<li>t\u0171zfalbe\u00e1ll\u00edt\u00e1sok \u00e9s h\u00e1l\u00f3zati szab\u00e1lyok<\/li>\n<li>alap\u00e9rtelmezett jelszavak, hib\u00e1s adatkezel\u00e9s<\/li>\n<li>logikai hib\u00e1k a rendszerfel\u00e9p\u00edt\u00e9sben<\/li>\n<\/ul>\n<\/li>\n<\/ul>\n<p>A teszt sor\u00e1n azonos\u00edtjuk azokat a g\u00e9peket \u00e9s er\u0151forr\u00e1sokat is, amelyek tov\u00e1bbi vizsg\u00e1latot ig\u00e9nyelhetnek \u2013 p\u00e9ld\u00e1ul webalkalmaz\u00e1sok, port\u00e1lrendszerek vagy m\u00e1s, internetre nyitott szolg\u00e1ltat\u00e1sok.<\/p>\n<p>A tesztel\u00e9s lez\u00e1rult\u00e1val r\u00e9szletes, j\u00f3l struktur\u00e1lt jelent\u00e9st ny\u00fajtunk \u00e1t, amely egy\u00e9rtelm\u0171en bemutatja az azonos\u00edtott s\u00e9r\u00fcl\u00e9kenys\u00e9geket, valamint javaslatokat tartalmaz azok kik\u00fcsz\u00f6b\u00f6l\u00e9s\u00e9re. C\u00e9lunk, hogy az infrastrukt\u00fara peremv\u00e9delme \u00e1tl\u00e1that\u00f3, hat\u00e9kony \u00e9s fenntarthat\u00f3 m\u00f3don meger\u0151s\u00edthet\u0151 legyen.<\/p>\n<\/div><\/div>\n<\/div>\n<\/div>\n\n<div class=\"et_pb_row_2 et_pb_row et_block_row et_animated\" id=\"book_consult\">\n<div class=\"et_pb_column_2 et_pb_column et_pb_column_4_4 et-last-child et_block_column et_pb_css_mix_blend_mode_passthrough\">\n<div class=\"et_pb_cta_0 et_pb_promo et_pb_bg_layout_dark et_pb_module et_block_module\"><div class=\"et_pb_promo_description\"><h2 class=\"et_pb_module_header\">A biztons\u00e1g egy besz\u00e9lget\u00e9ssel kezd\u0151dik<\/h2><div class=\"et_pb_promo_content\"><p>Hagyjuk a sales sablonokat!<\/p>\n<p>Besz\u00e9lgess\u00fcnk \u00e9rdemben az \u00fczletmenet-folytonoss\u00e1gr\u00f3l \u00e9s a m\u0171k\u00f6d\u00e9si kock\u00e1zatokr\u00f3l!<\/p>\n<\/div><\/div><div class=\"et_pb_button_wrapper\"><a class=\"et_pb_button et_pb_promo_button\" href=\"https:\/\/jtdvcjaj.youcanbook.me\/\">Ingyenes 30 perces konzult\u00e1ci\u00f3<\/a><\/div><\/div>\n<\/div>\n<\/div>\n<\/div>","protected":false},"excerpt":{"rendered":"<p>Az infrastrukt\u00fara biztons\u00e1ga minden IT-vezet\u0151 sz\u00e1m\u00e1ra kiemelt priorit\u00e1s. A szervezeteknek proakt\u00edvan kell felt\u00e1rniuk a h\u00e1l\u00f3zati s\u00e9r\u00fcl\u00e9kenys\u00e9geket \u00e9s kijav\u00edtaniuk azokat, hogy megel\u0151zz\u00e9k azokat a t\u00e1mad\u00e1sokat, amelyek rendszerle\u00e1ll\u00e1st, adatveszt\u00e9st vagy h\u00edrn\u00e9vk\u00e1rosod\u00e1st okozhatnak. A Whiteshield szak\u00e9rt\u0151i az automatiz\u00e1lt szkennel\u00e9st k\u00e9zi technik\u00e1kkal kombin\u00e1lva vizsg\u00e1lj\u00e1k meg a k\u00fcls\u0151 hat\u00e1rfel\u00fcleteket, \u00e9s felt\u00e1rj\u00e1k a megl\u00e9v\u0151 sebezhet\u0151s\u00e9geket. Minden, az internet fel\u00e9 nyitott elemre kiterjed az \u00e9rt\u00e9kel\u00e9s \u2013 a webalkalmaz\u00e1sokt\u00f3l kezdve a munkav\u00e1llal\u00f3i port\u00e1lokon \u00e1t az egyedi \u00fczleti szolg\u00e1ltat\u00e1sokig.<\/p>\n","protected":false},"author":1,"featured_media":1025,"parent":2076,"menu_order":70,"comment_status":"closed","ping_status":"closed","template":"","meta":{"content-type":"","footnotes":""},"class_list":["post-2219","page","type-page","status-publish","has-post-thumbnail","hentry"],"yoast_head":"<!-- This site is optimized with the Yoast SEO plugin v27.4 - https:\/\/yoast.com\/product\/yoast-seo-wordpress\/ -->\n<title>Infrastrukt\u00fara-penetr\u00e1ci\u00f3s tesztel\u00e9s - Whiteshield Ethical Hacking<\/title>\n<meta name=\"description\" content=\"Az infrastrukt\u00farav\u00e9delem kulcsfontoss\u00e1g\u00fa. A Whiteshield felt\u00e1rja a peremh\u00e1l\u00f3zat sebezhet\u0151s\u00e9geit manu\u00e1lis \u00e9s automatiz\u00e1lt m\u00f3dszerekkel.\" \/>\n<meta name=\"robots\" content=\"index, follow, max-snippet:-1, max-image-preview:large, max-video-preview:-1\" \/>\n<link rel=\"canonical\" href=\"https:\/\/www.whiteshield.net\/hu\/szolgaltatasaink\/infrastruktura-penetracios-teszteles\/\" \/>\n<meta property=\"og:locale\" content=\"hu_HU\" \/>\n<meta property=\"og:type\" content=\"article\" \/>\n<meta property=\"og:title\" content=\"Infrastrukt\u00fara-penetr\u00e1ci\u00f3s tesztel\u00e9s - Whiteshield Ethical Hacking\" \/>\n<meta property=\"og:description\" content=\"Az infrastrukt\u00farav\u00e9delem kulcsfontoss\u00e1g\u00fa. A Whiteshield felt\u00e1rja a peremh\u00e1l\u00f3zat sebezhet\u0151s\u00e9geit manu\u00e1lis \u00e9s automatiz\u00e1lt m\u00f3dszerekkel.\" \/>\n<meta property=\"og:url\" content=\"https:\/\/www.whiteshield.net\/hu\/szolgaltatasaink\/infrastruktura-penetracios-teszteles\/\" \/>\n<meta property=\"og:site_name\" content=\"Whiteshield Ethical Hacking\" \/>\n<meta property=\"article:modified_time\" content=\"2026-03-18T14:55:07+00:00\" \/>\n<meta property=\"og:image\" content=\"https:\/\/www.whiteshield.net\/wp-content\/uploads\/2020\/02\/external_network.png\" \/>\n\t<meta property=\"og:image:width\" content=\"640\" \/>\n\t<meta property=\"og:image:height\" content=\"480\" \/>\n\t<meta property=\"og:image:type\" content=\"image\/png\" \/>\n<meta name=\"twitter:card\" content=\"summary_large_image\" \/>\n<meta name=\"twitter:label1\" content=\"Becs\u00fclt olvas\u00e1si id\u0151\" \/>\n\t<meta name=\"twitter:data1\" content=\"1 perc\" \/>\n<script type=\"application\/ld+json\" class=\"yoast-schema-graph\">{\"@context\":\"https:\\\/\\\/schema.org\",\"@graph\":[{\"@type\":\"WebPage\",\"@id\":\"https:\\\/\\\/www.whiteshield.net\\\/hu\\\/szolgaltatasaink\\\/infrastruktura-penetracios-teszteles\\\/\",\"url\":\"https:\\\/\\\/www.whiteshield.net\\\/hu\\\/szolgaltatasaink\\\/infrastruktura-penetracios-teszteles\\\/\",\"name\":\"Infrastrukt\u00fara-penetr\u00e1ci\u00f3s tesztel\u00e9s - Whiteshield Ethical Hacking\",\"isPartOf\":{\"@id\":\"https:\\\/\\\/www.whiteshield.net\\\/hu\\\/#website\"},\"primaryImageOfPage\":{\"@id\":\"https:\\\/\\\/www.whiteshield.net\\\/hu\\\/szolgaltatasaink\\\/infrastruktura-penetracios-teszteles\\\/#primaryimage\"},\"image\":{\"@id\":\"https:\\\/\\\/www.whiteshield.net\\\/hu\\\/szolgaltatasaink\\\/infrastruktura-penetracios-teszteles\\\/#primaryimage\"},\"thumbnailUrl\":\"https:\\\/\\\/www.whiteshield.net\\\/wp-content\\\/uploads\\\/2020\\\/02\\\/external_network.png\",\"datePublished\":\"2025-04-16T16:32:12+00:00\",\"dateModified\":\"2026-03-18T14:55:07+00:00\",\"description\":\"Az infrastrukt\u00farav\u00e9delem kulcsfontoss\u00e1g\u00fa. A Whiteshield felt\u00e1rja a peremh\u00e1l\u00f3zat sebezhet\u0151s\u00e9geit manu\u00e1lis \u00e9s automatiz\u00e1lt m\u00f3dszerekkel.\",\"breadcrumb\":{\"@id\":\"https:\\\/\\\/www.whiteshield.net\\\/hu\\\/szolgaltatasaink\\\/infrastruktura-penetracios-teszteles\\\/#breadcrumb\"},\"inLanguage\":\"hu\",\"potentialAction\":[{\"@type\":\"ReadAction\",\"target\":[\"https:\\\/\\\/www.whiteshield.net\\\/hu\\\/szolgaltatasaink\\\/infrastruktura-penetracios-teszteles\\\/\"]}]},{\"@type\":\"ImageObject\",\"inLanguage\":\"hu\",\"@id\":\"https:\\\/\\\/www.whiteshield.net\\\/hu\\\/szolgaltatasaink\\\/infrastruktura-penetracios-teszteles\\\/#primaryimage\",\"url\":\"https:\\\/\\\/www.whiteshield.net\\\/wp-content\\\/uploads\\\/2020\\\/02\\\/external_network.png\",\"contentUrl\":\"https:\\\/\\\/www.whiteshield.net\\\/wp-content\\\/uploads\\\/2020\\\/02\\\/external_network.png\",\"width\":640,\"height\":480},{\"@type\":\"BreadcrumbList\",\"@id\":\"https:\\\/\\\/www.whiteshield.net\\\/hu\\\/szolgaltatasaink\\\/infrastruktura-penetracios-teszteles\\\/#breadcrumb\",\"itemListElement\":[{\"@type\":\"ListItem\",\"position\":1,\"name\":\"Home\",\"item\":\"https:\\\/\\\/www.whiteshield.net\\\/hu\\\/\"},{\"@type\":\"ListItem\",\"position\":2,\"name\":\"Szolg\u00e1ltat\u00e1saink\",\"item\":\"https:\\\/\\\/www.whiteshield.net\\\/hu\\\/szolgaltatasaink\\\/\"},{\"@type\":\"ListItem\",\"position\":3,\"name\":\"Infrastrukt\u00fara-penetr\u00e1ci\u00f3s tesztel\u00e9s\"}]},{\"@type\":\"WebSite\",\"@id\":\"https:\\\/\\\/www.whiteshield.net\\\/hu\\\/#website\",\"url\":\"https:\\\/\\\/www.whiteshield.net\\\/hu\\\/\",\"name\":\"Whiteshield Ethical Hacking\",\"description\":\"Biztons\u00e1gi Szak\u00e9rt\u0151k\",\"potentialAction\":[{\"@type\":\"SearchAction\",\"target\":{\"@type\":\"EntryPoint\",\"urlTemplate\":\"https:\\\/\\\/www.whiteshield.net\\\/hu\\\/?s={search_term_string}\"},\"query-input\":{\"@type\":\"PropertyValueSpecification\",\"valueRequired\":true,\"valueName\":\"search_term_string\"}}],\"inLanguage\":\"hu\"}]}<\/script>\n<!-- \/ Yoast SEO plugin. -->","yoast_head_json":{"title":"Infrastrukt\u00fara-penetr\u00e1ci\u00f3s tesztel\u00e9s - Whiteshield Ethical Hacking","description":"Az infrastrukt\u00farav\u00e9delem kulcsfontoss\u00e1g\u00fa. A Whiteshield felt\u00e1rja a peremh\u00e1l\u00f3zat sebezhet\u0151s\u00e9geit manu\u00e1lis \u00e9s automatiz\u00e1lt m\u00f3dszerekkel.","robots":{"index":"index","follow":"follow","max-snippet":"max-snippet:-1","max-image-preview":"max-image-preview:large","max-video-preview":"max-video-preview:-1"},"canonical":"https:\/\/www.whiteshield.net\/hu\/szolgaltatasaink\/infrastruktura-penetracios-teszteles\/","og_locale":"hu_HU","og_type":"article","og_title":"Infrastrukt\u00fara-penetr\u00e1ci\u00f3s tesztel\u00e9s - Whiteshield Ethical Hacking","og_description":"Az infrastrukt\u00farav\u00e9delem kulcsfontoss\u00e1g\u00fa. A Whiteshield felt\u00e1rja a peremh\u00e1l\u00f3zat sebezhet\u0151s\u00e9geit manu\u00e1lis \u00e9s automatiz\u00e1lt m\u00f3dszerekkel.","og_url":"https:\/\/www.whiteshield.net\/hu\/szolgaltatasaink\/infrastruktura-penetracios-teszteles\/","og_site_name":"Whiteshield Ethical Hacking","article_modified_time":"2026-03-18T14:55:07+00:00","og_image":[{"width":640,"height":480,"url":"https:\/\/www.whiteshield.net\/wp-content\/uploads\/2020\/02\/external_network.png","type":"image\/png"}],"twitter_card":"summary_large_image","twitter_misc":{"Becs\u00fclt olvas\u00e1si id\u0151":"1 perc"},"schema":{"@context":"https:\/\/schema.org","@graph":[{"@type":"WebPage","@id":"https:\/\/www.whiteshield.net\/hu\/szolgaltatasaink\/infrastruktura-penetracios-teszteles\/","url":"https:\/\/www.whiteshield.net\/hu\/szolgaltatasaink\/infrastruktura-penetracios-teszteles\/","name":"Infrastrukt\u00fara-penetr\u00e1ci\u00f3s tesztel\u00e9s - Whiteshield Ethical Hacking","isPartOf":{"@id":"https:\/\/www.whiteshield.net\/hu\/#website"},"primaryImageOfPage":{"@id":"https:\/\/www.whiteshield.net\/hu\/szolgaltatasaink\/infrastruktura-penetracios-teszteles\/#primaryimage"},"image":{"@id":"https:\/\/www.whiteshield.net\/hu\/szolgaltatasaink\/infrastruktura-penetracios-teszteles\/#primaryimage"},"thumbnailUrl":"https:\/\/www.whiteshield.net\/wp-content\/uploads\/2020\/02\/external_network.png","datePublished":"2025-04-16T16:32:12+00:00","dateModified":"2026-03-18T14:55:07+00:00","description":"Az infrastrukt\u00farav\u00e9delem kulcsfontoss\u00e1g\u00fa. A Whiteshield felt\u00e1rja a peremh\u00e1l\u00f3zat sebezhet\u0151s\u00e9geit manu\u00e1lis \u00e9s automatiz\u00e1lt m\u00f3dszerekkel.","breadcrumb":{"@id":"https:\/\/www.whiteshield.net\/hu\/szolgaltatasaink\/infrastruktura-penetracios-teszteles\/#breadcrumb"},"inLanguage":"hu","potentialAction":[{"@type":"ReadAction","target":["https:\/\/www.whiteshield.net\/hu\/szolgaltatasaink\/infrastruktura-penetracios-teszteles\/"]}]},{"@type":"ImageObject","inLanguage":"hu","@id":"https:\/\/www.whiteshield.net\/hu\/szolgaltatasaink\/infrastruktura-penetracios-teszteles\/#primaryimage","url":"https:\/\/www.whiteshield.net\/wp-content\/uploads\/2020\/02\/external_network.png","contentUrl":"https:\/\/www.whiteshield.net\/wp-content\/uploads\/2020\/02\/external_network.png","width":640,"height":480},{"@type":"BreadcrumbList","@id":"https:\/\/www.whiteshield.net\/hu\/szolgaltatasaink\/infrastruktura-penetracios-teszteles\/#breadcrumb","itemListElement":[{"@type":"ListItem","position":1,"name":"Home","item":"https:\/\/www.whiteshield.net\/hu\/"},{"@type":"ListItem","position":2,"name":"Szolg\u00e1ltat\u00e1saink","item":"https:\/\/www.whiteshield.net\/hu\/szolgaltatasaink\/"},{"@type":"ListItem","position":3,"name":"Infrastrukt\u00fara-penetr\u00e1ci\u00f3s tesztel\u00e9s"}]},{"@type":"WebSite","@id":"https:\/\/www.whiteshield.net\/hu\/#website","url":"https:\/\/www.whiteshield.net\/hu\/","name":"Whiteshield Ethical Hacking","description":"Biztons\u00e1gi Szak\u00e9rt\u0151k","potentialAction":[{"@type":"SearchAction","target":{"@type":"EntryPoint","urlTemplate":"https:\/\/www.whiteshield.net\/hu\/?s={search_term_string}"},"query-input":{"@type":"PropertyValueSpecification","valueRequired":true,"valueName":"search_term_string"}}],"inLanguage":"hu"}]}},"_links":{"self":[{"href":"https:\/\/www.whiteshield.net\/hu\/wp-json\/wp\/v2\/pages\/2219","targetHints":{"allow":["GET"]}}],"collection":[{"href":"https:\/\/www.whiteshield.net\/hu\/wp-json\/wp\/v2\/pages"}],"about":[{"href":"https:\/\/www.whiteshield.net\/hu\/wp-json\/wp\/v2\/types\/page"}],"author":[{"embeddable":true,"href":"https:\/\/www.whiteshield.net\/hu\/wp-json\/wp\/v2\/users\/1"}],"replies":[{"embeddable":true,"href":"https:\/\/www.whiteshield.net\/hu\/wp-json\/wp\/v2\/comments?post=2219"}],"version-history":[{"count":5,"href":"https:\/\/www.whiteshield.net\/hu\/wp-json\/wp\/v2\/pages\/2219\/revisions"}],"predecessor-version":[{"id":239136,"href":"https:\/\/www.whiteshield.net\/hu\/wp-json\/wp\/v2\/pages\/2219\/revisions\/239136"}],"up":[{"embeddable":true,"href":"https:\/\/www.whiteshield.net\/hu\/wp-json\/wp\/v2\/pages\/2076"}],"wp:featuredmedia":[{"embeddable":true,"href":"https:\/\/www.whiteshield.net\/hu\/wp-json\/wp\/v2\/media\/1025"}],"wp:attachment":[{"href":"https:\/\/www.whiteshield.net\/hu\/wp-json\/wp\/v2\/media?parent=2219"}],"curies":[{"name":"wp","href":"https:\/\/api.w.org\/{rel}","templated":true}]}}