{"id":2200,"date":"2025-04-16T18:13:39","date_gmt":"2025-04-16T16:13:39","guid":{"rendered":"https:\/\/www.whiteshield.net\/szolgaltatasaink\/mobilalkalmazas-kezi-penetracios-tesztelese\/"},"modified":"2026-03-18T15:42:08","modified_gmt":"2026-03-18T14:42:08","slug":"mobilalkalmazas-kezi-penetracios-tesztelese","status":"publish","type":"page","link":"https:\/\/www.whiteshield.net\/hu\/szolgaltatasaink\/mobilalkalmazas-kezi-penetracios-tesztelese\/","title":{"rendered":"Mobilalkalmaz\u00e1s k\u00e9zi penetr\u00e1ci\u00f3s tesztel\u00e9se"},"content":{"rendered":"<div class=\"et_pb_section_0 et_pb_section et_section_regular et_flex_section\">\n<div class=\"et_pb_row_0 et_pb_row et_block_row et_animated\">\n<div class=\"et_pb_column_0 et_pb_column et_pb_column_4_4 et-last-child et_block_column et_pb_css_mix_blend_mode_passthrough\">\n<div class=\"et_pb_heading_0 et_pb_heading et_pb_module et_block_module\"><div class=\"et_pb_heading_container\"><h1 class=\"et_pb_module_header\">Mobilalkalmaz\u00e1s k\u00e9zi penetr\u00e1ci\u00f3s tesztel\u00e9se<\/h1><\/div><\/div>\n\n<div class=\"et_pb_text_0 et_pb_text et_pb_bg_layout_light et_pb_module et_block_module\"><div class=\"et_pb_text_inner\"><p style=\"text-align: center;\"><span>A mobilplatformok a modern alkalmaz\u00e1sfejleszt\u00e9s k\u00f6zponti elemei, ugyanakkor \u00faj biztons\u00e1gi kih\u00edv\u00e1sokat is jelentenek. Mobilalkalmaz\u00e1s-biztons\u00e1gi tesztel\u00e9s\u00fcnk \u00e1tfog\u00f3 vizsg\u00e1latot ny\u00fajt iOS \u00e9s Android k\u00f6rnyezetekre, felt\u00e1rva azokat a s\u00e9r\u00fcl\u00e9kenys\u00e9geket, amelyek vesz\u00e9lyeztethetik a felhaszn\u00e1l\u00f3i adatokat \u00e9s az \u00fczleti m\u0171k\u00f6d\u00e9st.<\/span><\/p>\n<\/div><\/div>\n\n<div class=\"et_pb_module et_pb_button_module_wrapper et_pb_button_0_wrapper\"><a class=\"et_pb_button_0 et_pb_button et_pb_bg_layout_dark et_pb_module et_block_module\" href=\"#book_consult\" data-icon=\"&quot;\">Foglaljon id\u0151pontot!<\/a><\/div>\n<\/div>\n<\/div>\n\n<div class=\"et_pb_row_1 et_pb_row et_flex_row et_animated\">\n<div class=\"et_pb_column_1 et_pb_column et-last-child et_flex_column et_pb_css_mix_blend_mode_passthrough et_flex_column_24_24 et_flex_column_24_24_tablet et_flex_column_24_24_phone et_flex_column_24_24_phoneWide et_flex_column_24_24_tabletWide et_flex_column_24_24_widescreen et_flex_column_24_24_ultraWide\">\n<div class=\"et_pb_text_1 et_pb_text et_pb_bg_layout_light et_pb_module et_block_module\"><div class=\"et_pb_text_inner\"><p class=\"\" data-start=\"211\" data-end=\"653\">A Whiteshield mobilalkalmaz\u00e1s-tesztel\u00e9si m\u00f3dszertana az OWASP Mobile (Open Web Application Security Project) ir\u00e1nyelvein alapul, bele\u00e9rtve az OWASP Mobile Top 10 s\u00e9r\u00fcl\u00e9kenys\u00e9gi list\u00e1t, valamint az OWASP MASVS (Mobile Application Security Verification Standard) k\u00f6vetelm\u00e9nyeit. Ez a keretrendszer kieg\u00e9sz\u00fcl saj\u00e1t szak\u00e9rt\u0151i tapasztalatainkkal, amelyek sor\u00e1n sz\u00e1mos val\u00f3s s\u00e9r\u00fcl\u00e9kenys\u00e9get azonos\u00edtottunk k\u00fcl\u00f6nb\u00f6z\u0151 mobilalkalmaz\u00e1si k\u00f6rnyezetekben.<\/p>\n<p><span>A mobilalkalmaz\u00e1sok penetr\u00e1ci\u00f3s tesztel\u00e9se minden esetben tan\u00e1csad\u00f3 \u00e1ltal vezetett, manu\u00e1lis, m\u00e9lyrehat\u00f3 biztons\u00e1gi \u00e9rt\u00e9kel\u00e9st jelent. A vizsg\u00e1lat sor\u00e1n nemcsak automatiz\u00e1lt eszk\u00f6z\u00f6kre t\u00e1maszkodunk, hanem az \u00fczleti logika, a platform-specifikus architekt\u00far\u00e1k \u00e9s a val\u00f3s t\u00e1mad\u00e1si forgat\u00f3k\u00f6nyvek is szigor\u00faan figyelembe v\u00e9telre ker\u00fclnek.<\/span><\/p>\n<p>M\u00e9lyrehat\u00f3 tapasztalattal rendelkez\u00fcnk mind<span>\u00a0<\/span><strong data-start=\"1036\" data-end=\"1043\">iOS<\/strong>, mind<span>\u00a0<\/span><strong data-start=\"1050\" data-end=\"1061\">Android<\/strong><span>\u00a0<\/span>platformokon v\u00e9gzett penetr\u00e1ci\u00f3s tesztek ter\u00e9n. Ennek k\u00f6sz\u00f6nhet\u0151en pontosan \u00e9rtj\u00fck az egyes mobil oper\u00e1ci\u00f3s rendszerekre jellemz\u0151 egyedi biztons\u00e1gi kih\u00edv\u00e1sokat \u00e9s potenci\u00e1lis t\u00e1mad\u00e1si pontokat. Szak\u00e9rtelm\u00fcnk lehet\u0151v\u00e9 teszi az \u00e9rt\u00e9kel\u00e9sek testreszab\u00e1s\u00e1t speci\u00e1lis ig\u00e9nyek ment\u00e9n \u2013 p\u00e9ld\u00e1ul iOS-alkalmaz\u00e1sok visszafejt\u00e9s\u00e9re, vagy Android-alkalmaz\u00e1sokat \u00e9rint\u0151 rosszindulat\u00fa k\u00f3dok vizsg\u00e1lat\u00e1ra.<\/p>\n<p>\u00a0Minden biztons\u00e1gi \u00e9rt\u00e9kel\u00e9s\u00fcnk t\u00f6bbf\u00e9le t\u00e1mad\u00e1si vektort \u00e9s kock\u00e1zati t\u00e9nyez\u0151t vizsg\u00e1l, bele\u00e9rtve:<\/p>\n<ul>\n<li style=\"list-style-type: none;\">\n<ul>\n<li>\u00a0<span>nem biztons\u00e1gos adatt\u00e1rol\u00e1s<\/span><\/li>\n<li class=\"\" data-start=\"1586\" data-end=\"1636\">\n<p class=\"\" data-start=\"1588\" data-end=\"1636\">ellopott vagy kompromitt\u00e1lt eszk\u00f6z\u00f6k kock\u00e1zata<\/p>\n<\/li>\n<li class=\"\" data-start=\"1637\" data-end=\"1670\">\n<p class=\"\" data-start=\"1639\" data-end=\"1670\">mobil k\u00e1rtev\u0151k elleni v\u00e9delem<\/p>\n<\/li>\n<li class=\"\" data-start=\"1671\" data-end=\"1728\">\n<p class=\"\" data-start=\"1673\" data-end=\"1728\">autentik\u00e1lt \u00e9s nem autentik\u00e1lt felhaszn\u00e1l\u00f3i m\u0171veletek<\/p>\n<\/li>\n<li class=\"\" data-start=\"1729\" data-end=\"1790\">\n<p class=\"\" data-start=\"1731\" data-end=\"1790\">jailbreakelt iOS \u00e9s rootolt Android eszk\u00f6z\u00f6k\u00f6n val\u00f3 m\u0171k\u00f6d\u00e9s<\/p>\n<\/li>\n<\/ul>\n<\/li>\n<\/ul>\n<p>Az \u00e9rt\u00e9kel\u00e9sek sor\u00e1n \u00f6sszehasonl\u00edtjuk a k\u00fcl\u00f6nb\u00f6z\u0151 t\u00edpus\u00fa t\u00e1mad\u00f3k \u00e1ltal jelentett kock\u00e1zatokat \u2013 bele\u00e9rtve a c\u00e9lzott t\u00e1mad\u00e1st v\u00e9grehajt\u00f3 t\u00e1mad\u00f3kat \u00e9s az egyszer\u0171 felhaszn\u00e1l\u00f3i hib\u00e1kat kihaszn\u00e1l\u00f3 \u00e1tlagos fenyeget\u00e9seket is. Ez lehet\u0151s\u00e9get biztos\u00edt arra, hogy a mobilalkalmaz\u00e1s biztons\u00e1g\u00e1t \u00e1tfog\u00f3an, t\u00f6bb szempontb\u00f3l is \u00e9rt\u00e9kelj\u00fck, \u00e9s olyan gyakorlati javaslatokat ny\u00fajtsunk, amelyek val\u00f3s v\u00e9delmet ny\u00fajtanak az aktu\u00e1lis fenyeget\u00e9sek ellen.<\/p>\n<\/div><\/div>\n<\/div>\n<\/div>\n\n<div class=\"et_pb_row_2 et_pb_row et_block_row et_animated\" id=\"book_consult\">\n<div class=\"et_pb_column_2 et_pb_column et_pb_column_4_4 et-last-child et_block_column et_pb_css_mix_blend_mode_passthrough\">\n<div class=\"et_pb_cta_0 et_pb_promo et_pb_bg_layout_dark et_pb_module et_block_module\"><div class=\"et_pb_promo_description\"><h2 class=\"et_pb_module_header\">A biztons\u00e1g egy besz\u00e9lget\u00e9ssel kezd\u0151dik<\/h2><div class=\"et_pb_promo_content\"><p>Hagyjuk a sales sablonokat!<\/p>\n<p>Besz\u00e9lgess\u00fcnk \u00e9rdemben az \u00fczletmenet-folytonoss\u00e1gr\u00f3l \u00e9s a m\u0171k\u00f6d\u00e9si kock\u00e1zatokr\u00f3l!<\/p>\n<\/div><\/div><div class=\"et_pb_button_wrapper\"><a class=\"et_pb_button et_pb_promo_button\" href=\"https:\/\/jtdvcjaj.youcanbook.me\/\">Ingyenes 30 perces konzult\u00e1ci\u00f3<\/a><\/div><\/div>\n<\/div>\n<\/div>\n<\/div>","protected":false},"excerpt":{"rendered":"<p>A mobilplatformok a modern alkalmaz\u00e1sfejleszt\u00e9s k\u00f6zponti elemei, ugyanakkor \u00faj biztons\u00e1gi kih\u00edv\u00e1sokat is jelentenek. Mobilalkalmaz\u00e1s-biztons\u00e1gi tesztel\u00e9s\u00fcnk \u00e1tfog\u00f3 vizsg\u00e1latot ny\u00fajt iOS \u00e9s Android k\u00f6rnyezetekre, felt\u00e1rva azokat a s\u00e9r\u00fcl\u00e9kenys\u00e9geket, amelyek vesz\u00e9lyeztethetik a felhaszn\u00e1l\u00f3i adatokat \u00e9s az \u00fczleti m\u0171k\u00f6d\u00e9st.<\/p>\n","protected":false},"author":1,"featured_media":866,"parent":2076,"menu_order":50,"comment_status":"closed","ping_status":"closed","template":"","meta":{"content-type":"","footnotes":""},"class_list":["post-2200","page","type-page","status-publish","has-post-thumbnail","hentry"],"yoast_head":"<!-- This site is optimized with the Yoast SEO plugin v27.5 - https:\/\/yoast.com\/product\/yoast-seo-wordpress\/ -->\n<title>Mobilalkalmaz\u00e1s k\u00e9zi penetr\u00e1ci\u00f3s tesztel\u00e9se - Whiteshield Ethical Hacking<\/title>\n<meta name=\"description\" content=\"A mobilalkalmaz\u00e1s-biztons\u00e1gi tesztel\u00e9s felt\u00e1rja az iOS \u00e9s Android appok s\u00e9r\u00fcl\u00e9kenys\u00e9geit, cs\u00f6kkentve a n\u00f6vekv\u0151 mobilkock\u00e1zatokat.\" \/>\n<meta name=\"robots\" content=\"index, follow, max-snippet:-1, max-image-preview:large, max-video-preview:-1\" \/>\n<link rel=\"canonical\" href=\"https:\/\/www.whiteshield.net\/hu\/szolgaltatasaink\/mobilalkalmazas-kezi-penetracios-tesztelese\/\" \/>\n<meta property=\"og:locale\" content=\"hu_HU\" \/>\n<meta property=\"og:type\" content=\"article\" \/>\n<meta property=\"og:title\" content=\"Mobilalkalmaz\u00e1s k\u00e9zi penetr\u00e1ci\u00f3s tesztel\u00e9se - Whiteshield Ethical Hacking\" \/>\n<meta property=\"og:description\" content=\"A mobilalkalmaz\u00e1s-biztons\u00e1gi tesztel\u00e9s felt\u00e1rja az iOS \u00e9s Android appok s\u00e9r\u00fcl\u00e9kenys\u00e9geit, cs\u00f6kkentve a n\u00f6vekv\u0151 mobilkock\u00e1zatokat.\" \/>\n<meta property=\"og:url\" content=\"https:\/\/www.whiteshield.net\/hu\/szolgaltatasaink\/mobilalkalmazas-kezi-penetracios-tesztelese\/\" \/>\n<meta property=\"og:site_name\" content=\"Whiteshield Ethical Hacking\" \/>\n<meta property=\"article:modified_time\" content=\"2026-03-18T14:42:08+00:00\" \/>\n<meta property=\"og:image\" content=\"https:\/\/www.whiteshield.net\/wp-content\/uploads\/2020\/02\/mobile_app_and_api_penetration_testing.png\" \/>\n\t<meta property=\"og:image:width\" content=\"640\" \/>\n\t<meta property=\"og:image:height\" content=\"480\" \/>\n\t<meta property=\"og:image:type\" content=\"image\/png\" \/>\n<meta name=\"twitter:card\" content=\"summary_large_image\" \/>\n<meta name=\"twitter:label1\" content=\"Becs\u00fclt olvas\u00e1si id\u0151\" \/>\n\t<meta name=\"twitter:data1\" content=\"2 perc\" \/>\n<script type=\"application\/ld+json\" class=\"yoast-schema-graph\">{\"@context\":\"https:\\\/\\\/schema.org\",\"@graph\":[{\"@type\":\"WebPage\",\"@id\":\"https:\\\/\\\/www.whiteshield.net\\\/hu\\\/szolgaltatasaink\\\/mobilalkalmazas-kezi-penetracios-tesztelese\\\/\",\"url\":\"https:\\\/\\\/www.whiteshield.net\\\/hu\\\/szolgaltatasaink\\\/mobilalkalmazas-kezi-penetracios-tesztelese\\\/\",\"name\":\"Mobilalkalmaz\u00e1s k\u00e9zi penetr\u00e1ci\u00f3s tesztel\u00e9se - Whiteshield Ethical Hacking\",\"isPartOf\":{\"@id\":\"https:\\\/\\\/www.whiteshield.net\\\/hu\\\/#website\"},\"primaryImageOfPage\":{\"@id\":\"https:\\\/\\\/www.whiteshield.net\\\/hu\\\/szolgaltatasaink\\\/mobilalkalmazas-kezi-penetracios-tesztelese\\\/#primaryimage\"},\"image\":{\"@id\":\"https:\\\/\\\/www.whiteshield.net\\\/hu\\\/szolgaltatasaink\\\/mobilalkalmazas-kezi-penetracios-tesztelese\\\/#primaryimage\"},\"thumbnailUrl\":\"https:\\\/\\\/www.whiteshield.net\\\/wp-content\\\/uploads\\\/2020\\\/02\\\/mobile_app_and_api_penetration_testing.png\",\"datePublished\":\"2025-04-16T16:13:39+00:00\",\"dateModified\":\"2026-03-18T14:42:08+00:00\",\"description\":\"A mobilalkalmaz\u00e1s-biztons\u00e1gi tesztel\u00e9s felt\u00e1rja az iOS \u00e9s Android appok s\u00e9r\u00fcl\u00e9kenys\u00e9geit, cs\u00f6kkentve a n\u00f6vekv\u0151 mobilkock\u00e1zatokat.\",\"breadcrumb\":{\"@id\":\"https:\\\/\\\/www.whiteshield.net\\\/hu\\\/szolgaltatasaink\\\/mobilalkalmazas-kezi-penetracios-tesztelese\\\/#breadcrumb\"},\"inLanguage\":\"hu\",\"potentialAction\":[{\"@type\":\"ReadAction\",\"target\":[\"https:\\\/\\\/www.whiteshield.net\\\/hu\\\/szolgaltatasaink\\\/mobilalkalmazas-kezi-penetracios-tesztelese\\\/\"]}]},{\"@type\":\"ImageObject\",\"inLanguage\":\"hu\",\"@id\":\"https:\\\/\\\/www.whiteshield.net\\\/hu\\\/szolgaltatasaink\\\/mobilalkalmazas-kezi-penetracios-tesztelese\\\/#primaryimage\",\"url\":\"https:\\\/\\\/www.whiteshield.net\\\/wp-content\\\/uploads\\\/2020\\\/02\\\/mobile_app_and_api_penetration_testing.png\",\"contentUrl\":\"https:\\\/\\\/www.whiteshield.net\\\/wp-content\\\/uploads\\\/2020\\\/02\\\/mobile_app_and_api_penetration_testing.png\",\"width\":640,\"height\":480},{\"@type\":\"BreadcrumbList\",\"@id\":\"https:\\\/\\\/www.whiteshield.net\\\/hu\\\/szolgaltatasaink\\\/mobilalkalmazas-kezi-penetracios-tesztelese\\\/#breadcrumb\",\"itemListElement\":[{\"@type\":\"ListItem\",\"position\":1,\"name\":\"Home\",\"item\":\"https:\\\/\\\/www.whiteshield.net\\\/hu\\\/\"},{\"@type\":\"ListItem\",\"position\":2,\"name\":\"Szolg\u00e1ltat\u00e1saink\",\"item\":\"https:\\\/\\\/www.whiteshield.net\\\/hu\\\/szolgaltatasaink\\\/\"},{\"@type\":\"ListItem\",\"position\":3,\"name\":\"Mobilalkalmaz\u00e1s k\u00e9zi penetr\u00e1ci\u00f3s tesztel\u00e9se\"}]},{\"@type\":\"WebSite\",\"@id\":\"https:\\\/\\\/www.whiteshield.net\\\/hu\\\/#website\",\"url\":\"https:\\\/\\\/www.whiteshield.net\\\/hu\\\/\",\"name\":\"Whiteshield Ethical Hacking\",\"description\":\"Biztons\u00e1gi Szak\u00e9rt\u0151k\",\"potentialAction\":[{\"@type\":\"SearchAction\",\"target\":{\"@type\":\"EntryPoint\",\"urlTemplate\":\"https:\\\/\\\/www.whiteshield.net\\\/hu\\\/?s={search_term_string}\"},\"query-input\":{\"@type\":\"PropertyValueSpecification\",\"valueRequired\":true,\"valueName\":\"search_term_string\"}}],\"inLanguage\":\"hu\"}]}<\/script>\n<!-- \/ Yoast SEO plugin. -->","yoast_head_json":{"title":"Mobilalkalmaz\u00e1s k\u00e9zi penetr\u00e1ci\u00f3s tesztel\u00e9se - Whiteshield Ethical Hacking","description":"A mobilalkalmaz\u00e1s-biztons\u00e1gi tesztel\u00e9s felt\u00e1rja az iOS \u00e9s Android appok s\u00e9r\u00fcl\u00e9kenys\u00e9geit, cs\u00f6kkentve a n\u00f6vekv\u0151 mobilkock\u00e1zatokat.","robots":{"index":"index","follow":"follow","max-snippet":"max-snippet:-1","max-image-preview":"max-image-preview:large","max-video-preview":"max-video-preview:-1"},"canonical":"https:\/\/www.whiteshield.net\/hu\/szolgaltatasaink\/mobilalkalmazas-kezi-penetracios-tesztelese\/","og_locale":"hu_HU","og_type":"article","og_title":"Mobilalkalmaz\u00e1s k\u00e9zi penetr\u00e1ci\u00f3s tesztel\u00e9se - Whiteshield Ethical Hacking","og_description":"A mobilalkalmaz\u00e1s-biztons\u00e1gi tesztel\u00e9s felt\u00e1rja az iOS \u00e9s Android appok s\u00e9r\u00fcl\u00e9kenys\u00e9geit, cs\u00f6kkentve a n\u00f6vekv\u0151 mobilkock\u00e1zatokat.","og_url":"https:\/\/www.whiteshield.net\/hu\/szolgaltatasaink\/mobilalkalmazas-kezi-penetracios-tesztelese\/","og_site_name":"Whiteshield Ethical Hacking","article_modified_time":"2026-03-18T14:42:08+00:00","og_image":[{"width":640,"height":480,"url":"https:\/\/www.whiteshield.net\/wp-content\/uploads\/2020\/02\/mobile_app_and_api_penetration_testing.png","type":"image\/png"}],"twitter_card":"summary_large_image","twitter_misc":{"Becs\u00fclt olvas\u00e1si id\u0151":"2 perc"},"schema":{"@context":"https:\/\/schema.org","@graph":[{"@type":"WebPage","@id":"https:\/\/www.whiteshield.net\/hu\/szolgaltatasaink\/mobilalkalmazas-kezi-penetracios-tesztelese\/","url":"https:\/\/www.whiteshield.net\/hu\/szolgaltatasaink\/mobilalkalmazas-kezi-penetracios-tesztelese\/","name":"Mobilalkalmaz\u00e1s k\u00e9zi penetr\u00e1ci\u00f3s tesztel\u00e9se - Whiteshield Ethical Hacking","isPartOf":{"@id":"https:\/\/www.whiteshield.net\/hu\/#website"},"primaryImageOfPage":{"@id":"https:\/\/www.whiteshield.net\/hu\/szolgaltatasaink\/mobilalkalmazas-kezi-penetracios-tesztelese\/#primaryimage"},"image":{"@id":"https:\/\/www.whiteshield.net\/hu\/szolgaltatasaink\/mobilalkalmazas-kezi-penetracios-tesztelese\/#primaryimage"},"thumbnailUrl":"https:\/\/www.whiteshield.net\/wp-content\/uploads\/2020\/02\/mobile_app_and_api_penetration_testing.png","datePublished":"2025-04-16T16:13:39+00:00","dateModified":"2026-03-18T14:42:08+00:00","description":"A mobilalkalmaz\u00e1s-biztons\u00e1gi tesztel\u00e9s felt\u00e1rja az iOS \u00e9s Android appok s\u00e9r\u00fcl\u00e9kenys\u00e9geit, cs\u00f6kkentve a n\u00f6vekv\u0151 mobilkock\u00e1zatokat.","breadcrumb":{"@id":"https:\/\/www.whiteshield.net\/hu\/szolgaltatasaink\/mobilalkalmazas-kezi-penetracios-tesztelese\/#breadcrumb"},"inLanguage":"hu","potentialAction":[{"@type":"ReadAction","target":["https:\/\/www.whiteshield.net\/hu\/szolgaltatasaink\/mobilalkalmazas-kezi-penetracios-tesztelese\/"]}]},{"@type":"ImageObject","inLanguage":"hu","@id":"https:\/\/www.whiteshield.net\/hu\/szolgaltatasaink\/mobilalkalmazas-kezi-penetracios-tesztelese\/#primaryimage","url":"https:\/\/www.whiteshield.net\/wp-content\/uploads\/2020\/02\/mobile_app_and_api_penetration_testing.png","contentUrl":"https:\/\/www.whiteshield.net\/wp-content\/uploads\/2020\/02\/mobile_app_and_api_penetration_testing.png","width":640,"height":480},{"@type":"BreadcrumbList","@id":"https:\/\/www.whiteshield.net\/hu\/szolgaltatasaink\/mobilalkalmazas-kezi-penetracios-tesztelese\/#breadcrumb","itemListElement":[{"@type":"ListItem","position":1,"name":"Home","item":"https:\/\/www.whiteshield.net\/hu\/"},{"@type":"ListItem","position":2,"name":"Szolg\u00e1ltat\u00e1saink","item":"https:\/\/www.whiteshield.net\/hu\/szolgaltatasaink\/"},{"@type":"ListItem","position":3,"name":"Mobilalkalmaz\u00e1s k\u00e9zi penetr\u00e1ci\u00f3s tesztel\u00e9se"}]},{"@type":"WebSite","@id":"https:\/\/www.whiteshield.net\/hu\/#website","url":"https:\/\/www.whiteshield.net\/hu\/","name":"Whiteshield Ethical Hacking","description":"Biztons\u00e1gi Szak\u00e9rt\u0151k","potentialAction":[{"@type":"SearchAction","target":{"@type":"EntryPoint","urlTemplate":"https:\/\/www.whiteshield.net\/hu\/?s={search_term_string}"},"query-input":{"@type":"PropertyValueSpecification","valueRequired":true,"valueName":"search_term_string"}}],"inLanguage":"hu"}]}},"_links":{"self":[{"href":"https:\/\/www.whiteshield.net\/hu\/wp-json\/wp\/v2\/pages\/2200","targetHints":{"allow":["GET"]}}],"collection":[{"href":"https:\/\/www.whiteshield.net\/hu\/wp-json\/wp\/v2\/pages"}],"about":[{"href":"https:\/\/www.whiteshield.net\/hu\/wp-json\/wp\/v2\/types\/page"}],"author":[{"embeddable":true,"href":"https:\/\/www.whiteshield.net\/hu\/wp-json\/wp\/v2\/users\/1"}],"replies":[{"embeddable":true,"href":"https:\/\/www.whiteshield.net\/hu\/wp-json\/wp\/v2\/comments?post=2200"}],"version-history":[{"count":5,"href":"https:\/\/www.whiteshield.net\/hu\/wp-json\/wp\/v2\/pages\/2200\/revisions"}],"predecessor-version":[{"id":239129,"href":"https:\/\/www.whiteshield.net\/hu\/wp-json\/wp\/v2\/pages\/2200\/revisions\/239129"}],"up":[{"embeddable":true,"href":"https:\/\/www.whiteshield.net\/hu\/wp-json\/wp\/v2\/pages\/2076"}],"wp:featuredmedia":[{"embeddable":true,"href":"https:\/\/www.whiteshield.net\/hu\/wp-json\/wp\/v2\/media\/866"}],"wp:attachment":[{"href":"https:\/\/www.whiteshield.net\/hu\/wp-json\/wp\/v2\/media?parent=2200"}],"curies":[{"name":"wp","href":"https:\/\/api.w.org\/{rel}","templated":true}]}}