{"id":2180,"date":"2025-04-16T11:33:14","date_gmt":"2025-04-16T09:33:14","guid":{"rendered":"https:\/\/www.whiteshield.net\/etikus-hack\/serulekenysegvizsgalat\/"},"modified":"2026-03-18T15:54:03","modified_gmt":"2026-03-18T14:54:03","slug":"serulekenysegvizsgalat","status":"publish","type":"page","link":"https:\/\/www.whiteshield.net\/hu\/szolgaltatasaink\/serulekenysegvizsgalat\/","title":{"rendered":"S\u00e9r\u00fcl\u00e9kenys\u00e9gvizsg\u00e1lat"},"content":{"rendered":"<div class=\"et_pb_section_0 et_pb_section et_section_regular et_flex_section\">\n<div class=\"et_pb_row_0 et_pb_row et_block_row et_animated\">\n<div class=\"et_pb_column_0 et_pb_column et_pb_column_4_4 et-last-child et_block_column et_pb_css_mix_blend_mode_passthrough\">\n<div class=\"et_pb_heading_0 et_pb_heading et_pb_module et_block_module\"><div class=\"et_pb_heading_container\"><h1 class=\"et_pb_module_header\">S\u00e9r\u00fcl\u00e9kenys\u00e9gvizsg\u00e1lat<\/h1><\/div><\/div>\n\n<div class=\"et_pb_text_0 et_pb_text et_pb_bg_layout_light et_pb_module et_block_module\"><div class=\"et_pb_text_inner\"><div>\n<p style=\"text-align: center;\">A s\u00e9r\u00fcl\u00e9kenys\u00e9gvizsg\u00e1lat c\u00e9lja, hogy az alkalmaz\u00e1sokban vagy az infrastrukt\u00far\u00e1ban tal\u00e1lhat\u00f3 biztons\u00e1gi probl\u00e9m\u00e1kat azonos\u00edtsa, hasonl\u00f3an a penetr\u00e1ci\u00f3s tesztel\u00e9shez. A l\u00e9nyegi k\u00fcl\u00f6nbs\u00e9g azonban az, hogy a s\u00e9r\u00fcl\u00e9kenys\u00e9gvizsg\u00e1lat nem t\u00f6rekszik a sebezhet\u0151s\u00e9gek t\u00e9nyleges kihaszn\u00e1l\u00e1s\u00e1ra. A szak\u00e9rt\u0151k bizony\u00edt\u00e9kokat gy\u0171jtenek az \u00e9szlelt gyenges\u00e9gek al\u00e1t\u00e1maszt\u00e1s\u00e1ra, de puszt\u00e1n felt\u00e9rk\u00e9pez\u00e9ssel \u00e9s elemz\u00e9ssel dolgoznak.<\/p>\n<\/div>\n<\/div><\/div>\n\n<div class=\"et_pb_module et_pb_button_module_wrapper et_pb_button_0_wrapper\"><a class=\"et_pb_button_0 et_pb_button et_pb_bg_layout_dark et_pb_module et_block_module\" href=\"#book_consult\" data-icon=\"&quot;\">Foglaljon id\u0151pontot!<\/a><\/div>\n<\/div>\n<\/div>\n\n<div class=\"et_pb_row_1 et_pb_row et_flex_row et_animated\">\n<div class=\"et_pb_column_1 et_pb_column et-last-child et_flex_column et_pb_css_mix_blend_mode_passthrough et_flex_column_24_24 et_flex_column_24_24_tablet et_flex_column_24_24_phone et_flex_column_24_24_phoneWide et_flex_column_24_24_tabletWide et_flex_column_24_24_widescreen et_flex_column_24_24_ultraWide\">\n<div class=\"et_pb_text_1 et_pb_text et_pb_bg_layout_light et_pb_module et_block_module\"><div class=\"et_pb_text_inner\"><p>A s\u00e9r\u00fcl\u00e9kenys\u00e9gvizsg\u00e1lat (vulnerability scanning) c\u00e9lja a szerverekben, alkalmaz\u00e1sokban, t\u0171zfalakban \u00e9s egy\u00e9b informatikai rendszerekben tal\u00e1lhat\u00f3 potenci\u00e1lis biztons\u00e1gi gyenges\u00e9gek azonos\u00edt\u00e1sa. A folyamat automatiz\u00e1lt m\u00f3don t\u00f6rt\u00e9nik, \u00e9s a h\u00e1l\u00f3zati, valamint alkalmaz\u00e1si szinten ismert \u00e9s lehets\u00e9ges s\u00e9r\u00fcl\u00e9kenys\u00e9gek felt\u00e1r\u00e1s\u00e1ra \u00f6sszpontos\u00edt.<\/p>\n<p>Jelent\u00e9s\u00fcnk a felt\u00e1rt s\u00e9r\u00fcl\u00e9kenys\u00e9geket s\u00falyoss\u00e1g alapj\u00e1n rangsorolja, jellemz\u0151en az al\u00e1bbi kateg\u00f3ri\u00e1k szerint: Kritikus, Magas, K\u00f6zepes, Alacsony \u00e9s Inform\u00e1ci\u00f3s. A Kritikus, Magas \u00e9s K\u00f6zepes besorol\u00e1s\u00fa s\u00e9r\u00fcl\u00e9kenys\u00e9gek azt jelzik, hogy az adott rendszer vagy alkalmaz\u00e1s fokozott kock\u00e1zatnak van kit\u00e9ve, \u00e9s nagyobb val\u00f3sz\u00edn\u0171s\u00e9ggel v\u00e1lhat sikeres t\u00e1mad\u00e1s c\u00e9lpontj\u00e1v\u00e1. A rangsorol\u00e1s lehet\u0151v\u00e9 teszi a szervezetek sz\u00e1m\u00e1ra, hogy \u2013 \u00fczleti vagy technol\u00f3giai korl\u00e1tok hi\u00e1ny\u00e1ban \u2013 prioriz\u00e1lj\u00e1k a jav\u00edt\u00e1si folyamatot, \u00e9s els\u0151k\u00e9nt a legnagyobb kock\u00e1zatot jelent\u0151 hib\u00e1kat sz\u00fcntess\u00e9k meg.<\/p>\n<\/div><\/div>\n\n<div class=\"et_pb_heading_1 et_pb_heading et_pb_module et_block_module\"><div class=\"et_pb_heading_container\"><h3 class=\"et_pb_module_header\">Mi a c\u00e9lja a sebezhet\u0151s\u00e9gvizsg\u00e1latnak?<\/h3><\/div><\/div>\n\n<div class=\"et_pb_text_2 et_pb_text et_pb_bg_layout_light et_pb_module et_block_module\"><div class=\"et_pb_text_inner\"><p>Szolg\u00e1ltat\u00e1sunk c\u00e9lja a rendszerekben tal\u00e1lhat\u00f3 ismert s\u00e9r\u00fcl\u00e9kenys\u00e9gek azonos\u00edt\u00e1sa, valamint azon potenci\u00e1lis kitetts\u00e9gek felt\u00e1r\u00e1sa \u00e9s dokument\u00e1l\u00e1sa, amelyek kihaszn\u00e1l\u00e1sa egy rendszer kompromitt\u00e1l\u00f3d\u00e1s\u00e1hoz vezethet. A s\u00e9r\u00fcl\u00e9kenys\u00e9gvizsg\u00e1lat sor\u00e1n minden azonos\u00edtott hib\u00e1t rangsorolunk \u00e9s r\u00e9szletesen jelent\u00fcnk, ezzel t\u00e1mogatva a kock\u00e1zatalap\u00fa d\u00f6nt\u00e9shozatalt. A penetr\u00e1ci\u00f3s tesztekhez hasonl\u00f3an a k\u00fcls\u0151 s\u00e9r\u00fcl\u00e9kenys\u00e9gvizsg\u00e1lat a szervezeten k\u00edv\u00fclr\u0151l t\u00f6rt\u00e9nik, m\u00edg a bels\u0151 vizsg\u00e1lat a v\u00e1llalati h\u00e1l\u00f3zaton bel\u00fclr\u0151l \u00e9rt\u00e9keli a kitetts\u00e9geket.<\/p>\n<p>Javasoljuk a s\u00e9r\u00fcl\u00e9kenys\u00e9gvizsg\u00e1latok folyamatos vagy rendszeres elv\u00e9gz\u00e9s\u00e9t, k\u00fcl\u00f6n\u00f6sen \u00faj verzi\u00f3k \u00e9les\u00edt\u00e9s\u00e9t, \u00faj eszk\u00f6z\u00f6k telep\u00edt\u00e9s\u00e9t, illetve jelent\u0151s infrastrukt\u00fara- vagy konfigur\u00e1ci\u00f3s v\u00e1ltoztat\u00e1sokat k\u00f6vet\u0151en.<\/p>\n<p>A s\u00e9r\u00fcl\u00e9kenys\u00e9g\u00e9rt\u00e9kel\u00e9s egyik legnagyobb el\u0151nye, hogy k\u00f6lts\u00e9ghat\u00e9konyabb megold\u00e1st jelent a penetr\u00e1ci\u00f3s tesztel\u00e9shez k\u00e9pest. Ez\u00e9rt ide\u00e1lis kiindul\u00f3pont lehet azok sz\u00e1m\u00e1ra, akik m\u00e9g nem v\u00e9geztettek biztons\u00e1gi vizsg\u00e1latot rendszereiken, \u00e9s \u00e1tfog\u00f3 k\u00e9pet szeretn\u00e9nek kapni alkalmaz\u00e1saik vagy infrastrukt\u00far\u00e1juk aktu\u00e1lis biztons\u00e1gi \u00e1llapot\u00e1r\u00f3l.<\/p>\n<\/div><\/div>\n<\/div>\n<\/div>\n\n<div class=\"et_pb_row_2 et_pb_row et_block_row et_animated\" id=\"book_consult\">\n<div class=\"et_pb_column_2 et_pb_column et_pb_column_4_4 et-last-child et_block_column et_pb_css_mix_blend_mode_passthrough\">\n<div class=\"et_pb_cta_0 et_pb_promo et_pb_bg_layout_dark et_pb_module et_block_module\"><div class=\"et_pb_promo_description\"><h2 class=\"et_pb_module_header\">A biztons\u00e1g egy besz\u00e9lget\u00e9ssel kezd\u0151dik<\/h2><div class=\"et_pb_promo_content\"><p>Hagyjuk a sales sablonokat!<\/p>\n<p>Besz\u00e9lgess\u00fcnk \u00e9rdemben az \u00fczletmenet-folytonoss\u00e1gr\u00f3l \u00e9s a m\u0171k\u00f6d\u00e9si kock\u00e1zatokr\u00f3l!<\/p>\n<\/div><\/div><div class=\"et_pb_button_wrapper\"><a class=\"et_pb_button et_pb_promo_button\" href=\"https:\/\/jtdvcjaj.youcanbook.me\/\">Ingyenes 30 perces konzult\u00e1ci\u00f3<\/a><\/div><\/div>\n<\/div>\n<\/div>\n<\/div>","protected":false},"excerpt":{"rendered":"<p>A s\u00e9r\u00fcl\u00e9kenys\u00e9gvizsg\u00e1lat c\u00e9lja, hogy az alkalmaz\u00e1sokban vagy az infrastrukt\u00far\u00e1ban tal\u00e1lhat\u00f3 biztons\u00e1gi probl\u00e9m\u00e1kat azonos\u00edtsa, hasonl\u00f3an a penetr\u00e1ci\u00f3s tesztel\u00e9shez. A l\u00e9nyegi k\u00fcl\u00f6nbs\u00e9g azonban az, hogy a s\u00e9r\u00fcl\u00e9kenys\u00e9gvizsg\u00e1lat nem t\u00f6rekszik a sebezhet\u0151s\u00e9gek t\u00e9nyleges kihaszn\u00e1l\u00e1s\u00e1ra. A vizsg\u00e1lat sor\u00e1n a szak\u00e9rt\u0151k min\u00e9l t\u00f6bb bizony\u00edt\u00e9kot gy\u0171jtenek az \u00e9szlelt gyenges\u00e9gek al\u00e1t\u00e1maszt\u00e1s\u00e1ra, de kihaszn\u00e1l\u00e1si pr\u00f3b\u00e1lkoz\u00e1s n\u00e9lk\u00fcl, puszt\u00e1n felt\u00e9rk\u00e9pez\u00e9ssel \u00e9s elemz\u00e9ssel dolgoznak.<\/p>\n","protected":false},"author":1,"featured_media":863,"parent":2076,"menu_order":20,"comment_status":"closed","ping_status":"closed","template":"","meta":{"content-type":"","footnotes":""},"class_list":["post-2180","page","type-page","status-publish","has-post-thumbnail","hentry"],"yoast_head":"<!-- This site is optimized with the Yoast SEO plugin v27.5 - https:\/\/yoast.com\/product\/yoast-seo-wordpress\/ -->\n<title>S\u00e9r\u00fcl\u00e9kenys\u00e9gvizsg\u00e1lat - Whiteshield Ethical Hacking<\/title>\n<meta name=\"description\" content=\"A s\u00e9r\u00fcl\u00e9kenys\u00e9gvizsg\u00e1lat c\u00e9lja, hogy az alkalmaz\u00e1sokban vagy az infrastrukt\u00far\u00e1ban tal\u00e1lhat\u00f3 biztons\u00e1gi probl\u00e9m\u00e1kat azonos\u00edtsa, hasonl\u00f3an a penetr\u00e1ci\u00f3s tesztel\u00e9shez. A l\u00e9nyegi k\u00fcl\u00f6nbs\u00e9g azonban az, hogy a s\u00e9r\u00fcl\u00e9kenys\u00e9gvizsg\u00e1lat nem t\u00f6rekszik a sebezhet\u0151s\u00e9gek t\u00e9nyleges kihaszn\u00e1l\u00e1s\u00e1ra. A vizsg\u00e1lat sor\u00e1n a szak\u00e9rt\u0151k min\u00e9l t\u00f6bb bizony\u00edt\u00e9kot gy\u0171jtenek az \u00e9szlelt gyenges\u00e9gek al\u00e1t\u00e1maszt\u00e1s\u00e1ra, de kihaszn\u00e1l\u00e1si pr\u00f3b\u00e1lkoz\u00e1s n\u00e9lk\u00fcl, puszt\u00e1n felt\u00e9rk\u00e9pez\u00e9ssel \u00e9s elemz\u00e9ssel dolgoznak.\" \/>\n<meta name=\"robots\" content=\"index, follow, max-snippet:-1, max-image-preview:large, max-video-preview:-1\" \/>\n<link rel=\"canonical\" href=\"https:\/\/www.whiteshield.net\/hu\/szolgaltatasaink\/serulekenysegvizsgalat\/\" \/>\n<meta property=\"og:locale\" content=\"hu_HU\" \/>\n<meta property=\"og:type\" content=\"article\" \/>\n<meta property=\"og:title\" content=\"S\u00e9r\u00fcl\u00e9kenys\u00e9gvizsg\u00e1lat - Whiteshield Ethical Hacking\" \/>\n<meta property=\"og:description\" content=\"A s\u00e9r\u00fcl\u00e9kenys\u00e9gvizsg\u00e1lat c\u00e9lja, hogy az alkalmaz\u00e1sokban vagy az infrastrukt\u00far\u00e1ban tal\u00e1lhat\u00f3 biztons\u00e1gi probl\u00e9m\u00e1kat azonos\u00edtsa, hasonl\u00f3an a penetr\u00e1ci\u00f3s tesztel\u00e9shez. A l\u00e9nyegi k\u00fcl\u00f6nbs\u00e9g azonban az, hogy a s\u00e9r\u00fcl\u00e9kenys\u00e9gvizsg\u00e1lat nem t\u00f6rekszik a sebezhet\u0151s\u00e9gek t\u00e9nyleges kihaszn\u00e1l\u00e1s\u00e1ra. A vizsg\u00e1lat sor\u00e1n a szak\u00e9rt\u0151k min\u00e9l t\u00f6bb bizony\u00edt\u00e9kot gy\u0171jtenek az \u00e9szlelt gyenges\u00e9gek al\u00e1t\u00e1maszt\u00e1s\u00e1ra, de kihaszn\u00e1l\u00e1si pr\u00f3b\u00e1lkoz\u00e1s n\u00e9lk\u00fcl, puszt\u00e1n felt\u00e9rk\u00e9pez\u00e9ssel \u00e9s elemz\u00e9ssel dolgoznak.\" \/>\n<meta property=\"og:url\" content=\"https:\/\/www.whiteshield.net\/hu\/szolgaltatasaink\/serulekenysegvizsgalat\/\" \/>\n<meta property=\"og:site_name\" content=\"Whiteshield Ethical Hacking\" \/>\n<meta property=\"article:modified_time\" content=\"2026-03-18T14:54:03+00:00\" \/>\n<meta property=\"og:image\" content=\"https:\/\/www.whiteshield.net\/wp-content\/uploads\/2020\/02\/vulnerability_scanning.png\" \/>\n\t<meta property=\"og:image:width\" content=\"640\" \/>\n\t<meta property=\"og:image:height\" content=\"480\" \/>\n\t<meta property=\"og:image:type\" content=\"image\/png\" \/>\n<meta name=\"twitter:card\" content=\"summary_large_image\" \/>\n<meta name=\"twitter:label1\" content=\"Becs\u00fclt olvas\u00e1si id\u0151\" \/>\n\t<meta name=\"twitter:data1\" content=\"1 perc\" \/>\n<script type=\"application\/ld+json\" class=\"yoast-schema-graph\">{\"@context\":\"https:\\\/\\\/schema.org\",\"@graph\":[{\"@type\":\"WebPage\",\"@id\":\"https:\\\/\\\/www.whiteshield.net\\\/hu\\\/szolgaltatasaink\\\/serulekenysegvizsgalat\\\/\",\"url\":\"https:\\\/\\\/www.whiteshield.net\\\/hu\\\/szolgaltatasaink\\\/serulekenysegvizsgalat\\\/\",\"name\":\"S\u00e9r\u00fcl\u00e9kenys\u00e9gvizsg\u00e1lat - Whiteshield Ethical Hacking\",\"isPartOf\":{\"@id\":\"https:\\\/\\\/www.whiteshield.net\\\/hu\\\/#website\"},\"primaryImageOfPage\":{\"@id\":\"https:\\\/\\\/www.whiteshield.net\\\/hu\\\/szolgaltatasaink\\\/serulekenysegvizsgalat\\\/#primaryimage\"},\"image\":{\"@id\":\"https:\\\/\\\/www.whiteshield.net\\\/hu\\\/szolgaltatasaink\\\/serulekenysegvizsgalat\\\/#primaryimage\"},\"thumbnailUrl\":\"https:\\\/\\\/www.whiteshield.net\\\/wp-content\\\/uploads\\\/2020\\\/02\\\/vulnerability_scanning.png\",\"datePublished\":\"2025-04-16T09:33:14+00:00\",\"dateModified\":\"2026-03-18T14:54:03+00:00\",\"description\":\"A s\u00e9r\u00fcl\u00e9kenys\u00e9gvizsg\u00e1lat c\u00e9lja, hogy az alkalmaz\u00e1sokban vagy az infrastrukt\u00far\u00e1ban tal\u00e1lhat\u00f3 biztons\u00e1gi probl\u00e9m\u00e1kat azonos\u00edtsa, hasonl\u00f3an a penetr\u00e1ci\u00f3s tesztel\u00e9shez. A l\u00e9nyegi k\u00fcl\u00f6nbs\u00e9g azonban az, hogy a s\u00e9r\u00fcl\u00e9kenys\u00e9gvizsg\u00e1lat nem t\u00f6rekszik a sebezhet\u0151s\u00e9gek t\u00e9nyleges kihaszn\u00e1l\u00e1s\u00e1ra. A vizsg\u00e1lat sor\u00e1n a szak\u00e9rt\u0151k min\u00e9l t\u00f6bb bizony\u00edt\u00e9kot gy\u0171jtenek az \u00e9szlelt gyenges\u00e9gek al\u00e1t\u00e1maszt\u00e1s\u00e1ra, de kihaszn\u00e1l\u00e1si pr\u00f3b\u00e1lkoz\u00e1s n\u00e9lk\u00fcl, puszt\u00e1n felt\u00e9rk\u00e9pez\u00e9ssel \u00e9s elemz\u00e9ssel dolgoznak.\",\"breadcrumb\":{\"@id\":\"https:\\\/\\\/www.whiteshield.net\\\/hu\\\/szolgaltatasaink\\\/serulekenysegvizsgalat\\\/#breadcrumb\"},\"inLanguage\":\"hu\",\"potentialAction\":[{\"@type\":\"ReadAction\",\"target\":[\"https:\\\/\\\/www.whiteshield.net\\\/hu\\\/szolgaltatasaink\\\/serulekenysegvizsgalat\\\/\"]}]},{\"@type\":\"ImageObject\",\"inLanguage\":\"hu\",\"@id\":\"https:\\\/\\\/www.whiteshield.net\\\/hu\\\/szolgaltatasaink\\\/serulekenysegvizsgalat\\\/#primaryimage\",\"url\":\"https:\\\/\\\/www.whiteshield.net\\\/wp-content\\\/uploads\\\/2020\\\/02\\\/vulnerability_scanning.png\",\"contentUrl\":\"https:\\\/\\\/www.whiteshield.net\\\/wp-content\\\/uploads\\\/2020\\\/02\\\/vulnerability_scanning.png\",\"width\":640,\"height\":480},{\"@type\":\"BreadcrumbList\",\"@id\":\"https:\\\/\\\/www.whiteshield.net\\\/hu\\\/szolgaltatasaink\\\/serulekenysegvizsgalat\\\/#breadcrumb\",\"itemListElement\":[{\"@type\":\"ListItem\",\"position\":1,\"name\":\"Home\",\"item\":\"https:\\\/\\\/www.whiteshield.net\\\/hu\\\/\"},{\"@type\":\"ListItem\",\"position\":2,\"name\":\"Szolg\u00e1ltat\u00e1saink\",\"item\":\"https:\\\/\\\/www.whiteshield.net\\\/hu\\\/szolgaltatasaink\\\/\"},{\"@type\":\"ListItem\",\"position\":3,\"name\":\"S\u00e9r\u00fcl\u00e9kenys\u00e9gvizsg\u00e1lat\"}]},{\"@type\":\"WebSite\",\"@id\":\"https:\\\/\\\/www.whiteshield.net\\\/hu\\\/#website\",\"url\":\"https:\\\/\\\/www.whiteshield.net\\\/hu\\\/\",\"name\":\"Whiteshield Ethical Hacking\",\"description\":\"Biztons\u00e1gi Szak\u00e9rt\u0151k\",\"potentialAction\":[{\"@type\":\"SearchAction\",\"target\":{\"@type\":\"EntryPoint\",\"urlTemplate\":\"https:\\\/\\\/www.whiteshield.net\\\/hu\\\/?s={search_term_string}\"},\"query-input\":{\"@type\":\"PropertyValueSpecification\",\"valueRequired\":true,\"valueName\":\"search_term_string\"}}],\"inLanguage\":\"hu\"}]}<\/script>\n<!-- \/ Yoast SEO plugin. -->","yoast_head_json":{"title":"S\u00e9r\u00fcl\u00e9kenys\u00e9gvizsg\u00e1lat - Whiteshield Ethical Hacking","description":"A s\u00e9r\u00fcl\u00e9kenys\u00e9gvizsg\u00e1lat c\u00e9lja, hogy az alkalmaz\u00e1sokban vagy az infrastrukt\u00far\u00e1ban tal\u00e1lhat\u00f3 biztons\u00e1gi probl\u00e9m\u00e1kat azonos\u00edtsa, hasonl\u00f3an a penetr\u00e1ci\u00f3s tesztel\u00e9shez. A l\u00e9nyegi k\u00fcl\u00f6nbs\u00e9g azonban az, hogy a s\u00e9r\u00fcl\u00e9kenys\u00e9gvizsg\u00e1lat nem t\u00f6rekszik a sebezhet\u0151s\u00e9gek t\u00e9nyleges kihaszn\u00e1l\u00e1s\u00e1ra. A vizsg\u00e1lat sor\u00e1n a szak\u00e9rt\u0151k min\u00e9l t\u00f6bb bizony\u00edt\u00e9kot gy\u0171jtenek az \u00e9szlelt gyenges\u00e9gek al\u00e1t\u00e1maszt\u00e1s\u00e1ra, de kihaszn\u00e1l\u00e1si pr\u00f3b\u00e1lkoz\u00e1s n\u00e9lk\u00fcl, puszt\u00e1n felt\u00e9rk\u00e9pez\u00e9ssel \u00e9s elemz\u00e9ssel dolgoznak.","robots":{"index":"index","follow":"follow","max-snippet":"max-snippet:-1","max-image-preview":"max-image-preview:large","max-video-preview":"max-video-preview:-1"},"canonical":"https:\/\/www.whiteshield.net\/hu\/szolgaltatasaink\/serulekenysegvizsgalat\/","og_locale":"hu_HU","og_type":"article","og_title":"S\u00e9r\u00fcl\u00e9kenys\u00e9gvizsg\u00e1lat - Whiteshield Ethical Hacking","og_description":"A s\u00e9r\u00fcl\u00e9kenys\u00e9gvizsg\u00e1lat c\u00e9lja, hogy az alkalmaz\u00e1sokban vagy az infrastrukt\u00far\u00e1ban tal\u00e1lhat\u00f3 biztons\u00e1gi probl\u00e9m\u00e1kat azonos\u00edtsa, hasonl\u00f3an a penetr\u00e1ci\u00f3s tesztel\u00e9shez. A l\u00e9nyegi k\u00fcl\u00f6nbs\u00e9g azonban az, hogy a s\u00e9r\u00fcl\u00e9kenys\u00e9gvizsg\u00e1lat nem t\u00f6rekszik a sebezhet\u0151s\u00e9gek t\u00e9nyleges kihaszn\u00e1l\u00e1s\u00e1ra. A vizsg\u00e1lat sor\u00e1n a szak\u00e9rt\u0151k min\u00e9l t\u00f6bb bizony\u00edt\u00e9kot gy\u0171jtenek az \u00e9szlelt gyenges\u00e9gek al\u00e1t\u00e1maszt\u00e1s\u00e1ra, de kihaszn\u00e1l\u00e1si pr\u00f3b\u00e1lkoz\u00e1s n\u00e9lk\u00fcl, puszt\u00e1n felt\u00e9rk\u00e9pez\u00e9ssel \u00e9s elemz\u00e9ssel dolgoznak.","og_url":"https:\/\/www.whiteshield.net\/hu\/szolgaltatasaink\/serulekenysegvizsgalat\/","og_site_name":"Whiteshield Ethical Hacking","article_modified_time":"2026-03-18T14:54:03+00:00","og_image":[{"width":640,"height":480,"url":"https:\/\/www.whiteshield.net\/wp-content\/uploads\/2020\/02\/vulnerability_scanning.png","type":"image\/png"}],"twitter_card":"summary_large_image","twitter_misc":{"Becs\u00fclt olvas\u00e1si id\u0151":"1 perc"},"schema":{"@context":"https:\/\/schema.org","@graph":[{"@type":"WebPage","@id":"https:\/\/www.whiteshield.net\/hu\/szolgaltatasaink\/serulekenysegvizsgalat\/","url":"https:\/\/www.whiteshield.net\/hu\/szolgaltatasaink\/serulekenysegvizsgalat\/","name":"S\u00e9r\u00fcl\u00e9kenys\u00e9gvizsg\u00e1lat - Whiteshield Ethical Hacking","isPartOf":{"@id":"https:\/\/www.whiteshield.net\/hu\/#website"},"primaryImageOfPage":{"@id":"https:\/\/www.whiteshield.net\/hu\/szolgaltatasaink\/serulekenysegvizsgalat\/#primaryimage"},"image":{"@id":"https:\/\/www.whiteshield.net\/hu\/szolgaltatasaink\/serulekenysegvizsgalat\/#primaryimage"},"thumbnailUrl":"https:\/\/www.whiteshield.net\/wp-content\/uploads\/2020\/02\/vulnerability_scanning.png","datePublished":"2025-04-16T09:33:14+00:00","dateModified":"2026-03-18T14:54:03+00:00","description":"A s\u00e9r\u00fcl\u00e9kenys\u00e9gvizsg\u00e1lat c\u00e9lja, hogy az alkalmaz\u00e1sokban vagy az infrastrukt\u00far\u00e1ban tal\u00e1lhat\u00f3 biztons\u00e1gi probl\u00e9m\u00e1kat azonos\u00edtsa, hasonl\u00f3an a penetr\u00e1ci\u00f3s tesztel\u00e9shez. A l\u00e9nyegi k\u00fcl\u00f6nbs\u00e9g azonban az, hogy a s\u00e9r\u00fcl\u00e9kenys\u00e9gvizsg\u00e1lat nem t\u00f6rekszik a sebezhet\u0151s\u00e9gek t\u00e9nyleges kihaszn\u00e1l\u00e1s\u00e1ra. A vizsg\u00e1lat sor\u00e1n a szak\u00e9rt\u0151k min\u00e9l t\u00f6bb bizony\u00edt\u00e9kot gy\u0171jtenek az \u00e9szlelt gyenges\u00e9gek al\u00e1t\u00e1maszt\u00e1s\u00e1ra, de kihaszn\u00e1l\u00e1si pr\u00f3b\u00e1lkoz\u00e1s n\u00e9lk\u00fcl, puszt\u00e1n felt\u00e9rk\u00e9pez\u00e9ssel \u00e9s elemz\u00e9ssel dolgoznak.","breadcrumb":{"@id":"https:\/\/www.whiteshield.net\/hu\/szolgaltatasaink\/serulekenysegvizsgalat\/#breadcrumb"},"inLanguage":"hu","potentialAction":[{"@type":"ReadAction","target":["https:\/\/www.whiteshield.net\/hu\/szolgaltatasaink\/serulekenysegvizsgalat\/"]}]},{"@type":"ImageObject","inLanguage":"hu","@id":"https:\/\/www.whiteshield.net\/hu\/szolgaltatasaink\/serulekenysegvizsgalat\/#primaryimage","url":"https:\/\/www.whiteshield.net\/wp-content\/uploads\/2020\/02\/vulnerability_scanning.png","contentUrl":"https:\/\/www.whiteshield.net\/wp-content\/uploads\/2020\/02\/vulnerability_scanning.png","width":640,"height":480},{"@type":"BreadcrumbList","@id":"https:\/\/www.whiteshield.net\/hu\/szolgaltatasaink\/serulekenysegvizsgalat\/#breadcrumb","itemListElement":[{"@type":"ListItem","position":1,"name":"Home","item":"https:\/\/www.whiteshield.net\/hu\/"},{"@type":"ListItem","position":2,"name":"Szolg\u00e1ltat\u00e1saink","item":"https:\/\/www.whiteshield.net\/hu\/szolgaltatasaink\/"},{"@type":"ListItem","position":3,"name":"S\u00e9r\u00fcl\u00e9kenys\u00e9gvizsg\u00e1lat"}]},{"@type":"WebSite","@id":"https:\/\/www.whiteshield.net\/hu\/#website","url":"https:\/\/www.whiteshield.net\/hu\/","name":"Whiteshield Ethical Hacking","description":"Biztons\u00e1gi Szak\u00e9rt\u0151k","potentialAction":[{"@type":"SearchAction","target":{"@type":"EntryPoint","urlTemplate":"https:\/\/www.whiteshield.net\/hu\/?s={search_term_string}"},"query-input":{"@type":"PropertyValueSpecification","valueRequired":true,"valueName":"search_term_string"}}],"inLanguage":"hu"}]}},"_links":{"self":[{"href":"https:\/\/www.whiteshield.net\/hu\/wp-json\/wp\/v2\/pages\/2180","targetHints":{"allow":["GET"]}}],"collection":[{"href":"https:\/\/www.whiteshield.net\/hu\/wp-json\/wp\/v2\/pages"}],"about":[{"href":"https:\/\/www.whiteshield.net\/hu\/wp-json\/wp\/v2\/types\/page"}],"author":[{"embeddable":true,"href":"https:\/\/www.whiteshield.net\/hu\/wp-json\/wp\/v2\/users\/1"}],"replies":[{"embeddable":true,"href":"https:\/\/www.whiteshield.net\/hu\/wp-json\/wp\/v2\/comments?post=2180"}],"version-history":[{"count":8,"href":"https:\/\/www.whiteshield.net\/hu\/wp-json\/wp\/v2\/pages\/2180\/revisions"}],"predecessor-version":[{"id":239135,"href":"https:\/\/www.whiteshield.net\/hu\/wp-json\/wp\/v2\/pages\/2180\/revisions\/239135"}],"up":[{"embeddable":true,"href":"https:\/\/www.whiteshield.net\/hu\/wp-json\/wp\/v2\/pages\/2076"}],"wp:featuredmedia":[{"embeddable":true,"href":"https:\/\/www.whiteshield.net\/hu\/wp-json\/wp\/v2\/media\/863"}],"wp:attachment":[{"href":"https:\/\/www.whiteshield.net\/hu\/wp-json\/wp\/v2\/media?parent=2180"}],"curies":[{"name":"wp","href":"https:\/\/api.w.org\/{rel}","templated":true}]}}