{"id":2171,"date":"2025-04-16T11:23:02","date_gmt":"2025-04-16T09:23:02","guid":{"rendered":"https:\/\/www.whiteshield.net\/etikus-hack\/penetracio-teszteles\/"},"modified":"2026-03-18T16:40:48","modified_gmt":"2026-03-18T15:40:48","slug":"penetracio-teszteles","status":"publish","type":"page","link":"https:\/\/www.whiteshield.net\/hu\/szolgaltatasaink\/penetracio-teszteles\/","title":{"rendered":"Penetr\u00e1ci\u00f3 tesztel\u00e9s"},"content":{"rendered":"<div class=\"et_pb_section_0 et_pb_section et_section_regular et_flex_section\">\n<div class=\"et_pb_row_0 et_pb_row et_block_row et_animated\">\n<div class=\"et_pb_column_0 et_pb_column et_pb_column_4_4 et-last-child et_block_column et_pb_css_mix_blend_mode_passthrough\">\n<div class=\"et_pb_heading_0 et_pb_heading et_pb_module et_block_module\"><div class=\"et_pb_heading_container\"><h1 class=\"et_pb_module_header\">Mi az a penetest?<\/h1><\/div><\/div>\n\n<div class=\"et_pb_text_0 et_pb_text et_pb_bg_layout_light et_pb_module et_block_module\"><div class=\"et_pb_text_inner\"><p style=\"text-align: center;\">A legt\u00f6bb v\u00e1llalat rendelkezik saj\u00e1t kiberbiztons\u00e1gi eszk\u00f6zt\u00e1rral \u2013 p\u00e9ld\u00e1ul v\u00edrusirt\u00f3 szoftverrel, titkos\u00edt\u00e1si megold\u00e1sokkal \u00e9s s\u00e9r\u00fcl\u00e9kenys\u00e9gvizsg\u00e1lati eszk\u00f6z\u00f6kkel \u2013, de mennyire lehet\u00fcnk biztosak abban, hogy ezek egy val\u00f3s t\u00e1mad\u00e1s eset\u00e9n val\u00f3ban megfelel\u0151 v\u00e9delmet ny\u00fajtanak?<\/p>\n<\/div><\/div>\n\n<div class=\"et_pb_module et_pb_button_module_wrapper et_pb_button_0_wrapper\"><a class=\"et_pb_button_0 et_pb_button et_pb_bg_layout_dark et_pb_module et_block_module\" href=\"#book_consult\" data-icon=\"&quot;\">Foglaljon id\u0151pontot!<\/a><\/div>\n<\/div>\n<\/div>\n\n<div class=\"et_pb_row_1 et_pb_row et_flex_row et_animated\">\n<div class=\"et_pb_column_1 et_pb_column et-last-child et_flex_column et_pb_css_mix_blend_mode_passthrough et_flex_column_24_24 et_flex_column_24_24_tablet et_flex_column_24_24_phone et_flex_column_24_24_phoneWide et_flex_column_24_24_tabletWide et_flex_column_24_24_widescreen et_flex_column_24_24_ultraWide\">\n<div class=\"et_pb_text_1 et_pb_text et_pb_bg_layout_light et_pb_module et_block_module\"><div class=\"et_pb_text_inner\"><p>Egyszer\u0171en megfogalmazva a penetr\u00e1ci\u00f3s tesztel\u00e9s (pentesting) egy val\u00f3s k\u00f6r\u00fclm\u00e9nyeket szimul\u00e1l\u00f3, kontroll\u00e1lt kibert\u00e1mad\u00e1s egy h\u00e1l\u00f3zat vagy alkalmaz\u00e1s ellen. A vizsg\u00e1lat sor\u00e1n azonos\u00edt\u00e1sra ker\u00fclnek a szervezet infrastrukt\u00far\u00e1j\u00e1ban tal\u00e1lhat\u00f3 s\u00e9r\u00fcl\u00e9kenys\u00e9gek, majd szakmai javaslatok k\u00e9sz\u00fclnek azok hat\u00e9kony \u00e9s hossz\u00fa t\u00e1v\u00fa megsz\u00fcntet\u00e9s\u00e9re. A c\u00e9l nem csup\u00e1n a gyenge pontok felt\u00e1r\u00e1sa, hanem a biztons\u00e1gi \u00e9retts\u00e9g n\u00f6vel\u00e9se \u00e9s a t\u00e9nyleges kock\u00e1zatok cs\u00f6kkent\u00e9se is.<\/p>\n<p>A penetr\u00e1ci\u00f3s tesztel\u00e9s imm\u00e1r t\u00f6bb mint egy \u00e9vtizede a biztons\u00e1gi gyakorlat szerves r\u00e9sze \u2013 nem v\u00e9letlen\u00fcl. A szervezetet \u00e9r\u0151 rosszindulat\u00fa fenyeget\u00e9sek val\u00f3s\u00e1gh\u0171, ugyanakkor kontroll\u00e1lt \u00e9s biztons\u00e1gos k\u00f6rnyezetben t\u00f6rt\u00e9n\u0151 szimul\u00e1ci\u00f3j\u00e1val felt\u00e1rhat\u00f3k azok a potenci\u00e1lis s\u00e9r\u00fcl\u00e9kenys\u00e9gek, amelyek egy val\u00f3di t\u00e1mad\u00f3 sz\u00e1m\u00e1ra bel\u00e9p\u00e9si pontot jelenthetnek. A gyenge pontok \u00e9s a lehets\u00e9ges kihaszn\u00e1l\u00e1si m\u00f3dszerek ismerete jelent\u0151s el\u0151nyt biztos\u00edt a biztons\u00e1gi strat\u00e9gia fejleszt\u00e9s\u00e9ben. A penetr\u00e1ci\u00f3s tesztel\u00e9s nemcsak a v\u00e9delem er\u0151s\u00edt\u00e9s\u00e9t t\u00e1mogatja, hanem hozz\u00e1j\u00e1rul a k\u00f6lts\u00e9gvet\u00e9si er\u0151forr\u00e1sok hat\u00e9konyabb \u00e9s tudatosabb felhaszn\u00e1l\u00e1s\u00e1hoz is.<\/p>\n<p>Penetr\u00e1ci\u00f3s tesztel\u00e9si szolg\u00e1ltat\u00e1sunk \u00e1tfog\u00f3an vizsg\u00e1lja rendszereit a lehets\u00e9ges biztons\u00e1gi hib\u00e1k, s\u00e9r\u00fcl\u00e9kenys\u00e9gek \u00e9s nem megfelel\u0151 rendszerkonfigur\u00e1ci\u00f3k azonos\u00edt\u00e1sa \u00e9rdek\u00e9ben. A tesztel\u00e9s kiterjedhet a biztons\u00e1gi folyamatok, valamint a v\u00e9delmi megold\u00e1sok \u2013 p\u00e9ld\u00e1ul t\u0171zfalak \u00e9s webalkalmaz\u00e1s-t\u0171zfalak (WAF) \u2013 hat\u00e9konys\u00e1g\u00e1nak \u00e9rt\u00e9kel\u00e9s\u00e9re is. A vizsg\u00e1lat mag\u00e1ban foglalhat k\u00fcl\u00f6nb\u00f6z\u0151 alkalmaz\u00e1srendszerek \u2013 p\u00e9ld\u00e1ul API-k, frontend \u00e9s backend szerverek \u2013 c\u00e9lzott tesztel\u00e9s\u00e9t annak \u00e9rdek\u00e9ben, hogy felsz\u00ednre ker\u00fcljenek az olyan s\u00e9r\u00fcl\u00e9kenys\u00e9gek, mint a nem megfelel\u0151en sz\u0171rt bemenetekb\u0151l ered\u0151 k\u00f3dinjekt\u00e1l\u00e1si lehet\u0151s\u00e9gek.<\/p>\n<p>A 2018-ban bevezetett GDPR szigor\u00fa szankci\u00f3kat \u00edr el\u0151 azok sz\u00e1m\u00e1ra, akik adatv\u00e9delmi incidenst szenvednek el, \u00e9s azt nem jelentik be az illet\u00e9kes hat\u00f3s\u00e1goknak. Ugyanakkor nem csup\u00e1n az esetleges b\u00edrs\u00e1gokat vagy az adatsziv\u00e1rg\u00e1sonk\u00e9nt sz\u00e1m\u00edtott k\u00f6lts\u00e9geket \u00e9rdemes figyelembe venni. Egy incidens ut\u00e1ni vizsg\u00e1lat, a k\u00e1renyh\u00edt\u00e9si int\u00e9zked\u00e9sek, valamint a reput\u00e1ci\u00f3s vesztes\u00e9g \u00f6nmagukban is elegend\u0151ek lehetnek ahhoz, hogy komoly m\u0171k\u00f6d\u00e9si \u00e9s p\u00e9nz\u00fcgyi neh\u00e9zs\u00e9geket okozzanak egy v\u00e1llalkoz\u00e1s sz\u00e1m\u00e1ra.<\/p>\n<\/div><\/div>\n<\/div>\n<\/div>\n\n<div class=\"et_pb_row_2 et_pb_row et_block_row et_animated\" id=\"book_consult\">\n<div class=\"et_pb_column_2 et_pb_column et_pb_column_4_4 et-last-child et_block_column et_pb_css_mix_blend_mode_passthrough\">\n<div class=\"et_pb_cta_0 et_pb_promo et_pb_bg_layout_dark et_pb_module et_block_module\"><div class=\"et_pb_promo_description\"><h2 class=\"et_pb_module_header\">A biztons\u00e1g egy besz\u00e9lget\u00e9ssel kezd\u0151dik<\/h2><div class=\"et_pb_promo_content\"><p>Hagyjuk a sales sablonokat!<\/p>\n<p>Besz\u00e9lgess\u00fcnk \u00e9rdemben az \u00fczletmenet-folytonoss\u00e1gr\u00f3l \u00e9s a m\u0171k\u00f6d\u00e9si kock\u00e1zatokr\u00f3l!<\/p>\n<\/div><\/div><div class=\"et_pb_button_wrapper\"><a class=\"et_pb_button et_pb_promo_button\" href=\"https:\/\/jtdvcjaj.youcanbook.me\/\">Ingyenes 30 perces konzult\u00e1ci\u00f3<\/a><\/div><\/div>\n<\/div>\n<\/div>\n<\/div>","protected":false},"excerpt":{"rendered":"<p>A legt\u00f6bb c\u00e9g rendelkezik saj\u00e1t kiberbiztons\u00e1gi eszk\u00f6zk\u00e9szlettel \u2013 p\u00e9ld\u00e1ul v\u00edrusirt\u00f3 szoftverrel, titkos\u00edt\u00e1si algoritmusokkal \u00e9s sebezhet\u0151s\u00e9gvizsg\u00e1l\u00f3 eszk\u00f6z\u00f6kkel \u2013 de mennyire biztos benne, hogy ezek az eszk\u00f6z\u00f6k val\u00f3ban meg tudj\u00e1k v\u00e9deni egy val\u00f3s t\u00e1mad\u00e1s eset\u00e9n? Egyszer\u0171en fogalmazva a penetr\u00e1ci\u00f3s tesztel\u00e9s, vagyis a pentestel\u00e9s egy val\u00f3s vil\u00e1gban elk\u00e9pzelt t\u00e1mad\u00e1s szimul\u00e1l\u00e1s\u00e1t jelenti egy h\u00e1l\u00f3zat vagy alkalmaz\u00e1s ellen. A teszt sor\u00e1n felt\u00e1r\u00e1sra ker\u00fclnek az infrastrukt\u00fara sebezhet\u0151s\u00e9gei, \u00e9s javaslatokat kap a szervezet arra vonatkoz\u00f3an, hogyan orvosolhatja a felt\u00e1rt gyenges\u00e9geket.<\/p>\n","protected":false},"author":1,"featured_media":0,"parent":2076,"menu_order":10,"comment_status":"closed","ping_status":"closed","template":"","meta":{"content-type":"","footnotes":""},"class_list":["post-2171","page","type-page","status-publish","hentry"],"yoast_head":"<!-- This site is optimized with the Yoast SEO plugin v27.5 - https:\/\/yoast.com\/product\/yoast-seo-wordpress\/ -->\n<title>Penetr\u00e1ci\u00f3 tesztel\u00e9s - Whiteshield Ethical Hacking<\/title>\n<meta name=\"description\" content=\"A penetr\u00e1ci\u00f3 tesztel\u00e9s seg\u00edt azonos\u00edtani a s\u00e9r\u00fcl\u00e9kenys\u00e9geket, valid\u00e1lni a fenyeget\u00e9seket \u00e9s meger\u0151s\u00edteni az informatikai biztons\u00e1got.\" \/>\n<meta name=\"robots\" content=\"index, follow, max-snippet:-1, max-image-preview:large, max-video-preview:-1\" \/>\n<link rel=\"canonical\" href=\"https:\/\/www.whiteshield.net\/hu\/szolgaltatasaink\/penetracio-teszteles\/\" \/>\n<meta property=\"og:locale\" content=\"hu_HU\" \/>\n<meta property=\"og:type\" content=\"article\" \/>\n<meta property=\"og:title\" content=\"Penetr\u00e1ci\u00f3 tesztel\u00e9s - Whiteshield Ethical Hacking\" \/>\n<meta property=\"og:description\" content=\"A penetr\u00e1ci\u00f3 tesztel\u00e9s seg\u00edt azonos\u00edtani a s\u00e9r\u00fcl\u00e9kenys\u00e9geket, valid\u00e1lni a fenyeget\u00e9seket \u00e9s meger\u0151s\u00edteni az informatikai biztons\u00e1got.\" \/>\n<meta property=\"og:url\" content=\"https:\/\/www.whiteshield.net\/hu\/szolgaltatasaink\/penetracio-teszteles\/\" \/>\n<meta property=\"og:site_name\" content=\"Whiteshield Ethical Hacking\" \/>\n<meta property=\"article:modified_time\" content=\"2026-03-18T15:40:48+00:00\" \/>\n<meta name=\"twitter:card\" content=\"summary_large_image\" \/>\n<meta name=\"twitter:label1\" content=\"Becs\u00fclt olvas\u00e1si id\u0151\" \/>\n\t<meta name=\"twitter:data1\" content=\"1 perc\" \/>\n<script type=\"application\/ld+json\" class=\"yoast-schema-graph\">{\"@context\":\"https:\\\/\\\/schema.org\",\"@graph\":[{\"@type\":\"WebPage\",\"@id\":\"https:\\\/\\\/www.whiteshield.net\\\/hu\\\/szolgaltatasaink\\\/penetracio-teszteles\\\/\",\"url\":\"https:\\\/\\\/www.whiteshield.net\\\/hu\\\/szolgaltatasaink\\\/penetracio-teszteles\\\/\",\"name\":\"Penetr\u00e1ci\u00f3 tesztel\u00e9s - Whiteshield Ethical Hacking\",\"isPartOf\":{\"@id\":\"https:\\\/\\\/www.whiteshield.net\\\/hu\\\/#website\"},\"datePublished\":\"2025-04-16T09:23:02+00:00\",\"dateModified\":\"2026-03-18T15:40:48+00:00\",\"description\":\"A penetr\u00e1ci\u00f3 tesztel\u00e9s seg\u00edt azonos\u00edtani a s\u00e9r\u00fcl\u00e9kenys\u00e9geket, valid\u00e1lni a fenyeget\u00e9seket \u00e9s meger\u0151s\u00edteni az informatikai biztons\u00e1got.\",\"breadcrumb\":{\"@id\":\"https:\\\/\\\/www.whiteshield.net\\\/hu\\\/szolgaltatasaink\\\/penetracio-teszteles\\\/#breadcrumb\"},\"inLanguage\":\"hu\",\"potentialAction\":[{\"@type\":\"ReadAction\",\"target\":[\"https:\\\/\\\/www.whiteshield.net\\\/hu\\\/szolgaltatasaink\\\/penetracio-teszteles\\\/\"]}]},{\"@type\":\"BreadcrumbList\",\"@id\":\"https:\\\/\\\/www.whiteshield.net\\\/hu\\\/szolgaltatasaink\\\/penetracio-teszteles\\\/#breadcrumb\",\"itemListElement\":[{\"@type\":\"ListItem\",\"position\":1,\"name\":\"Home\",\"item\":\"https:\\\/\\\/www.whiteshield.net\\\/hu\\\/\"},{\"@type\":\"ListItem\",\"position\":2,\"name\":\"Szolg\u00e1ltat\u00e1saink\",\"item\":\"https:\\\/\\\/www.whiteshield.net\\\/hu\\\/szolgaltatasaink\\\/\"},{\"@type\":\"ListItem\",\"position\":3,\"name\":\"Penetr\u00e1ci\u00f3 tesztel\u00e9s\"}]},{\"@type\":\"WebSite\",\"@id\":\"https:\\\/\\\/www.whiteshield.net\\\/hu\\\/#website\",\"url\":\"https:\\\/\\\/www.whiteshield.net\\\/hu\\\/\",\"name\":\"Whiteshield Ethical Hacking\",\"description\":\"Biztons\u00e1gi Szak\u00e9rt\u0151k\",\"potentialAction\":[{\"@type\":\"SearchAction\",\"target\":{\"@type\":\"EntryPoint\",\"urlTemplate\":\"https:\\\/\\\/www.whiteshield.net\\\/hu\\\/?s={search_term_string}\"},\"query-input\":{\"@type\":\"PropertyValueSpecification\",\"valueRequired\":true,\"valueName\":\"search_term_string\"}}],\"inLanguage\":\"hu\"}]}<\/script>\n<!-- \/ Yoast SEO plugin. -->","yoast_head_json":{"title":"Penetr\u00e1ci\u00f3 tesztel\u00e9s - Whiteshield Ethical Hacking","description":"A penetr\u00e1ci\u00f3 tesztel\u00e9s seg\u00edt azonos\u00edtani a s\u00e9r\u00fcl\u00e9kenys\u00e9geket, valid\u00e1lni a fenyeget\u00e9seket \u00e9s meger\u0151s\u00edteni az informatikai biztons\u00e1got.","robots":{"index":"index","follow":"follow","max-snippet":"max-snippet:-1","max-image-preview":"max-image-preview:large","max-video-preview":"max-video-preview:-1"},"canonical":"https:\/\/www.whiteshield.net\/hu\/szolgaltatasaink\/penetracio-teszteles\/","og_locale":"hu_HU","og_type":"article","og_title":"Penetr\u00e1ci\u00f3 tesztel\u00e9s - Whiteshield Ethical Hacking","og_description":"A penetr\u00e1ci\u00f3 tesztel\u00e9s seg\u00edt azonos\u00edtani a s\u00e9r\u00fcl\u00e9kenys\u00e9geket, valid\u00e1lni a fenyeget\u00e9seket \u00e9s meger\u0151s\u00edteni az informatikai biztons\u00e1got.","og_url":"https:\/\/www.whiteshield.net\/hu\/szolgaltatasaink\/penetracio-teszteles\/","og_site_name":"Whiteshield Ethical Hacking","article_modified_time":"2026-03-18T15:40:48+00:00","twitter_card":"summary_large_image","twitter_misc":{"Becs\u00fclt olvas\u00e1si id\u0151":"1 perc"},"schema":{"@context":"https:\/\/schema.org","@graph":[{"@type":"WebPage","@id":"https:\/\/www.whiteshield.net\/hu\/szolgaltatasaink\/penetracio-teszteles\/","url":"https:\/\/www.whiteshield.net\/hu\/szolgaltatasaink\/penetracio-teszteles\/","name":"Penetr\u00e1ci\u00f3 tesztel\u00e9s - Whiteshield Ethical Hacking","isPartOf":{"@id":"https:\/\/www.whiteshield.net\/hu\/#website"},"datePublished":"2025-04-16T09:23:02+00:00","dateModified":"2026-03-18T15:40:48+00:00","description":"A penetr\u00e1ci\u00f3 tesztel\u00e9s seg\u00edt azonos\u00edtani a s\u00e9r\u00fcl\u00e9kenys\u00e9geket, valid\u00e1lni a fenyeget\u00e9seket \u00e9s meger\u0151s\u00edteni az informatikai biztons\u00e1got.","breadcrumb":{"@id":"https:\/\/www.whiteshield.net\/hu\/szolgaltatasaink\/penetracio-teszteles\/#breadcrumb"},"inLanguage":"hu","potentialAction":[{"@type":"ReadAction","target":["https:\/\/www.whiteshield.net\/hu\/szolgaltatasaink\/penetracio-teszteles\/"]}]},{"@type":"BreadcrumbList","@id":"https:\/\/www.whiteshield.net\/hu\/szolgaltatasaink\/penetracio-teszteles\/#breadcrumb","itemListElement":[{"@type":"ListItem","position":1,"name":"Home","item":"https:\/\/www.whiteshield.net\/hu\/"},{"@type":"ListItem","position":2,"name":"Szolg\u00e1ltat\u00e1saink","item":"https:\/\/www.whiteshield.net\/hu\/szolgaltatasaink\/"},{"@type":"ListItem","position":3,"name":"Penetr\u00e1ci\u00f3 tesztel\u00e9s"}]},{"@type":"WebSite","@id":"https:\/\/www.whiteshield.net\/hu\/#website","url":"https:\/\/www.whiteshield.net\/hu\/","name":"Whiteshield Ethical Hacking","description":"Biztons\u00e1gi Szak\u00e9rt\u0151k","potentialAction":[{"@type":"SearchAction","target":{"@type":"EntryPoint","urlTemplate":"https:\/\/www.whiteshield.net\/hu\/?s={search_term_string}"},"query-input":{"@type":"PropertyValueSpecification","valueRequired":true,"valueName":"search_term_string"}}],"inLanguage":"hu"}]}},"_links":{"self":[{"href":"https:\/\/www.whiteshield.net\/hu\/wp-json\/wp\/v2\/pages\/2171","targetHints":{"allow":["GET"]}}],"collection":[{"href":"https:\/\/www.whiteshield.net\/hu\/wp-json\/wp\/v2\/pages"}],"about":[{"href":"https:\/\/www.whiteshield.net\/hu\/wp-json\/wp\/v2\/types\/page"}],"author":[{"embeddable":true,"href":"https:\/\/www.whiteshield.net\/hu\/wp-json\/wp\/v2\/users\/1"}],"replies":[{"embeddable":true,"href":"https:\/\/www.whiteshield.net\/hu\/wp-json\/wp\/v2\/comments?post=2171"}],"version-history":[{"count":11,"href":"https:\/\/www.whiteshield.net\/hu\/wp-json\/wp\/v2\/pages\/2171\/revisions"}],"predecessor-version":[{"id":239146,"href":"https:\/\/www.whiteshield.net\/hu\/wp-json\/wp\/v2\/pages\/2171\/revisions\/239146"}],"up":[{"embeddable":true,"href":"https:\/\/www.whiteshield.net\/hu\/wp-json\/wp\/v2\/pages\/2076"}],"wp:attachment":[{"href":"https:\/\/www.whiteshield.net\/hu\/wp-json\/wp\/v2\/media?parent=2171"}],"curies":[{"name":"wp","href":"https:\/\/api.w.org\/{rel}","templated":true}]}}