{"id":2150,"date":"2025-04-15T16:50:59","date_gmt":"2025-04-15T14:50:59","guid":{"rendered":"https:\/\/www.whiteshield.net\/szabalyozasi-megfeleles\/"},"modified":"2026-03-18T14:31:37","modified_gmt":"2026-03-18T13:31:37","slug":"szabalyozasi-megfeleles","status":"publish","type":"page","link":"https:\/\/www.whiteshield.net\/hu\/szabalyozasi-megfeleles\/","title":{"rendered":"Szab\u00e1lyoz\u00e1si megfelel\u00e9s"},"content":{"rendered":"<div class=\"et_pb_section_0 et_pb_section et_section_regular et_flex_section\">\n<div class=\"et_pb_row_0 et_pb_row et_block_row et_animated\">\n<div class=\"et_pb_column_0 et_pb_column et_pb_column_4_4 et-last-child et_block_column et_pb_css_mix_blend_mode_passthrough\">\n<div class=\"et_pb_heading_0 et_pb_heading et_pb_module et_block_module\"><div class=\"et_pb_heading_container\"><h1 class=\"et_pb_module_header\">Compliance-alap\u00fa biztons\u00e1gi vizsg\u00e1lat<\/h1><\/div><\/div>\n\n<div class=\"et_pb_heading_1 et_pb_heading et_pb_module et_block_module\"><div class=\"et_pb_heading_container\"><h2 class=\"et_pb_module_header\">Felelj meg a k\u00f6vetelm\u00e9nyeknek an\u00e9lk\u00fcl, hogy kock\u00e1ztatn\u00e1d a v\u00e9delmet<\/h2><\/div><\/div>\n\n<div class=\"et_pb_module et_pb_button_module_wrapper et_pb_button_0_wrapper\"><a class=\"et_pb_button_0 et_pb_button et_pb_bg_layout_dark et_pb_module et_block_module\" href=\"#book_consult\" data-icon=\"&quot;\">Ismerje meg lehet\u0151s\u00e9geit!<\/a><\/div>\n<\/div>\n<\/div>\n\n<div class=\"et_pb_row_1 et_pb_row et_flex_row\">\n<div class=\"et_pb_column_1 et_pb_column et-last-child et_flex_column et_pb_css_mix_blend_mode_passthrough et_flex_column_24_24 et_flex_column_24_24_tablet et_flex_column_24_24_phone et_flex_column_24_24_phoneWide et_flex_column_24_24_tabletWide et_flex_column_24_24_widescreen et_flex_column_24_24_ultraWide\">\n<div class=\"et_pb_text_0 et_pb_text et_pb_bg_layout_light et_animated et_pb_module et_block_module\"><div class=\"et_pb_text_inner\"><p style=\"text-align: left;\">A megfelel\u00e9s nem csup\u00e1n egy kipip\u00e1land\u00f3 t\u00e9tel, hanem a kiberbiztons\u00e1gi ellen\u00e1ll\u00f3k\u00e9pess\u00e9g alapvet\u0151 r\u00e9sze. Szolg\u00e1ltat\u00e1sainkat \u00fagy alak\u00edtottuk ki, hogy seg\u00edtsenek megfelelni olyan keretrendszereknek, mint a DORA, NIS2, PCI DSS, ISO 27001, GDPR \u00e9s HIPAA, mik\u00f6zben a val\u00f3di biztons\u00e1gi szint is er\u0151s\u00f6dik a szervezet kock\u00e1zati profilj\u00e1hoz \u00e9s fenyegetetts\u00e9gi k\u00f6rnyezet\u00e9hez igaz\u00edtott tesztel\u00e9seink r\u00e9v\u00e9n.<\/p>\n<\/div><\/div>\n<\/div>\n<\/div>\n\n<div class=\"et_pb_row_2 et_pb_row et_flex_row et_animated\">\n<div class=\"et_pb_column_2 et_pb_column et_flex_column et_pb_css_mix_blend_mode_passthrough et_flex_column_24_24 et_flex_column_24_24_phone et_flex_column_24_24_phoneWide et_flex_column_24_24_tabletWide et_flex_column_24_24_widescreen et_flex_column_24_24_ultraWide\">\n<div class=\"et_pb_image_0 et_pb_image et_pb_module et_flex_module\"><span class=\"et_pb_image_wrap\"><img loading=\"lazy\" decoding=\"async\" src=\"https:\/\/www.whiteshield.net\/wp-content\/uploads\/2025\/04\/0c60e8bf-8c82-436b-829f-63edd1b8e63d.png\" width=\"896\" height=\"947\" srcset=\"https:\/\/www.whiteshield.net\/wp-content\/uploads\/2025\/04\/0c60e8bf-8c82-436b-829f-63edd1b8e63d.png 896w, https:\/\/www.whiteshield.net\/wp-content\/uploads\/2025\/04\/0c60e8bf-8c82-436b-829f-63edd1b8e63d-480x507.png 480w\" sizes=\"(min-width: 0px) and (max-width: 480px) 480px, (min-width: 481px) 896px, 100vw\" class=\"wp-image-1773\" title=\"0c60e8bf-8c82-436b-829f-63edd1b8e63d\" \/><\/span><\/div>\n<\/div>\n\n<div class=\"et_pb_column_3 et_pb_column et-last-child et_block_column et_pb_css_mix_blend_mode_passthrough et_flex_column_24_24 et_flex_column_24_24_phone et_flex_column_24_24_phoneWide et_flex_column_24_24_tabletWide et_flex_column_24_24_widescreen et_flex_column_24_24_ultraWide\">\n<div class=\"et_pb_heading_2 et_pb_heading et_pb_module et_block_module\"><div class=\"et_pb_heading_container\"><h3 class=\"et_pb_module_header\">Szab\u00e1lyoz\u00e1si keretrendszerek<\/h3><\/div><\/div>\n\n<div class=\"et_pb_text_1 et_pb_text et_pb_bg_layout_light et_pb_module et_block_module\"><div class=\"et_pb_text_inner\" data-et-mv-hidden-phone=\"true\"><p><strong>NIS2 \u2013 Kritikus infrastrukt\u00far\u00e1k v\u00e9delm\u00e9ben<\/strong><\/p>\n<p>Seg\u00edt\u00fcnk a szervezeteknek megfelelni a NIS2 ir\u00e1nyelv k\u00f6vetelm\u00e9nyeinek az\u00e1ltal, hogy szak\u00e9rt\u0151k \u00e1ltal vezetett kock\u00e1zatelemz\u00e9st, hi\u00e1nyelemz\u00e9st \u00e9s testreszabott kiberbiztons\u00e1gi megold\u00e1sokat biztos\u00edtunk \u2013 k\u00fcl\u00f6n\u00f6sen a kritikus infrastrukt\u00far\u00e1k szektor\u00e1ra szabva.<\/p>\n<p><strong>DORA \u2013 P\u00e9nz\u00fcgyi szektor ellen\u00e1ll\u00f3k\u00e9pess\u00e9ge<\/strong><\/p>\n<p>T\u00e1mogatjuk a p\u00e9nz\u00fcgyi int\u00e9zm\u00e9nyeket a Digit\u00e1lis M\u0171k\u00f6d\u00e9si Ellen\u00e1ll\u00f3k\u00e9pess\u00e9gi Rendelet (DORA) szerinti megfelel\u00e9s el\u00e9r\u00e9s\u00e9ben, \u00e1tfog\u00f3 biztons\u00e1gi \u00e9rt\u00e9kel\u00e9sekkel \u00e9s testreszabott ellen\u00e1ll\u00f3k\u00e9pess\u00e9gi strat\u00e9gi\u00e1kkal.<\/p>\n<p><strong>PCI DSS \u2013 Fizet\u00e9si k\u00f6rnyezetek biztons\u00e1ga<\/strong><\/p>\n<p>Alapos biztons\u00e1gi vizsg\u00e1latokkal seg\u00edtj\u00fck a keresked\u0151ket, fizet\u00e9si feldolgoz\u00f3kat \u00e9s szolg\u00e1ltat\u00f3kat a PCI DSS k\u00f6vetelm\u00e9nyek teljes\u00edt\u00e9s\u00e9ben, valamint a k\u00e1rtyabirtokosok adatainak megb\u00edzhat\u00f3 v\u00e9delm\u00e9ben.<\/p>\n<\/div><\/div>\n<\/div>\n<\/div>\n\n<div class=\"et_pb_row_3 et_pb_row et_flex_row et_animated\">\n<div class=\"et_pb_column_4 et_pb_column et_block_column et_pb_css_mix_blend_mode_passthrough et_flex_column_24_24 et_flex_column_24_24_tablet et_flex_column_24_24_phone et_flex_column_24_24_phoneWide et_flex_column_24_24_tabletWide et_flex_column_24_24_widescreen et_flex_column_24_24_ultraWide\">\n<div class=\"et_pb_text_2 et_pb_text et_pb_bg_layout_light et_pb_module et_block_module\"><div class=\"et_pb_text_inner\"><p><strong>Ir\u00e1ny\u00edt\u00e1s \u00e9s strat\u00e9gia<br \/><\/strong><\/p>\n<p><span>Seg\u00edt\u00fcnk olyan ir\u00e1ny\u00edt\u00e1si strukt\u00far\u00e1k kialak\u00edt\u00e1s\u00e1ban \u00e9s optimaliz\u00e1l\u00e1s\u00e1ban, amelyek \u00f6sszhangban vannak a szervezet strat\u00e9giai \u00e9s megfelel\u0151s\u00e9gi c\u00e9ljaival.Szak\u00e9rt\u0151ink szem\u00e9lyre szabott ir\u00e1nyelveket \u00e9s elj\u00e1r\u00e1sokat dolgoznak ki, \u00e9s bels\u0151 auditokat v\u00e9geznek a GRC-\u00e9retts\u00e9g meger\u0151s\u00edt\u00e9se \u00e9rdek\u00e9ben.<\/span><span>\u00a0<\/span><\/p>\n<p><strong>Tesztel\u00e9s \u00e9s megval\u00f3s\u00edt\u00e1s<\/strong><\/p>\n<p>\u00a0Val\u00f3s fenyeget\u00e9sek szimul\u00e1ci\u00f3j\u00e1val \u00e9s a megfelel\u0151s\u00e9ghez igaz\u00edtott tesztel\u00e9ssel \u00e9rt\u00e9kelj\u00fck biztons\u00e1gi helyzet\u00e9t az ipar\u00e1gi szabv\u00e1nyok alapj\u00e1n. A hi\u00e1nyoss\u00e1gok elemz\u00e9s\u00e9t\u0151l a folyamatos fel\u00fcgyeletig gondoskodunk arr\u00f3l, hogy ne csak megfeleljen a k\u00f6vetelm\u00e9nyeknek, hanem rugalmas is legyen.<\/p>\n<p>\u00a0<strong>Kock\u00e1zat- \u00e9s harmadik f\u00e9l kezel\u00e9se<\/strong><\/p>\n<p>\u00a0Azonos\u00edtjuk \u00e9s kezelj\u00fck a bels\u0151 \u00e9s k\u00fcls\u0151 kock\u00e1zatokat, bele\u00e9rtve a besz\u00e1ll\u00edt\u00f3kkal kapcsolatos kock\u00e1zatokat is. A kock\u00e1zat\u00e9rt\u00e9kel\u00e9snek a szab\u00e1lyoz\u00e1si elv\u00e1r\u00e1sokkal val\u00f3 \u00f6sszehangol\u00e1s\u00e1val \u00e9s a biztons\u00e1gtudatoss\u00e1g er\u0151s\u00edt\u00e9s\u00e9vel t\u00e1mogatjuk a hossz\u00fa t\u00e1v\u00fa megfelel\u00e9s fenntarthat\u00f3s\u00e1g\u00e1t.<\/p>\n<\/div><\/div>\n<\/div>\n\n<div class=\"et_pb_column_5 et_pb_column et-last-child et_flex_column et_pb_css_mix_blend_mode_passthrough et_flex_column_24_24 et_flex_column_24_24_tablet et_flex_column_24_24_phone et_flex_column_24_24_tabletWide et_flex_column_24_24_widescreen et_flex_column_24_24_ultraWide\">\n<div class=\"et_pb_image_1 et_pb_image et_pb_module et_block_module\"><span class=\"et_pb_image_wrap\"><img loading=\"lazy\" decoding=\"async\" src=\"https:\/\/www.whiteshield.net\/wp-content\/uploads\/2025\/03\/dd9a483f-3e40-4ad1-99d7-8cebe6aa26d5.png\" width=\"896\" height=\"1344\" srcset=\"https:\/\/www.whiteshield.net\/wp-content\/uploads\/2025\/03\/dd9a483f-3e40-4ad1-99d7-8cebe6aa26d5.png 896w, https:\/\/www.whiteshield.net\/wp-content\/uploads\/2025\/03\/dd9a483f-3e40-4ad1-99d7-8cebe6aa26d5-480x720.png 480w\" sizes=\"(min-width: 0px) and (max-width: 480px) 480px, (min-width: 481px) 896px, 100vw\" class=\"wp-image-1725\" title=\"dd9a483f-3e40-4ad1-99d7-8cebe6aa26d5\" \/><\/span><\/div>\n<\/div>\n<\/div>\n\n<div class=\"et_pb_row_4 et_pb_row et_flex_row et_animated\">\n<div class=\"et_pb_column_6 et_pb_column et-last-child et_flex_column et_pb_css_mix_blend_mode_passthrough et_flex_column_24_24 et_flex_column_24_24_tablet et_flex_column_24_24_phone et_flex_column_24_24_phoneWide et_flex_column_24_24_tabletWide et_flex_column_24_24_widescreen et_flex_column_24_24_ultraWide\">\n<div class=\"et_pb_heading_3 et_pb_heading et_pb_module et_flex_module\"><div class=\"et_pb_heading_container\"><h2 class=\"et_pb_module_header\"> Biztons\u00e1g \u00e9s megfelel\u00e9s k\u00e9z a k\u00e9zben<\/h2><\/div><\/div>\n\n<div class=\"et_pb_text_3 et_pb_text et_pb_bg_layout_light et_pb_module et_block_module\"><div class=\"et_pb_text_inner\"><p>Megfelel\u0151s\u00e9gre \u00f6sszpontos\u00edt\u00f3 szolg\u00e1ltat\u00e1saink egyszerre ny\u00fajtanak bizonyoss\u00e1got \u00e9s haszn\u00e1lhat\u00f3 betekint\u00e9st. Egyedi \u00e9rt\u00e9kel\u00e9sekkel, szak\u00e9rt\u0151i tan\u00e1csad\u00e1ssal \u00e9s a megfelel\u00e9si \u00e9letciklus minden szakasz\u00e1ban ny\u00fajtott t\u00e1mogat\u00e1ssal seg\u00edt\u00fcnk abban, hogy szervezete megfeleljen a k\u00f6vetelm\u00e9nyeknek \u00e9s biztons\u00e1gos maradjon.<\/p>\n<p>&nbsp;<\/p>\n<\/div><\/div>\n<\/div>\n<\/div>\n\n<div class=\"et_pb_row_5 et_pb_row et_block_row et_animated\" id=\"book_consult\">\n<div class=\"et_pb_column_7 et_pb_column et_pb_column_4_4 et-last-child et_block_column et_pb_css_mix_blend_mode_passthrough\">\n<div class=\"et_pb_cta_0 et_pb_promo et_pb_bg_layout_dark et_pb_module et_block_module\"><div class=\"et_pb_promo_description\"><h2 class=\"et_pb_module_header\">A biztons\u00e1g egy besz\u00e9lget\u00e9ssel kezd\u0151dik<\/h2><div class=\"et_pb_promo_content\"><p>Hagyjuk a sales sablonokat!<\/p>\n<p>Besz\u00e9lgess\u00fcnk \u00e9rdemben az \u00fczletmenet-folytonoss\u00e1gr\u00f3l \u00e9s a m\u0171k\u00f6d\u00e9si kock\u00e1zatokr\u00f3l!<\/p>\n<\/div><\/div><div class=\"et_pb_button_wrapper\"><a class=\"et_pb_button et_pb_promo_button\" href=\"https:\/\/jtdvcjaj.youcanbook.me\/\">Ingyenes 30 perces konzult\u00e1ci\u00f3<\/a><\/div><\/div>\n<\/div>\n<\/div>\n<\/div>","protected":false},"excerpt":{"rendered":"","protected":false},"author":2,"featured_media":0,"parent":0,"menu_order":0,"comment_status":"closed","ping_status":"closed","template":"","meta":{"content-type":"","footnotes":""},"class_list":["post-2150","page","type-page","status-publish","hentry"],"yoast_head":"<!-- This site is optimized with the Yoast SEO plugin v27.5 - https:\/\/yoast.com\/product\/yoast-seo-wordpress\/ -->\n<title>Szab\u00e1lyoz\u00e1si megfelel\u00e9s - Whiteshield Ethical Hacking<\/title>\n<meta name=\"description\" content=\"Technikai t\u00e1mogat\u00e1st ny\u00fajtunk a NIS2, DORA \u00e9s PCI DSS szab\u00e1lyoz\u00e1sokhoz: penetr\u00e1ci\u00f3s tesztel\u00e9ssel \u00e9s kock\u00e1zatalap\u00fa \u00e9rt\u00e9kel\u00e9ssel seg\u00edtj\u00fck a megfelel\u00e9st.\" \/>\n<meta name=\"robots\" content=\"index, follow, max-snippet:-1, max-image-preview:large, max-video-preview:-1\" \/>\n<link rel=\"canonical\" href=\"https:\/\/www.whiteshield.net\/hu\/szabalyozasi-megfeleles\/\" \/>\n<meta property=\"og:locale\" content=\"hu_HU\" \/>\n<meta property=\"og:type\" content=\"article\" \/>\n<meta property=\"og:title\" content=\"Szab\u00e1lyoz\u00e1si megfelel\u00e9s - Whiteshield Ethical Hacking\" \/>\n<meta property=\"og:description\" content=\"Technikai t\u00e1mogat\u00e1st ny\u00fajtunk a NIS2, DORA \u00e9s PCI DSS szab\u00e1lyoz\u00e1sokhoz: penetr\u00e1ci\u00f3s tesztel\u00e9ssel \u00e9s kock\u00e1zatalap\u00fa \u00e9rt\u00e9kel\u00e9ssel seg\u00edtj\u00fck a megfelel\u00e9st.\" \/>\n<meta property=\"og:url\" content=\"https:\/\/www.whiteshield.net\/hu\/szabalyozasi-megfeleles\/\" \/>\n<meta property=\"og:site_name\" content=\"Whiteshield Ethical Hacking\" \/>\n<meta property=\"article:modified_time\" content=\"2026-03-18T13:31:37+00:00\" \/>\n<meta name=\"twitter:card\" content=\"summary_large_image\" \/>\n<meta name=\"twitter:label1\" content=\"Becs\u00fclt olvas\u00e1si id\u0151\" \/>\n\t<meta name=\"twitter:data1\" content=\"3 perc\" \/>\n<script type=\"application\/ld+json\" class=\"yoast-schema-graph\">{\"@context\":\"https:\\\/\\\/schema.org\",\"@graph\":[{\"@type\":\"WebPage\",\"@id\":\"https:\\\/\\\/www.whiteshield.net\\\/hu\\\/szabalyozasi-megfeleles\\\/\",\"url\":\"https:\\\/\\\/www.whiteshield.net\\\/hu\\\/szabalyozasi-megfeleles\\\/\",\"name\":\"Szab\u00e1lyoz\u00e1si megfelel\u00e9s - Whiteshield Ethical Hacking\",\"isPartOf\":{\"@id\":\"https:\\\/\\\/www.whiteshield.net\\\/hu\\\/#website\"},\"datePublished\":\"2025-04-15T14:50:59+00:00\",\"dateModified\":\"2026-03-18T13:31:37+00:00\",\"description\":\"Technikai t\u00e1mogat\u00e1st ny\u00fajtunk a NIS2, DORA \u00e9s PCI DSS szab\u00e1lyoz\u00e1sokhoz: penetr\u00e1ci\u00f3s tesztel\u00e9ssel \u00e9s kock\u00e1zatalap\u00fa \u00e9rt\u00e9kel\u00e9ssel seg\u00edtj\u00fck a megfelel\u00e9st.\",\"breadcrumb\":{\"@id\":\"https:\\\/\\\/www.whiteshield.net\\\/hu\\\/szabalyozasi-megfeleles\\\/#breadcrumb\"},\"inLanguage\":\"hu\",\"potentialAction\":[{\"@type\":\"ReadAction\",\"target\":[\"https:\\\/\\\/www.whiteshield.net\\\/hu\\\/szabalyozasi-megfeleles\\\/\"]}]},{\"@type\":\"BreadcrumbList\",\"@id\":\"https:\\\/\\\/www.whiteshield.net\\\/hu\\\/szabalyozasi-megfeleles\\\/#breadcrumb\",\"itemListElement\":[{\"@type\":\"ListItem\",\"position\":1,\"name\":\"Home\",\"item\":\"https:\\\/\\\/www.whiteshield.net\\\/hu\\\/\"},{\"@type\":\"ListItem\",\"position\":2,\"name\":\"Szab\u00e1lyoz\u00e1si megfelel\u00e9s\"}]},{\"@type\":\"WebSite\",\"@id\":\"https:\\\/\\\/www.whiteshield.net\\\/hu\\\/#website\",\"url\":\"https:\\\/\\\/www.whiteshield.net\\\/hu\\\/\",\"name\":\"Whiteshield Ethical Hacking\",\"description\":\"Biztons\u00e1gi Szak\u00e9rt\u0151k\",\"potentialAction\":[{\"@type\":\"SearchAction\",\"target\":{\"@type\":\"EntryPoint\",\"urlTemplate\":\"https:\\\/\\\/www.whiteshield.net\\\/hu\\\/?s={search_term_string}\"},\"query-input\":{\"@type\":\"PropertyValueSpecification\",\"valueRequired\":true,\"valueName\":\"search_term_string\"}}],\"inLanguage\":\"hu\"}]}<\/script>\n<!-- \/ Yoast SEO plugin. -->","yoast_head_json":{"title":"Szab\u00e1lyoz\u00e1si megfelel\u00e9s - Whiteshield Ethical Hacking","description":"Technikai t\u00e1mogat\u00e1st ny\u00fajtunk a NIS2, DORA \u00e9s PCI DSS szab\u00e1lyoz\u00e1sokhoz: penetr\u00e1ci\u00f3s tesztel\u00e9ssel \u00e9s kock\u00e1zatalap\u00fa \u00e9rt\u00e9kel\u00e9ssel seg\u00edtj\u00fck a megfelel\u00e9st.","robots":{"index":"index","follow":"follow","max-snippet":"max-snippet:-1","max-image-preview":"max-image-preview:large","max-video-preview":"max-video-preview:-1"},"canonical":"https:\/\/www.whiteshield.net\/hu\/szabalyozasi-megfeleles\/","og_locale":"hu_HU","og_type":"article","og_title":"Szab\u00e1lyoz\u00e1si megfelel\u00e9s - Whiteshield Ethical Hacking","og_description":"Technikai t\u00e1mogat\u00e1st ny\u00fajtunk a NIS2, DORA \u00e9s PCI DSS szab\u00e1lyoz\u00e1sokhoz: penetr\u00e1ci\u00f3s tesztel\u00e9ssel \u00e9s kock\u00e1zatalap\u00fa \u00e9rt\u00e9kel\u00e9ssel seg\u00edtj\u00fck a megfelel\u00e9st.","og_url":"https:\/\/www.whiteshield.net\/hu\/szabalyozasi-megfeleles\/","og_site_name":"Whiteshield Ethical Hacking","article_modified_time":"2026-03-18T13:31:37+00:00","twitter_card":"summary_large_image","twitter_misc":{"Becs\u00fclt olvas\u00e1si id\u0151":"3 perc"},"schema":{"@context":"https:\/\/schema.org","@graph":[{"@type":"WebPage","@id":"https:\/\/www.whiteshield.net\/hu\/szabalyozasi-megfeleles\/","url":"https:\/\/www.whiteshield.net\/hu\/szabalyozasi-megfeleles\/","name":"Szab\u00e1lyoz\u00e1si megfelel\u00e9s - Whiteshield Ethical Hacking","isPartOf":{"@id":"https:\/\/www.whiteshield.net\/hu\/#website"},"datePublished":"2025-04-15T14:50:59+00:00","dateModified":"2026-03-18T13:31:37+00:00","description":"Technikai t\u00e1mogat\u00e1st ny\u00fajtunk a NIS2, DORA \u00e9s PCI DSS szab\u00e1lyoz\u00e1sokhoz: penetr\u00e1ci\u00f3s tesztel\u00e9ssel \u00e9s kock\u00e1zatalap\u00fa \u00e9rt\u00e9kel\u00e9ssel seg\u00edtj\u00fck a megfelel\u00e9st.","breadcrumb":{"@id":"https:\/\/www.whiteshield.net\/hu\/szabalyozasi-megfeleles\/#breadcrumb"},"inLanguage":"hu","potentialAction":[{"@type":"ReadAction","target":["https:\/\/www.whiteshield.net\/hu\/szabalyozasi-megfeleles\/"]}]},{"@type":"BreadcrumbList","@id":"https:\/\/www.whiteshield.net\/hu\/szabalyozasi-megfeleles\/#breadcrumb","itemListElement":[{"@type":"ListItem","position":1,"name":"Home","item":"https:\/\/www.whiteshield.net\/hu\/"},{"@type":"ListItem","position":2,"name":"Szab\u00e1lyoz\u00e1si megfelel\u00e9s"}]},{"@type":"WebSite","@id":"https:\/\/www.whiteshield.net\/hu\/#website","url":"https:\/\/www.whiteshield.net\/hu\/","name":"Whiteshield Ethical Hacking","description":"Biztons\u00e1gi Szak\u00e9rt\u0151k","potentialAction":[{"@type":"SearchAction","target":{"@type":"EntryPoint","urlTemplate":"https:\/\/www.whiteshield.net\/hu\/?s={search_term_string}"},"query-input":{"@type":"PropertyValueSpecification","valueRequired":true,"valueName":"search_term_string"}}],"inLanguage":"hu"}]}},"_links":{"self":[{"href":"https:\/\/www.whiteshield.net\/hu\/wp-json\/wp\/v2\/pages\/2150","targetHints":{"allow":["GET"]}}],"collection":[{"href":"https:\/\/www.whiteshield.net\/hu\/wp-json\/wp\/v2\/pages"}],"about":[{"href":"https:\/\/www.whiteshield.net\/hu\/wp-json\/wp\/v2\/types\/page"}],"author":[{"embeddable":true,"href":"https:\/\/www.whiteshield.net\/hu\/wp-json\/wp\/v2\/users\/2"}],"replies":[{"embeddable":true,"href":"https:\/\/www.whiteshield.net\/hu\/wp-json\/wp\/v2\/comments?post=2150"}],"version-history":[{"count":9,"href":"https:\/\/www.whiteshield.net\/hu\/wp-json\/wp\/v2\/pages\/2150\/revisions"}],"predecessor-version":[{"id":239124,"href":"https:\/\/www.whiteshield.net\/hu\/wp-json\/wp\/v2\/pages\/2150\/revisions\/239124"}],"wp:attachment":[{"href":"https:\/\/www.whiteshield.net\/hu\/wp-json\/wp\/v2\/media?parent=2150"}],"curies":[{"name":"wp","href":"https:\/\/api.w.org\/{rel}","templated":true}]}}