{"id":2140,"date":"2025-04-15T16:19:32","date_gmt":"2025-04-15T14:19:32","guid":{"rendered":"https:\/\/www.whiteshield.net\/biztonsagi-teszteles\/"},"modified":"2026-03-18T14:26:14","modified_gmt":"2026-03-18T13:26:14","slug":"it-biztonsagi-teszteles","status":"publish","type":"page","link":"https:\/\/www.whiteshield.net\/hu\/it-biztonsagi-teszteles\/","title":{"rendered":"IT Biztons\u00e1gi tesztel\u00e9s"},"content":{"rendered":"<div class=\"et_pb_section_0 et_pb_section et_section_regular et_flex_section\">\n<div class=\"et_pb_row_0 et_pb_row et_block_row et_animated\">\n<div class=\"et_pb_column_0 et_pb_column et_pb_column_4_4 et-last-child et_block_column et_pb_css_mix_blend_mode_passthrough\">\n<div class=\"et_pb_heading_0 et_pb_heading et_pb_module et_block_module\"><div class=\"et_pb_heading_container\"><h1 class=\"et_pb_module_header\">Etikus hackel\u00e9si szolg\u00e1ltat\u00e1sok<\/h1><\/div><\/div>\n\n<div class=\"et_pb_heading_1 et_pb_heading et_pb_module et_block_module\"><div class=\"et_pb_heading_container\"><h2 class=\"et_pb_module_header\">Gondolkodj \u00fagy, mint egy t\u00e1mad\u00f3. V\u00e9dekezz c\u00e9lzottan \u00e9s tudatosan.<\/h2><\/div><\/div>\n\n<div class=\"et_pb_module et_pb_button_module_wrapper et_pb_button_0_wrapper\"><a class=\"et_pb_button_0 et_pb_button et_pb_bg_layout_dark et_pb_module et_block_module\" href=\"#book_consult\" data-icon=\"&quot;\">Ismerje meg lehet\u0151s\u00e9geit!<\/a><\/div>\n<\/div>\n<\/div>\n\n<div class=\"et_pb_row_1 et_pb_row et_flex_row et_animated\">\n<div class=\"et_pb_column_1 et_pb_column et-last-child et_flex_column et_pb_css_mix_blend_mode_passthrough et_flex_column_24_24 et_flex_column_24_24_tablet et_flex_column_24_24_phone et_flex_column_24_24_phoneWide et_flex_column_24_24_tabletWide et_flex_column_24_24_widescreen et_flex_column_24_24_ultraWide\">\n<div class=\"et_pb_text_0 et_pb_text et_pb_bg_layout_light et_pb_module et_block_module\"><div class=\"et_pb_text_inner\"><p style=\"text-align: left;\">A penetr\u00e1ci\u00f3s tesztel\u00e9s nem egy \u00fajabb s\u00e9r\u00fcl\u00e9kenys\u00e9gvizsg\u00e1lat futtat\u00e1s\u00e1r\u00f3l sz\u00f3l \u2013 hanem arr\u00f3l, hogy meg\u00e9rts\u00fck, hogyan gondolkodnak \u00e9s dolgoznak a val\u00f3di t\u00e1mad\u00f3k, \u00e9s ugyanazzal a szeml\u00e9lettel tesztelj\u00fck a rendszereidet. Megk\u00f6zel\u00edt\u00e9s\u00fcnk k\u00e9zi szak\u00e9rtelmet \u00f6tv\u00f6z c\u00e9lzott automatiz\u00e1l\u00e1ssal, \u00edgy olyan s\u00e9r\u00fcl\u00e9kenys\u00e9geket is felt\u00e1runk, amelyeket az eszk\u00f6z\u00f6k \u00f6nmagukban gyakran nem \u00e9szlelnek.Nem \u00e1llunk meg a felsz\u00edni ellen\u0151rz\u00e9sekn\u00e9l \u2013 val\u00f3s t\u00e1mad\u00e1si \u00fatvonalakat szimul\u00e1lunk, a saj\u00e1t infrastrukt\u00far\u00e1dra szabva, hogy a gyenge pontok a rosszindulat\u00fa szerepl\u0151k el\u0151tt napvil\u00e1gra ker\u00fcljenek.<\/p>\n<p style=\"text-align: left;\"><strong>Szak\u00e9rtelemre \u00e9p\u00edtve. Val\u00f3s kock\u00e1zatokra f\u00f3kusz\u00e1lva.<\/strong><\/p>\n<p data-pm-slice=\"1 1 []\" style=\"text-align: left;\">Etikus hackereink kiemelked\u0151 nemzetk\u00f6zi tan\u00fas\u00edtv\u00e1nyokkal rendelkeznek, t\u00f6bbek k\u00f6z\u00f6tt: OSCP, OSCP+, CEH, eJPT, KLCP, ISTQB-TAE, eWPTX \u00e9s CISA. T\u00f6bb mint 15 \u00e9v tapasztalattal a h\u00e1tunk m\u00f6g\u00f6tt bizony\u00edtottan k\u00e9pesek vagyunk komplex IT-k\u00f6rnyezetek v\u00e9delm\u00e9t meger\u0151s\u00edteni \u2013 legyen sz\u00f3 felh\u0151alap\u00fa, helysz\u00edni vagy hibrid infrastrukt\u00far\u00e1r\u00f3l.<\/p>\n<\/div><\/div>\n<\/div>\n<\/div>\n\n<div class=\"et_pb_row_2 et_pb_row et_flex_row et_animated\">\n<div class=\"et_pb_column_2 et_pb_column et_flex_column et_pb_css_mix_blend_mode_passthrough et_flex_column_24_24 et_flex_column_24_24_phone et_flex_column_24_24_phoneWide et_flex_column_24_24_tabletWide et_flex_column_24_24_widescreen et_flex_column_24_24_ultraWide\">\n<div class=\"et_pb_image_0 et_pb_image et_pb_module et_flex_module\"><span class=\"et_pb_image_wrap\"><img loading=\"lazy\" decoding=\"async\" src=\"https:\/\/www.whiteshield.net\/wp-content\/uploads\/2025\/03\/8216d38b-3c28-41f7-b6aa-a420df330cd2.png\" width=\"896\" height=\"935\" srcset=\"https:\/\/www.whiteshield.net\/wp-content\/uploads\/2025\/03\/8216d38b-3c28-41f7-b6aa-a420df330cd2.png 896w, https:\/\/www.whiteshield.net\/wp-content\/uploads\/2025\/03\/8216d38b-3c28-41f7-b6aa-a420df330cd2-480x501.png 480w\" sizes=\"(min-width: 0px) and (max-width: 480px) 480px, (min-width: 481px) 896px, 100vw\" class=\"wp-image-1756\" title=\"8216d38b-3c28-41f7-b6aa-a420df330cd2\" \/><\/span><\/div>\n<\/div>\n\n<div class=\"et_pb_column_3 et_pb_column et-last-child et_block_column et_pb_css_mix_blend_mode_passthrough et_flex_column_24_24 et_flex_column_24_24_phone et_flex_column_24_24_phoneWide et_flex_column_24_24_tabletWide et_flex_column_24_24_widescreen et_flex_column_24_24_ultraWide\">\n<div class=\"et_pb_text_1 et_pb_text et_pb_bg_layout_light et_pb_module et_block_module\"><div class=\"et_pb_text_inner\" data-et-mv-hidden-phone=\"true\"><p data-start=\"511\" data-end=\"556\" class=\"\"><strong>Testreszabott biztons\u00e1gi vizsg\u00e1latok, sablonok n\u00e9lk\u00fcl<\/strong><\/p>\n<p>Vil\u00e1gszerte t\u00f6bb ipar\u00e1gban is megb\u00edzott partnerek vagyunk, minden penetr\u00e1ci\u00f3s tesztet az adott szervezet kock\u00e1zati profilj\u00e1hoz, megfelel\u0151s\u00e9gi c\u00e9ljaihoz \u00e9s ipar\u00e1gi saj\u00e1toss\u00e1gaihoz igaz\u00edtunk.<\/p>\n<p>Val\u00f3s idej\u0171 jelent\u00e9si port\u00e1lunkon kereszt\u00fcl teljes betekint\u00e9st kapsz a felt\u00e1rt s\u00e9r\u00fcl\u00e9kenys\u00e9gekbe, val\u00f3s id\u0151ben konzult\u00e1lhatsz a tesztel\u0151inkkel, \u00e9s az eg\u00e9sz folyamat \u00e1tl\u00e1that\u00f3 m\u00f3don zajlik \u2013 nem csup\u00e1n egy statikus PDF-jelent\u00e9ssel z\u00e1rul. Minden tesztet az adott k\u00f6rnyezet saj\u00e1toss\u00e1gaihoz szabunk \u2013 n\u00e1lunk nincsenek sablonjelent\u00e9sek vagy \u00e1ltal\u00e1nos meg\u00e1llap\u00edt\u00e1sok.<\/p>\n<p><span>B\u00e1r a penetr\u00e1ci\u00f3s tesztel\u00e9s hozz\u00e1j\u00e1rul a megfelel\u0151s\u00e9ghez (pl. GDPR, ISO 27001, PCI DSS), val\u00f3di \u00e9rt\u00e9k\u00e9t az jelenti, hogy a t\u00e1mad\u00f3k el\u0151tt t\u00e1rja fel a val\u00f3di s\u00e9r\u00fcl\u00e9kenys\u00e9geket. Egy sikeres t\u00e1mad\u00e1s, a h\u00edrn\u00e9v csorbul\u00e1sa vagy az \u00fczemkies\u00e9s sokkal t\u00f6bbe ker\u00fclhet, mint b\u00e1rmelyik b\u00edrs\u00e1g \u2014 ez\u00e9rt n\u00e1lunk a t\u00e9nyleges kock\u00e1zatok kezel\u00e9se mindig els\u0151bbs\u00e9get \u00e9lvez a megfelel\u00e9si pip\u00e1kkal szemben.<\/span><\/p>\n<\/div><\/div>\n<\/div>\n<\/div>\n\n<div class=\"et_pb_row_3 et_pb_row et_flex_row et_animated\">\n<div class=\"et_pb_column_4 et_pb_column et_flex_column et_pb_css_mix_blend_mode_passthrough et_flex_column_24_24 et_flex_column_24_24_tablet et_flex_column_24_24_phone et_flex_column_24_24_phoneWide et_flex_column_24_24_tabletWide et_flex_column_24_24_widescreen et_flex_column_24_24_ultraWide\">\n<div class=\"et_pb_text_2 et_pb_text et_pb_bg_layout_light et_pb_module et_block_module\"><div class=\"et_pb_text_inner\"><p><strong>K\u00e9zi tesztel\u00e9s vs. automatiz\u00e1lt szkennel\u00e9s<\/strong><\/p>\n<p><span>A legt\u00f6bb eszk\u00f6z a szkennel\u00e9sn\u00e9l meg\u00e1ll \u2014 mi enn\u00e9l tov\u00e1bb megy\u00fcnk.\u00a0<\/span><span>Az automatikus s\u00e9r\u00fcl\u00e9kenys\u00e9gvizsg\u00e1l\u00f3k hasznosak, de csak ismert hib\u00e1kat k\u00e9pesek azonos\u00edtani, statikus szignat\u00far\u00e1k vagy korl\u00e1tozott heurisztik\u00e1k alapj\u00e1n. Nem k\u00e9pesek gondolkodni, hib\u00e1kat \u00f6sszekapcsolni, vagy \u00fczleti logikai hib\u00e1kat felismerni.<\/span><\/p>\n<p>\u00a0A k\u00e9zi penetr\u00e1ci\u00f3s tesztel\u00e9s val\u00f3di m\u00e9lys\u00e9get ad: etikus hackereink val\u00f3s t\u00e1mad\u00e1si szcen\u00e1ri\u00f3kat szimul\u00e1lnak, elemzik, hogyan hatnak egym\u00e1sra az egyes gyenges\u00e9gek, \u00e9s olyan sebezhet\u0151s\u00e9geket is felt\u00e1rnak, amelyeket az automatiz\u00e1lt eszk\u00f6z\u00f6k rendre figyelmen k\u00edv\u00fcl hagynak \u2014 p\u00e9ld\u00e1ul jogosults\u00e1gi szintemel\u00e9s, logikai megker\u00fcl\u00e9sek, vagy l\u00e1ncolt konfigur\u00e1ci\u00f3s hib\u00e1k eset\u00e9n.<\/p>\n<\/div><\/div>\n<\/div>\n\n<div class=\"et_pb_column_5 et_pb_column et-last-child et_flex_column et_pb_css_mix_blend_mode_passthrough et_flex_column_24_24 et_flex_column_24_24_tablet et_flex_column_24_24_phone et_flex_column_24_24_tabletWide et_flex_column_24_24_widescreen et_flex_column_24_24_ultraWide\">\n<div class=\"et_pb_image_1 et_pb_image et_pb_module et_block_module\"><span class=\"et_pb_image_wrap\"><img loading=\"lazy\" decoding=\"async\" src=\"https:\/\/www.whiteshield.net\/wp-content\/uploads\/2025\/03\/688e951a-e740-49c7-85ef-52df21e44594.png\" width=\"896\" height=\"1052\" srcset=\"https:\/\/www.whiteshield.net\/wp-content\/uploads\/2025\/03\/688e951a-e740-49c7-85ef-52df21e44594.png 896w, https:\/\/www.whiteshield.net\/wp-content\/uploads\/2025\/03\/688e951a-e740-49c7-85ef-52df21e44594-480x564.png 480w\" sizes=\"(min-width: 0px) and (max-width: 480px) 480px, (min-width: 481px) 896px, 100vw\" class=\"wp-image-1753\" title=\"688e951a-e740-49c7-85ef-52df21e44594\" \/><\/span><\/div>\n<\/div>\n<\/div>\n\n<div class=\"et_pb_row_4 et_pb_row et_flex_row et_animated\">\n<div class=\"et_pb_column_6 et_pb_column et-last-child et_flex_column et_pb_css_mix_blend_mode_passthrough et_flex_column_24_24 et_flex_column_24_24_tablet et_flex_column_24_24_phone et_flex_column_24_24_phoneWide et_flex_column_24_24_tabletWide et_flex_column_24_24_widescreen et_flex_column_24_24_ultraWide\">\n<div class=\"et_pb_heading_2 et_pb_heading et_pb_module et_flex_module\"><div class=\"et_pb_heading_container\"><h2 class=\"et_pb_module_header\"> Mi\u00e9rt fontos a penetr\u00e1ci\u00f3s tesztel\u00e9s?<\/h2><\/div><\/div>\n\n<div class=\"et_pb_text_3 et_pb_text et_pb_bg_layout_light et_pb_module et_block_module\"><div class=\"et_pb_text_inner\"><p data-pm-slice=\"1 1 []\" style=\"text-align: left;\">A hagyom\u00e1nyos v\u00e9delmi megold\u00e1sok, mint a v\u00edrusirt\u00f3k vagy a t\u0171zfalak, nem k\u00e9pesek megmutatni, hogyan viselkedne egy val\u00f3di t\u00e1mad\u00f3 a gyakorlatban. A penetr\u00e1ci\u00f3s tesztel\u00e9s felt\u00e1rja a szervezet t\u00e9nyleges kitetts\u00e9g\u00e9t az\u00e1ltal, hogy val\u00f3s k\u00f6rnyezetet modellez\u0151 t\u00e1mad\u00e1sokat szimul\u00e1l \u2013 biztons\u00e1gos keretek k\u00f6z\u00f6tt, szak\u00e9rt\u0151i fel\u00fcgyelet mellett.<\/p>\n<p style=\"text-align: left;\">\u00c1tfog\u00f3an vizsg\u00e1ljuk digit\u00e1lis k\u00f6rnyezet\u00e9t az alkalmaz\u00e1sokt\u00f3l \u00e9s API-kt\u00f3l kezdve a bels\u0151 infrastrukt\u00far\u00e1n \u00e1t eg\u00e9szen a konfigur\u00e1ci\u00f3s hib\u00e1kig. Az automatiz\u00e1lt eszk\u00f6z\u00f6kkel ellent\u00e9tben a manu\u00e1lis tesztel\u00e9s lehet\u0151v\u00e9 teszi, hogy minden egyes alkalmaz\u00e1st l\u00e9nyegesen m\u00e9lyebb szinten elemezz\u00fcnk, kisz\u0171rj\u00fck a t\u00e9ves riaszt\u00e1sokat, \u00e9s olyan megb\u00edzhat\u00f3 eredm\u00e9nyeket biztos\u00edtsunk, amelyekre val\u00f3s int\u00e9zked\u00e9sek \u00e9p\u00edthet\u0151k.<\/p>\n<p style=\"text-align: left;\">Minden azonos\u00edtott meg\u00e1llap\u00edt\u00e1shoz egy\u00e9rtelm\u0171 jav\u00edt\u00e1si \u00fatmutat\u00f3t biztos\u00edtunk, amelyet egy biztons\u00e1gos, val\u00f3s idej\u0171 riport\u00e1l\u00e1si platformon kereszt\u00fcl tesz\u00fcnk el\u00e9rhet\u0151v\u00e9. Ez teljes \u00e1tl\u00e1that\u00f3s\u00e1got \u00e9s konkr\u00e9t, v\u00e9grehajthat\u00f3 k\u00f6vetkez\u0151 l\u00e9p\u00e9seket biztos\u00edt csapata sz\u00e1m\u00e1ra.<\/p>\n<\/div><\/div>\n<\/div>\n<\/div>\n\n<div class=\"et_pb_row_5 et_pb_row et_block_row et_animated\" id=\"book_consult\">\n<div class=\"et_pb_column_7 et_pb_column et_pb_column_4_4 et-last-child et_block_column et_pb_css_mix_blend_mode_passthrough\">\n<div class=\"et_pb_cta_0 et_pb_promo et_pb_bg_layout_dark et_pb_module et_block_module\"><div class=\"et_pb_promo_description\"><h2 class=\"et_pb_module_header\">A biztons\u00e1g egy besz\u00e9lget\u00e9ssel kezd\u0151dik<\/h2><div class=\"et_pb_promo_content\"><p>Hagyjuk a sales sablonokat!<\/p>\n<p>Besz\u00e9lgess\u00fcnk \u00e9rdemben az \u00fczletmenet-folytonoss\u00e1gr\u00f3l \u00e9s a m\u0171k\u00f6d\u00e9si kock\u00e1zatokr\u00f3l!<\/p>\n<\/div><\/div><div class=\"et_pb_button_wrapper\"><a class=\"et_pb_button et_pb_promo_button\" href=\"https:\/\/jtdvcjaj.youcanbook.me\/\">Ingyenes 30 perces konzult\u00e1ci\u00f3<\/a><\/div><\/div>\n<\/div>\n<\/div>\n<\/div>","protected":false},"excerpt":{"rendered":"","protected":false},"author":2,"featured_media":0,"parent":0,"menu_order":0,"comment_status":"closed","ping_status":"closed","template":"","meta":{"content-type":"","footnotes":""},"class_list":["post-2140","page","type-page","status-publish","hentry"],"yoast_head":"<!-- This site is optimized with the Yoast SEO plugin v27.5 - https:\/\/yoast.com\/product\/yoast-seo-wordpress\/ -->\n<title>IT Biztons\u00e1gi tesztel\u00e9s - Whiteshield Ethical Hacking<\/title>\n<meta name=\"description\" content=\"Az IT biztons\u00e1gi tesztel\u00e9s seg\u00edt felt\u00e1rni a szervezeted sebezhet\u0151s\u00e9geit. Szolg\u00e1ltat\u00e1sunk lefedi a teljes infrastrukt\u00fara technikai vizsg\u00e1lat\u00e1t.\" \/>\n<meta name=\"robots\" content=\"index, follow, max-snippet:-1, max-image-preview:large, max-video-preview:-1\" \/>\n<link rel=\"canonical\" href=\"https:\/\/www.whiteshield.net\/hu\/it-biztonsagi-teszteles\/\" \/>\n<meta property=\"og:locale\" content=\"hu_HU\" \/>\n<meta property=\"og:type\" content=\"article\" \/>\n<meta property=\"og:title\" content=\"IT Biztons\u00e1gi tesztel\u00e9s - Whiteshield Ethical Hacking\" \/>\n<meta property=\"og:description\" content=\"Az IT biztons\u00e1gi tesztel\u00e9s seg\u00edt felt\u00e1rni a szervezeted sebezhet\u0151s\u00e9geit. Szolg\u00e1ltat\u00e1sunk lefedi a teljes infrastrukt\u00fara technikai vizsg\u00e1lat\u00e1t.\" \/>\n<meta property=\"og:url\" content=\"https:\/\/www.whiteshield.net\/hu\/it-biztonsagi-teszteles\/\" \/>\n<meta property=\"og:site_name\" content=\"Whiteshield Ethical Hacking\" \/>\n<meta property=\"article:modified_time\" content=\"2026-03-18T13:26:14+00:00\" \/>\n<meta name=\"twitter:card\" content=\"summary_large_image\" \/>\n<meta name=\"twitter:label1\" content=\"Becs\u00fclt olvas\u00e1si id\u0151\" \/>\n\t<meta name=\"twitter:data1\" content=\"3 perc\" \/>\n<script type=\"application\/ld+json\" class=\"yoast-schema-graph\">{\"@context\":\"https:\\\/\\\/schema.org\",\"@graph\":[{\"@type\":\"WebPage\",\"@id\":\"https:\\\/\\\/www.whiteshield.net\\\/hu\\\/it-biztonsagi-teszteles\\\/\",\"url\":\"https:\\\/\\\/www.whiteshield.net\\\/hu\\\/it-biztonsagi-teszteles\\\/\",\"name\":\"IT Biztons\u00e1gi tesztel\u00e9s - Whiteshield Ethical Hacking\",\"isPartOf\":{\"@id\":\"https:\\\/\\\/www.whiteshield.net\\\/hu\\\/#website\"},\"datePublished\":\"2025-04-15T14:19:32+00:00\",\"dateModified\":\"2026-03-18T13:26:14+00:00\",\"description\":\"Az IT biztons\u00e1gi tesztel\u00e9s seg\u00edt felt\u00e1rni a szervezeted sebezhet\u0151s\u00e9geit. Szolg\u00e1ltat\u00e1sunk lefedi a teljes infrastrukt\u00fara technikai vizsg\u00e1lat\u00e1t.\",\"breadcrumb\":{\"@id\":\"https:\\\/\\\/www.whiteshield.net\\\/hu\\\/it-biztonsagi-teszteles\\\/#breadcrumb\"},\"inLanguage\":\"hu\",\"potentialAction\":[{\"@type\":\"ReadAction\",\"target\":[\"https:\\\/\\\/www.whiteshield.net\\\/hu\\\/it-biztonsagi-teszteles\\\/\"]}]},{\"@type\":\"BreadcrumbList\",\"@id\":\"https:\\\/\\\/www.whiteshield.net\\\/hu\\\/it-biztonsagi-teszteles\\\/#breadcrumb\",\"itemListElement\":[{\"@type\":\"ListItem\",\"position\":1,\"name\":\"Home\",\"item\":\"https:\\\/\\\/www.whiteshield.net\\\/hu\\\/\"},{\"@type\":\"ListItem\",\"position\":2,\"name\":\"IT Biztons\u00e1gi tesztel\u00e9s\"}]},{\"@type\":\"WebSite\",\"@id\":\"https:\\\/\\\/www.whiteshield.net\\\/hu\\\/#website\",\"url\":\"https:\\\/\\\/www.whiteshield.net\\\/hu\\\/\",\"name\":\"Whiteshield Ethical Hacking\",\"description\":\"Biztons\u00e1gi Szak\u00e9rt\u0151k\",\"potentialAction\":[{\"@type\":\"SearchAction\",\"target\":{\"@type\":\"EntryPoint\",\"urlTemplate\":\"https:\\\/\\\/www.whiteshield.net\\\/hu\\\/?s={search_term_string}\"},\"query-input\":{\"@type\":\"PropertyValueSpecification\",\"valueRequired\":true,\"valueName\":\"search_term_string\"}}],\"inLanguage\":\"hu\"}]}<\/script>\n<!-- \/ Yoast SEO plugin. -->","yoast_head_json":{"title":"IT Biztons\u00e1gi tesztel\u00e9s - Whiteshield Ethical Hacking","description":"Az IT biztons\u00e1gi tesztel\u00e9s seg\u00edt felt\u00e1rni a szervezeted sebezhet\u0151s\u00e9geit. Szolg\u00e1ltat\u00e1sunk lefedi a teljes infrastrukt\u00fara technikai vizsg\u00e1lat\u00e1t.","robots":{"index":"index","follow":"follow","max-snippet":"max-snippet:-1","max-image-preview":"max-image-preview:large","max-video-preview":"max-video-preview:-1"},"canonical":"https:\/\/www.whiteshield.net\/hu\/it-biztonsagi-teszteles\/","og_locale":"hu_HU","og_type":"article","og_title":"IT Biztons\u00e1gi tesztel\u00e9s - Whiteshield Ethical Hacking","og_description":"Az IT biztons\u00e1gi tesztel\u00e9s seg\u00edt felt\u00e1rni a szervezeted sebezhet\u0151s\u00e9geit. Szolg\u00e1ltat\u00e1sunk lefedi a teljes infrastrukt\u00fara technikai vizsg\u00e1lat\u00e1t.","og_url":"https:\/\/www.whiteshield.net\/hu\/it-biztonsagi-teszteles\/","og_site_name":"Whiteshield Ethical Hacking","article_modified_time":"2026-03-18T13:26:14+00:00","twitter_card":"summary_large_image","twitter_misc":{"Becs\u00fclt olvas\u00e1si id\u0151":"3 perc"},"schema":{"@context":"https:\/\/schema.org","@graph":[{"@type":"WebPage","@id":"https:\/\/www.whiteshield.net\/hu\/it-biztonsagi-teszteles\/","url":"https:\/\/www.whiteshield.net\/hu\/it-biztonsagi-teszteles\/","name":"IT Biztons\u00e1gi tesztel\u00e9s - Whiteshield Ethical Hacking","isPartOf":{"@id":"https:\/\/www.whiteshield.net\/hu\/#website"},"datePublished":"2025-04-15T14:19:32+00:00","dateModified":"2026-03-18T13:26:14+00:00","description":"Az IT biztons\u00e1gi tesztel\u00e9s seg\u00edt felt\u00e1rni a szervezeted sebezhet\u0151s\u00e9geit. Szolg\u00e1ltat\u00e1sunk lefedi a teljes infrastrukt\u00fara technikai vizsg\u00e1lat\u00e1t.","breadcrumb":{"@id":"https:\/\/www.whiteshield.net\/hu\/it-biztonsagi-teszteles\/#breadcrumb"},"inLanguage":"hu","potentialAction":[{"@type":"ReadAction","target":["https:\/\/www.whiteshield.net\/hu\/it-biztonsagi-teszteles\/"]}]},{"@type":"BreadcrumbList","@id":"https:\/\/www.whiteshield.net\/hu\/it-biztonsagi-teszteles\/#breadcrumb","itemListElement":[{"@type":"ListItem","position":1,"name":"Home","item":"https:\/\/www.whiteshield.net\/hu\/"},{"@type":"ListItem","position":2,"name":"IT Biztons\u00e1gi tesztel\u00e9s"}]},{"@type":"WebSite","@id":"https:\/\/www.whiteshield.net\/hu\/#website","url":"https:\/\/www.whiteshield.net\/hu\/","name":"Whiteshield Ethical Hacking","description":"Biztons\u00e1gi Szak\u00e9rt\u0151k","potentialAction":[{"@type":"SearchAction","target":{"@type":"EntryPoint","urlTemplate":"https:\/\/www.whiteshield.net\/hu\/?s={search_term_string}"},"query-input":{"@type":"PropertyValueSpecification","valueRequired":true,"valueName":"search_term_string"}}],"inLanguage":"hu"}]}},"_links":{"self":[{"href":"https:\/\/www.whiteshield.net\/hu\/wp-json\/wp\/v2\/pages\/2140","targetHints":{"allow":["GET"]}}],"collection":[{"href":"https:\/\/www.whiteshield.net\/hu\/wp-json\/wp\/v2\/pages"}],"about":[{"href":"https:\/\/www.whiteshield.net\/hu\/wp-json\/wp\/v2\/types\/page"}],"author":[{"embeddable":true,"href":"https:\/\/www.whiteshield.net\/hu\/wp-json\/wp\/v2\/users\/2"}],"replies":[{"embeddable":true,"href":"https:\/\/www.whiteshield.net\/hu\/wp-json\/wp\/v2\/comments?post=2140"}],"version-history":[{"count":16,"href":"https:\/\/www.whiteshield.net\/hu\/wp-json\/wp\/v2\/pages\/2140\/revisions"}],"predecessor-version":[{"id":239122,"href":"https:\/\/www.whiteshield.net\/hu\/wp-json\/wp\/v2\/pages\/2140\/revisions\/239122"}],"wp:attachment":[{"href":"https:\/\/www.whiteshield.net\/hu\/wp-json\/wp\/v2\/media?parent=2140"}],"curies":[{"name":"wp","href":"https:\/\/api.w.org\/{rel}","templated":true}]}}