{"id":2112,"date":"2025-04-15T14:14:21","date_gmt":"2025-04-15T12:14:21","guid":{"rendered":"https:\/\/www.whiteshield.net\/automatizalas\/"},"modified":"2026-03-18T14:34:05","modified_gmt":"2026-03-18T13:34:05","slug":"automatizalas","status":"publish","type":"page","link":"https:\/\/www.whiteshield.net\/hu\/automatizalas\/","title":{"rendered":"Automatiz\u00e1l\u00e1s"},"content":{"rendered":"<div class=\"et_pb_section_0 et_pb_section et_section_regular et_flex_section\">\n<div class=\"et_pb_row_0 et_pb_row et_block_row et_animated\">\n<div class=\"et_pb_column_0 et_pb_column et_pb_column_4_4 et-last-child et_block_column et_pb_css_mix_blend_mode_passthrough\">\n<div class=\"et_pb_heading_0 et_pb_heading et_pb_module et_block_module\"><div class=\"et_pb_heading_container\"><h1 class=\"et_pb_module_header\">Automatiz\u00e1lt Pentest-as-a-Service<\/h1><\/div><\/div>\n\n<div class=\"et_pb_heading_1 et_pb_heading et_pb_module et_block_module\"><div class=\"et_pb_heading_container\"><h2 class=\"et_pb_module_header\">Val\u00f3s id\u0151ben. Biztons\u00e1gosan. K\u00f6z\u00f6sen.<\/h2><\/div><\/div>\n\n<div class=\"et_pb_module et_pb_button_module_wrapper et_pb_button_0_wrapper\"><a class=\"et_pb_button_0 et_pb_button et_pb_bg_layout_dark et_pb_module et_block_module\" href=\"#book_consult\" data-icon=\"&quot;\">Ismerje meg lehet\u0151s\u00e9geit!<\/a><\/div>\n<\/div>\n<\/div>\n\n<div class=\"et_pb_row_1 et_pb_row et_flex_row et_animated\">\n<div class=\"et_pb_column_1 et_pb_column et-last-child et_flex_column et_pb_css_mix_blend_mode_passthrough et_flex_column_24_24 et_flex_column_24_24_tablet et_flex_column_24_24_phone et_flex_column_24_24_phoneWide et_flex_column_24_24_tabletWide et_flex_column_24_24_widescreen et_flex_column_24_24_ultraWide\">\n<div class=\"et_pb_text_0 et_pb_text et_pb_bg_layout_light et_animated et_pb_module et_block_module\"><div class=\"et_pb_text_inner\"><p style=\"text-align: left;\">A Pentest-as-a-Service (PtaaS) modell\u00fcnkkel a biztons\u00e1g t\u00f6bb\u00e9 nem egyszeri esem\u00e9ny, hanem folyamatos folyamat. Sk\u00e1l\u00e1zhat\u00f3 automatiz\u00e1l\u00e1st \u00f6tv\u00f6z\u00fcnk szak\u00e9rt\u0151i valid\u00e1ci\u00f3val, \u00e9s az eredm\u00e9nyeket val\u00f3s id\u0151ben, \u00e9l\u0151 jelent\u00e9si port\u00e1lon kereszt\u00fcl tessz\u00fck el\u00e9rhet\u0151v\u00e9. Ez a megk\u00f6zel\u00edt\u00e9s felgyors\u00edtja a jav\u00edt\u00e1si folyamatokat, teljes \u00e1tl\u00e1that\u00f3s\u00e1got biztos\u00edt, \u00e9s t\u00e1mogatja az agilis fejleszt\u00e9si \u00e9letciklusokat.<\/p>\n<\/div><\/div>\n<\/div>\n<\/div>\n\n<div class=\"et_pb_row_2 et_pb_row et_flex_row et_animated\">\n<div class=\"et_pb_column_2 et_pb_column et_flex_column et_pb_css_mix_blend_mode_passthrough et_flex_column_24_24 et_flex_column_24_24_phone et_flex_column_24_24_phoneWide et_flex_column_24_24_tabletWide et_flex_column_24_24_widescreen et_flex_column_24_24_ultraWide\">\n<div class=\"et_pb_image_0 et_pb_image et_pb_module et_block_module\"><span class=\"et_pb_image_wrap\"><img loading=\"lazy\" decoding=\"async\" src=\"https:\/\/www.whiteshield.net\/wp-content\/uploads\/2025\/04\/automation.png\" title=\"automation\" width=\"896\" height=\"896\" srcset=\"https:\/\/www.whiteshield.net\/wp-content\/uploads\/2025\/04\/automation.png 896w, https:\/\/www.whiteshield.net\/wp-content\/uploads\/2025\/04\/automation-480x480.png 480w\" sizes=\"(min-width: 0px) and (max-width: 480px) 480px, (min-width: 481px) 896px, 100vw\" class=\"wp-image-2132\" alt=\"automated penetesting\" \/><\/span><\/div>\n<\/div>\n\n<div class=\"et_pb_column_3 et_pb_column et-last-child et_flex_column et_pb_css_mix_blend_mode_passthrough et_flex_column_24_24 et_flex_column_24_24_phone et_flex_column_24_24_phoneWide et_flex_column_24_24_tabletWide et_flex_column_24_24_widescreen et_flex_column_24_24_ultraWide\">\n<div class=\"et_pb_text_1 et_pb_text et_pb_bg_layout_light et_pb_module et_block_module\"><div class=\"et_pb_text_inner\" data-et-mv-hidden-phone=\"true\"><p><strong>Biztons\u00e1gos platform \u00e9s egy\u00fcttm\u0171k\u00f6d\u00e9s<br \/><\/strong><\/p>\n<p><span>Nincs t\u00f6bb\u00e9 sz\u00fcks\u00e9g t\u00f6bbcsatorn\u00e1s, titkos\u00edtott jelsz\u00f3k\u00fcld\u00e9sre \u2013 \u00e9rz\u00e9keny adatait biztons\u00e1gosan felt\u00f6ltheti titkos\u00edtott platformunkra. Dolgozzon egy\u00fctt penetr\u00e1ci\u00f3s tesztel\u0151inkkel val\u00f3s id\u0151ben, a projekt teljes \u00e9letciklusa sor\u00e1n \u2013 a scope meghat\u00e1roz\u00e1s\u00e1t\u00f3l az eredm\u00e9nyek \u00e1tad\u00e1s\u00e1n \u00e9s \u00fajraellen\u0151rz\u00e9sen \u00e1t eg\u00e9szen a lez\u00e1r\u00e1sig.<\/span><\/p>\n<p>\u00a0<strong>L\u00e1tv\u00e1nyos \u00e9s cselekv\u00e9sorient\u00e1lt betekint\u00e9s<br \/><\/strong><\/p>\n<p>\u00a0F\u00e9rjen hozz\u00e1 azonnali, vizu\u00e1lis betekint\u00e9st ny\u00fajt\u00f3 inform\u00e1ci\u00f3khoz a pentest projektje sor\u00e1n. Tekintse meg a felt\u00e1rt s\u00e9r\u00fcl\u00e9kenys\u00e9geket s\u00falyoss\u00e1g szerint kategoriz\u00e1lva, \u00e9s l\u00e9pjen kapcsolatba csapatunkkal val\u00f3s idej\u0171 jelent\u00e9si fel\u00fcleten kereszt\u00fcl \u2013 ez lehet\u0151v\u00e9 teszi a gyors \u00e9s c\u00e9lzott jav\u00edt\u00e1st.<\/p>\n<\/div><\/div>\n<\/div>\n<\/div>\n\n<div class=\"et_pb_row_3 et_pb_row et_flex_row et_animated\">\n<div class=\"et_pb_column_4 et_pb_column et_flex_column et_pb_css_mix_blend_mode_passthrough et_flex_column_24_24 et_flex_column_24_24_tablet et_flex_column_24_24_phone et_flex_column_24_24_phoneWide et_flex_column_24_24_tabletWide et_flex_column_24_24_widescreen et_flex_column_24_24_ultraWide\">\n<div class=\"et_pb_text_2 et_pb_text et_pb_bg_layout_light et_pb_module et_block_module\"><div class=\"et_pb_text_inner\"><p><strong>Fejleszt\u0151i integr\u00e1ci\u00f3 \u00e9s \u00e9letciklus-kezel\u00e9s<br \/><\/strong><\/p>\n<p>A felt\u00e1rt s\u00e9r\u00fcl\u00e9kenys\u00e9gekr\u0151l hibajegyeket r\u00f6gz\u00edt\u00fcnk saj\u00e1t platformunkon, ahol val\u00f3s id\u0151ben k\u00f6vethet\u0151 a teljes \u00e9letciklusuk \u2013 a felfedez\u00e9st\u0151l kezdve az \u00fajratesztel\u00e9sen \u00e1t a jav\u00edt\u00e1sok ellen\u0151rz\u00e9s\u00e9ig. A platform \u00e1tl\u00e1that\u00f3 m\u00f3don t\u00e1mogatja a fejleszt\u00e9si \u00e9s hibakezel\u00e9si folyamatokat, \u00edgy minden inform\u00e1ci\u00f3 egy helyen el\u00e9rhet\u0151 \u00e9s hat\u00e9konyan kezelhet\u0151.<\/p>\n<p><strong>Folyamatos monitoroz\u00e1s \u00e9s prioriz\u00e1l\u00e1s<\/strong><\/p>\n<p>Tartsa fenn 24\/7 l\u00e1that\u00f3s\u00e1g\u00e1t a t\u00e1mad\u00e1si fel\u00fclet felett. Ind\u00edtson \u00fajravizsg\u00e1latot ig\u00e9ny szerint, vagy \u00fctemezzen folyamatos monitoroz\u00e1st. Platformunk kiemeli a legkritikusabb biztons\u00e1gi r\u00e9seket, \u00edgy csapata gyorsan \u00e9s pontosan reag\u00e1lhat.<\/p>\n<\/div><\/div>\n<\/div>\n\n<div class=\"et_pb_column_5 et_pb_column et-last-child et_flex_column et_pb_css_mix_blend_mode_passthrough et_flex_column_24_24 et_flex_column_24_24_tablet et_flex_column_24_24_phone et_flex_column_24_24_tabletWide et_flex_column_24_24_widescreen et_flex_column_24_24_ultraWide\">\n<div class=\"et_pb_image_1 et_pb_image et_pb_module et_block_module\"><span class=\"et_pb_image_wrap\"><img loading=\"lazy\" decoding=\"async\" src=\"https:\/\/www.whiteshield.net\/wp-content\/uploads\/2025\/04\/automation2.png\" title=\"automation2\" width=\"742\" height=\"720\" srcset=\"https:\/\/www.whiteshield.net\/wp-content\/uploads\/2025\/04\/automation2.png 742w, https:\/\/www.whiteshield.net\/wp-content\/uploads\/2025\/04\/automation2-480x466.png 480w\" sizes=\"(min-width: 0px) and (max-width: 480px) 480px, (min-width: 481px) 742px, 100vw\" class=\"wp-image-2135\" \/><\/span><\/div>\n<\/div>\n<\/div>\n\n<div class=\"et_pb_row_4 et_pb_row et_flex_row et_animated\">\n<div class=\"et_pb_column_6 et_pb_column et-last-child et_flex_column et_pb_css_mix_blend_mode_passthrough et_flex_column_24_24 et_flex_column_24_24_tablet et_flex_column_24_24_phone et_flex_column_24_24_phoneWide et_flex_column_24_24_tabletWide et_flex_column_24_24_widescreen et_flex_column_24_24_ultraWide\">\n<div class=\"et_pb_heading_2 et_pb_heading et_pb_module et_flex_module\"><div class=\"et_pb_heading_container\"><h2 class=\"et_pb_module_header\">Automatiz\u00e1lt folyamatok \u00e9s val\u00f3s idej\u0171 egy\u00fcttm\u0171k\u00f6d\u00e9s egy helyen<\/h2><\/div><\/div>\n\n<div class=\"et_pb_text_3 et_pb_text et_pb_bg_layout_light et_pb_module et_block_module\"><div class=\"et_pb_text_inner\"><p>A Pentest-as-a-Service modell\u00fcnkkel a biztons\u00e1gi tesztel\u00e9s nem egyszeri esem\u00e9ny, hanem folyamatos tev\u00e9kenys\u00e9g. A val\u00f3s idej\u0171 egy\u00fcttm\u0171k\u00f6d\u00e9s, a titkos\u00edtott adatkezel\u00e9s \u00e9s a folyamatos s\u00e9r\u00fcl\u00e9kenys\u00e9gkezel\u00e9s r\u00e9v\u00e9n minden adott ahhoz, hogy a csapatod hat\u00e9konyan kezelje a felt\u00e1rt hib\u00e1kat, nyomon k\u00f6vesse az el\u0151rehalad\u00e1st, \u00e9s megtartsa a teljes kontrollt \u2013 mindezt egyetlen, k\u00f6zpontos\u00edtott platformon.<\/p>\n<\/div><\/div>\n<\/div>\n<\/div>\n\n<div class=\"et_pb_row_5 et_pb_row et_block_row et_animated\" id=\"book_consult\">\n<div class=\"et_pb_column_7 et_pb_column et_pb_column_4_4 et-last-child et_block_column et_pb_css_mix_blend_mode_passthrough\">\n<div class=\"et_pb_cta_0 et_pb_promo et_pb_bg_layout_dark et_pb_module et_block_module\"><div class=\"et_pb_promo_description\"><h2 class=\"et_pb_module_header\">A biztons\u00e1g egy besz\u00e9lget\u00e9ssel kezd\u0151dik<\/h2><div class=\"et_pb_promo_content\"><p>Hagyjuk a sales sablonokat!<\/p>\n<p>Besz\u00e9lgess\u00fcnk \u00e9rdemben az \u00fczletmenet-folytonoss\u00e1gr\u00f3l \u00e9s a m\u0171k\u00f6d\u00e9si kock\u00e1zatokr\u00f3l!<\/p>\n<\/div><\/div><div class=\"et_pb_button_wrapper\"><a class=\"et_pb_button et_pb_promo_button\" href=\"https:\/\/jtdvcjaj.youcanbook.me\/\">Ingyenes 30 perces konzult\u00e1ci\u00f3<\/a><\/div><\/div>\n<\/div>\n<\/div>\n<\/div>","protected":false},"excerpt":{"rendered":"","protected":false},"author":2,"featured_media":0,"parent":0,"menu_order":0,"comment_status":"closed","ping_status":"closed","template":"","meta":{"content-type":"","footnotes":""},"class_list":["post-2112","page","type-page","status-publish","hentry"],"yoast_head":"<!-- This site is optimized with the Yoast SEO plugin v27.4 - https:\/\/yoast.com\/product\/yoast-seo-wordpress\/ -->\n<title>Automatiz\u00e1l\u00e1s - Whiteshield Ethical Hacking<\/title>\n<meta name=\"description\" content=\"Automatiz\u00e1lt penteszt szolg\u00e1ltat\u00e1sunk gyors, sk\u00e1l\u00e1zhat\u00f3 sebezhet\u0151s\u00e9gfelt\u00e1r\u00e1st k\u00edn\u00e1l \u00e9l\u0151 riport\u00e1l\u00e1ssal \u00e9s szak\u00e9rt\u0151i valid\u00e1ci\u00f3val.\" \/>\n<meta name=\"robots\" content=\"index, follow, max-snippet:-1, max-image-preview:large, max-video-preview:-1\" \/>\n<link rel=\"canonical\" href=\"https:\/\/www.whiteshield.net\/hu\/automatizalas\/\" \/>\n<meta property=\"og:locale\" content=\"hu_HU\" \/>\n<meta property=\"og:type\" content=\"article\" \/>\n<meta property=\"og:title\" content=\"Automatiz\u00e1l\u00e1s - Whiteshield Ethical Hacking\" \/>\n<meta property=\"og:description\" content=\"Automatiz\u00e1lt penteszt szolg\u00e1ltat\u00e1sunk gyors, sk\u00e1l\u00e1zhat\u00f3 sebezhet\u0151s\u00e9gfelt\u00e1r\u00e1st k\u00edn\u00e1l \u00e9l\u0151 riport\u00e1l\u00e1ssal \u00e9s szak\u00e9rt\u0151i valid\u00e1ci\u00f3val.\" \/>\n<meta property=\"og:url\" content=\"https:\/\/www.whiteshield.net\/hu\/automatizalas\/\" \/>\n<meta property=\"og:site_name\" content=\"Whiteshield Ethical Hacking\" \/>\n<meta property=\"article:modified_time\" content=\"2026-03-18T13:34:05+00:00\" \/>\n<meta name=\"twitter:card\" content=\"summary_large_image\" \/>\n<meta name=\"twitter:label1\" content=\"Becs\u00fclt olvas\u00e1si id\u0151\" \/>\n\t<meta name=\"twitter:data1\" content=\"3 perc\" \/>\n<script type=\"application\/ld+json\" class=\"yoast-schema-graph\">{\"@context\":\"https:\\\/\\\/schema.org\",\"@graph\":[{\"@type\":\"WebPage\",\"@id\":\"https:\\\/\\\/www.whiteshield.net\\\/hu\\\/automatizalas\\\/\",\"url\":\"https:\\\/\\\/www.whiteshield.net\\\/hu\\\/automatizalas\\\/\",\"name\":\"Automatiz\u00e1l\u00e1s - Whiteshield Ethical Hacking\",\"isPartOf\":{\"@id\":\"https:\\\/\\\/www.whiteshield.net\\\/hu\\\/#website\"},\"datePublished\":\"2025-04-15T12:14:21+00:00\",\"dateModified\":\"2026-03-18T13:34:05+00:00\",\"description\":\"Automatiz\u00e1lt penteszt szolg\u00e1ltat\u00e1sunk gyors, sk\u00e1l\u00e1zhat\u00f3 sebezhet\u0151s\u00e9gfelt\u00e1r\u00e1st k\u00edn\u00e1l \u00e9l\u0151 riport\u00e1l\u00e1ssal \u00e9s szak\u00e9rt\u0151i valid\u00e1ci\u00f3val.\",\"breadcrumb\":{\"@id\":\"https:\\\/\\\/www.whiteshield.net\\\/hu\\\/automatizalas\\\/#breadcrumb\"},\"inLanguage\":\"hu\",\"potentialAction\":[{\"@type\":\"ReadAction\",\"target\":[\"https:\\\/\\\/www.whiteshield.net\\\/hu\\\/automatizalas\\\/\"]}]},{\"@type\":\"BreadcrumbList\",\"@id\":\"https:\\\/\\\/www.whiteshield.net\\\/hu\\\/automatizalas\\\/#breadcrumb\",\"itemListElement\":[{\"@type\":\"ListItem\",\"position\":1,\"name\":\"Home\",\"item\":\"https:\\\/\\\/www.whiteshield.net\\\/hu\\\/\"},{\"@type\":\"ListItem\",\"position\":2,\"name\":\"Automatiz\u00e1l\u00e1s\"}]},{\"@type\":\"WebSite\",\"@id\":\"https:\\\/\\\/www.whiteshield.net\\\/hu\\\/#website\",\"url\":\"https:\\\/\\\/www.whiteshield.net\\\/hu\\\/\",\"name\":\"Whiteshield Ethical Hacking\",\"description\":\"Biztons\u00e1gi Szak\u00e9rt\u0151k\",\"potentialAction\":[{\"@type\":\"SearchAction\",\"target\":{\"@type\":\"EntryPoint\",\"urlTemplate\":\"https:\\\/\\\/www.whiteshield.net\\\/hu\\\/?s={search_term_string}\"},\"query-input\":{\"@type\":\"PropertyValueSpecification\",\"valueRequired\":true,\"valueName\":\"search_term_string\"}}],\"inLanguage\":\"hu\"}]}<\/script>\n<!-- \/ Yoast SEO plugin. -->","yoast_head_json":{"title":"Automatiz\u00e1l\u00e1s - Whiteshield Ethical Hacking","description":"Automatiz\u00e1lt penteszt szolg\u00e1ltat\u00e1sunk gyors, sk\u00e1l\u00e1zhat\u00f3 sebezhet\u0151s\u00e9gfelt\u00e1r\u00e1st k\u00edn\u00e1l \u00e9l\u0151 riport\u00e1l\u00e1ssal \u00e9s szak\u00e9rt\u0151i valid\u00e1ci\u00f3val.","robots":{"index":"index","follow":"follow","max-snippet":"max-snippet:-1","max-image-preview":"max-image-preview:large","max-video-preview":"max-video-preview:-1"},"canonical":"https:\/\/www.whiteshield.net\/hu\/automatizalas\/","og_locale":"hu_HU","og_type":"article","og_title":"Automatiz\u00e1l\u00e1s - Whiteshield Ethical Hacking","og_description":"Automatiz\u00e1lt penteszt szolg\u00e1ltat\u00e1sunk gyors, sk\u00e1l\u00e1zhat\u00f3 sebezhet\u0151s\u00e9gfelt\u00e1r\u00e1st k\u00edn\u00e1l \u00e9l\u0151 riport\u00e1l\u00e1ssal \u00e9s szak\u00e9rt\u0151i valid\u00e1ci\u00f3val.","og_url":"https:\/\/www.whiteshield.net\/hu\/automatizalas\/","og_site_name":"Whiteshield Ethical Hacking","article_modified_time":"2026-03-18T13:34:05+00:00","twitter_card":"summary_large_image","twitter_misc":{"Becs\u00fclt olvas\u00e1si id\u0151":"3 perc"},"schema":{"@context":"https:\/\/schema.org","@graph":[{"@type":"WebPage","@id":"https:\/\/www.whiteshield.net\/hu\/automatizalas\/","url":"https:\/\/www.whiteshield.net\/hu\/automatizalas\/","name":"Automatiz\u00e1l\u00e1s - Whiteshield Ethical Hacking","isPartOf":{"@id":"https:\/\/www.whiteshield.net\/hu\/#website"},"datePublished":"2025-04-15T12:14:21+00:00","dateModified":"2026-03-18T13:34:05+00:00","description":"Automatiz\u00e1lt penteszt szolg\u00e1ltat\u00e1sunk gyors, sk\u00e1l\u00e1zhat\u00f3 sebezhet\u0151s\u00e9gfelt\u00e1r\u00e1st k\u00edn\u00e1l \u00e9l\u0151 riport\u00e1l\u00e1ssal \u00e9s szak\u00e9rt\u0151i valid\u00e1ci\u00f3val.","breadcrumb":{"@id":"https:\/\/www.whiteshield.net\/hu\/automatizalas\/#breadcrumb"},"inLanguage":"hu","potentialAction":[{"@type":"ReadAction","target":["https:\/\/www.whiteshield.net\/hu\/automatizalas\/"]}]},{"@type":"BreadcrumbList","@id":"https:\/\/www.whiteshield.net\/hu\/automatizalas\/#breadcrumb","itemListElement":[{"@type":"ListItem","position":1,"name":"Home","item":"https:\/\/www.whiteshield.net\/hu\/"},{"@type":"ListItem","position":2,"name":"Automatiz\u00e1l\u00e1s"}]},{"@type":"WebSite","@id":"https:\/\/www.whiteshield.net\/hu\/#website","url":"https:\/\/www.whiteshield.net\/hu\/","name":"Whiteshield Ethical Hacking","description":"Biztons\u00e1gi Szak\u00e9rt\u0151k","potentialAction":[{"@type":"SearchAction","target":{"@type":"EntryPoint","urlTemplate":"https:\/\/www.whiteshield.net\/hu\/?s={search_term_string}"},"query-input":{"@type":"PropertyValueSpecification","valueRequired":true,"valueName":"search_term_string"}}],"inLanguage":"hu"}]}},"_links":{"self":[{"href":"https:\/\/www.whiteshield.net\/hu\/wp-json\/wp\/v2\/pages\/2112","targetHints":{"allow":["GET"]}}],"collection":[{"href":"https:\/\/www.whiteshield.net\/hu\/wp-json\/wp\/v2\/pages"}],"about":[{"href":"https:\/\/www.whiteshield.net\/hu\/wp-json\/wp\/v2\/types\/page"}],"author":[{"embeddable":true,"href":"https:\/\/www.whiteshield.net\/hu\/wp-json\/wp\/v2\/users\/2"}],"replies":[{"embeddable":true,"href":"https:\/\/www.whiteshield.net\/hu\/wp-json\/wp\/v2\/comments?post=2112"}],"version-history":[{"count":13,"href":"https:\/\/www.whiteshield.net\/hu\/wp-json\/wp\/v2\/pages\/2112\/revisions"}],"predecessor-version":[{"id":239126,"href":"https:\/\/www.whiteshield.net\/hu\/wp-json\/wp\/v2\/pages\/2112\/revisions\/239126"}],"wp:attachment":[{"href":"https:\/\/www.whiteshield.net\/hu\/wp-json\/wp\/v2\/media?parent=2112"}],"curies":[{"name":"wp","href":"https:\/\/api.w.org\/{rel}","templated":true}]}}