{"id":210,"date":"2016-04-29T18:21:42","date_gmt":"2016-04-29T16:21:42","guid":{"rendered":"http:\/\/54.78.176.53\/hu\/education-other-services\/"},"modified":"2026-03-18T14:23:38","modified_gmt":"2026-03-18T13:23:38","slug":"informatikai-biztonsagi-tanacsadas","status":"publish","type":"page","link":"https:\/\/www.whiteshield.net\/hu\/informatikai-biztonsagi-tanacsadas\/","title":{"rendered":"Tan\u00e1csad\u00e1s"},"content":{"rendered":"<div class=\"et_pb_section_0 et_pb_section et_section_regular et_flex_section\">\n<div class=\"et_pb_row_0 et_pb_row et_block_row et_animated\">\n<div class=\"et_pb_column_0 et_pb_column et_pb_column_4_4 et-last-child et_block_column et_pb_css_mix_blend_mode_passthrough\">\n<div class=\"et_pb_heading_0 et_pb_heading et_pb_module et_block_module\"><div class=\"et_pb_heading_container\"><h1 class=\"et_pb_module_header\">Informatikai biztons\u00e1gi tan\u00e1csad\u00e1s<\/h1><\/div><\/div>\n\n<div class=\"et_pb_module et_pb_button_module_wrapper et_pb_button_0_wrapper\"><a class=\"et_pb_button_0 et_pb_button et_pb_bg_layout_dark et_pb_module et_block_module\" href=\"#book_consult\" data-icon=\"&quot;\">Ismerje meg lehet\u0151s\u00e9geit!<\/a><\/div>\n<\/div>\n<\/div>\n\n<div class=\"et_pb_row_1 et_pb_row et_flex_row et_animated\">\n<div class=\"et_pb_column_1 et_pb_column et-last-child et_flex_column et_pb_css_mix_blend_mode_passthrough et_flex_column_24_24 et_flex_column_24_24_tablet et_flex_column_24_24_phone et_flex_column_24_24_phoneWide et_flex_column_24_24_tabletWide et_flex_column_24_24_widescreen et_flex_column_24_24_ultraWide\">\n<div class=\"et_pb_text_0 et_pb_text et_pb_bg_layout_light et_pb_module et_block_module\"><div class=\"et_pb_text_inner\"><p style=\"text-align: left;\">Az informatikai biztons\u00e1g optim\u00e1lis szintj\u00e9nek el\u00e9r\u00e9s\u00e9hez k\u00f6r\u00fcltekint\u0151 tervez\u00e9sre \u00e9s c\u00e9ltudatosan ir\u00e1ny\u00edtott megval\u00f3s\u00edt\u00e1sra van sz\u00fcks\u00e9g, hiszen egy alultervezett biztons\u00e1gi rendszer j\u00e1rul\u00e9kos kock\u00e1zatot jelenthet egy esetleges t\u00e1mad\u00e1ssal szemben, m\u00edg a t\u00faltervezett int\u00e9zked\u00e9sek jelent\u0151s mennyis\u00e9g\u0171 er\u0151forr\u00e1st em\u00e9szthetnek fel munkaer\u0151 \u00e9s beruh\u00e1z\u00e1s tekintet\u00e9ben egyar\u00e1nt.<\/p>\n<p style=\"text-align: left;\">Tan\u00e1csad\u00e1si szolg\u00e1ltat\u00e1sunk c\u00e9lja annak biztos\u00edt\u00e1sa, hogy Megrendel\u0151nk az adott p\u00e9nz\u00fcgyi keretb\u0151l el\u00e9rhet\u0151 legmagasabb biztons\u00e1gi szintet val\u00f3s\u00edthassa meg. Az \u00e1ltalunk tett javaslatok minden esetben az adott megold\u00e1s teljes birtokl\u00e1si k\u00f6lts\u00e9g\u00e9vel (TCO) sz\u00e1molt \u00e9rt\u00e9ket tartalmazz\u00e1k, teh\u00e1t az alkalmaz\u00e1s egyszeri bevezet\u00e9s\u00e9nek d\u00edj\u00e1n fel\u00fcl figyelembe vessz\u00fck az \u00fczemeltet\u00e9s k\u00f6lts\u00e9geit is.<\/p>\n<\/div><\/div>\n\n<div class=\"et_pb_heading_1 et_pb_heading et_pb_module et_block_module\"><div class=\"et_pb_heading_container\"><h3 class=\"et_pb_module_header\">Logelemz\u00e9s<\/h3><\/div><\/div>\n\n<div class=\"et_pb_text_1 et_pb_text et_pb_bg_layout_light et_pb_module et_block_module\"><div class=\"et_pb_text_inner\"><p>A rendszernapl\u00f3k elemz\u00e9se j\u00f3l felfogott \u00e9rdeke minden v\u00e1llalatnak, hiszen seg\u00edts\u00e9g\u00e9vel nemcsak m\u0171szaki, de p\u00e9nz\u00fcgyi szempontb\u00f3l is \u00e1tfog\u00f3 k\u00e9p rajzolhat\u00f3 fel az IT rendszereikr\u0151l.<\/p>\n<p>A napl\u00f3f\u00e1jlok elemz\u00e9s\u00e9vel nem csak a magas rendelkez\u00e9sre \u00e1ll\u00e1s\u00fa szolg\u00e1ltat\u00e1sok szempontj\u00e1b\u00f3l kritikus rendszerle\u00e1ll\u00e1sok j\u00f3solhat\u00f3k meg, hanem olyan k\u00e9rd\u00e9sek is megv\u00e1laszolhat\u00f3v\u00e1 v\u00e1lnak, amelyek vezet\u0151 beoszt\u00e1s\u00fa IT szakemberek sz\u00e1m\u00e1ra kiemelt fontoss\u00e1ggal b\u00edrnak a rendszerek kihaszn\u00e1lts\u00e1g\u00e1t, sz\u00fcks\u00e9ges j\u00f6v\u0151beli b\u0151v\u00edt\u00e9sek esed\u00e9kess\u00e9g\u00e9t, valamint a n\u00f6vekv\u0151 sz\u00e1m\u00fa felhaszn\u00e1l\u00f3k er\u0151forr\u00e1sig\u00e9ny\u00e9t illet\u0151en.<\/p>\n<p>Nem v\u00e9letlen, hogy egyes szektorok (p\u00e9nz\u00fcgy, t\u00e1vk\u00f6zl\u00e9s) m\u00e1r jogszab\u00e1ly \u00e1ltal is k\u00f6telezettek napl\u00f3elemz\u00e9sek elv\u00e9gz\u00e9s\u00e9re.<\/p>\n<p>Szakembereink seg\u00edtenek kiv\u00e1lasztani \u00fcgyfel\u00fcnk r\u00e9sz\u00e9re a piacon tal\u00e1lhat\u00f3 sz\u00e1mos megold\u00e1s k\u00f6z\u00fcl azt a logelemz\u00e9si rendszert \u00e9s m\u00f3dszertant, amelyik ig\u00e9nyeinek \u00e9s elv\u00e1r\u00e1sainak a legink\u00e1bb megfelel\u0151.<\/p>\n<\/div><\/div>\n\n<div class=\"et_pb_heading_2 et_pb_heading et_pb_module et_block_module\"><div class=\"et_pb_heading_container\"><h3 class=\"et_pb_module_header\">Forensic vizsg\u00e1lat<\/h3><\/div><\/div>\n\n<div class=\"et_pb_text_2 et_pb_text et_pb_bg_layout_light et_pb_module et_block_module\"><div class=\"et_pb_text_inner\"><p>Forensic vizsg\u00e1latra akkor van sz\u00fcks\u00e9g, amikor m\u00e1r megt\u00f6rt\u00e9nt a baj. Sz\u00e1m\u00edt\u00f3g\u00e9pes vissza\u00e9l\u00e9sek felder\u00edt\u00e9s\u00e9hez, az IT infrastrukt\u00far\u00e1t, egyes konkr\u00e9t rendszereket \u00e9rt t\u00e1mad\u00e1sok \u00e9s egy\u00e9b informatik\u00e1hoz k\u00f6t\u0151d\u0151 b\u0171ncselekm\u00e9nyek rekonstrukci\u00f3j\u00e1hoz alkalmazunk sz\u00e1m\u00edt\u00f3g\u00e9pes forensic vagy network forensic vizsg\u00e1latot.<\/p>\n<p>A c\u00e9g\u00fcnk \u00e1ltal v\u00e9gzett vizsg\u00e1lat napl\u00f3f\u00e1jlokon t\u00fal a c\u00e9lhardver adathordoz\u00f3kkal alkotott eg\u00e9sz\u00e9nek teljesk\u00f6r\u0171 elemz\u00e9s\u00e9t, bizony\u00edt\u00e9kkeres\u00e9st \u00e9s -kezel\u00e9st, valamint vissza\u00e1ll\u00edt\u00e1si k\u00eds\u00e9rletet foglal mag\u00e1ba.<\/p>\n<\/div><\/div>\n<\/div>\n<\/div>\n\n<div class=\"et_pb_row_2 et_pb_row et_block_row et_animated\" id=\"book_consult\">\n<div class=\"et_pb_column_2 et_pb_column et_pb_column_4_4 et-last-child et_block_column et_pb_css_mix_blend_mode_passthrough\">\n<div class=\"et_pb_cta_0 et_pb_promo et_pb_bg_layout_dark et_pb_module et_block_module\"><div class=\"et_pb_promo_description\"><h2 class=\"et_pb_module_header\">A biztons\u00e1g egy besz\u00e9lget\u00e9ssel kezd\u0151dik<\/h2><div class=\"et_pb_promo_content\"><p>Hagyjuk a sales sablonokat!<\/p>\n<p>Besz\u00e9lgess\u00fcnk \u00e9rdemben az \u00fczletmenet-folytonoss\u00e1gr\u00f3l \u00e9s a m\u0171k\u00f6d\u00e9si kock\u00e1zatokr\u00f3l!<\/p>\n<\/div><\/div><div class=\"et_pb_button_wrapper\"><a class=\"et_pb_button et_pb_promo_button\" href=\"https:\/\/jtdvcjaj.youcanbook.me\/\">Ingyenes 30 perces konzult\u00e1ci\u00f3<\/a><\/div><\/div>\n<\/div>\n<\/div>\n<\/div>","protected":false},"excerpt":{"rendered":"<p>Az informatikai biztons\u00e1g optim\u00e1lis szintj\u00e9nek el\u00e9r\u00e9s\u00e9hez k\u00f6r\u00fcltekint\u0151 tervez\u00e9sre \u00e9s c\u00e9ltudatosan ir\u00e1ny\u00edtott megval\u00f3s\u00edt\u00e1sra van sz\u00fcks\u00e9g, hiszen egy alultervezett biztons\u00e1gi rendszer j\u00e1rul\u00e9kos kock\u00e1zatot jelenthet egy esetleges t\u00e1mad\u00e1ssal szemben, m\u00edg a t\u00faltervezett int\u00e9zked\u00e9sek jelent\u0151s mennyis\u00e9g\u0171 er\u0151forr\u00e1st em\u00e9szthetnek fel munkaer\u0151 \u00e9s beruh\u00e1z\u00e1s tekintet\u00e9ben egyar\u00e1nt.<\/p>\n","protected":false},"author":1,"featured_media":129,"parent":0,"menu_order":0,"comment_status":"closed","ping_status":"closed","template":"","meta":{"content-type":"","footnotes":""},"class_list":["post-210","page","type-page","status-publish","has-post-thumbnail","hentry"],"yoast_head":"<!-- This site is optimized with the Yoast SEO plugin v27.4 - https:\/\/yoast.com\/product\/yoast-seo-wordpress\/ -->\n<title>Informatikai Biztons\u00e1gi Tan\u00e1csad\u00e1s - Whiteshield Ethical Hacking<\/title>\n<meta name=\"robots\" content=\"index, follow, max-snippet:-1, max-image-preview:large, max-video-preview:-1\" \/>\n<link rel=\"canonical\" href=\"https:\/\/www.whiteshield.net\/hu\/informatikai-biztonsagi-tanacsadas\/\" \/>\n<meta property=\"og:locale\" content=\"hu_HU\" \/>\n<meta property=\"og:type\" content=\"article\" \/>\n<meta property=\"og:title\" content=\"Informatikai Biztons\u00e1gi Tan\u00e1csad\u00e1s - Whiteshield Ethical Hacking\" \/>\n<meta property=\"og:description\" content=\"Az informatikai biztons\u00e1g optim\u00e1lis szintj\u00e9nek el\u00e9r\u00e9s\u00e9hez k\u00f6r\u00fcltekint\u0151 tervez\u00e9sre \u00e9s c\u00e9ltudatosan ir\u00e1ny\u00edtott megval\u00f3s\u00edt\u00e1sra van sz\u00fcks\u00e9g, hiszen egy alultervezett biztons\u00e1gi rendszer j\u00e1rul\u00e9kos kock\u00e1zatot jelenthet egy esetleges t\u00e1mad\u00e1ssal szemben, m\u00edg a t\u00faltervezett int\u00e9zked\u00e9sek jelent\u0151s mennyis\u00e9g\u0171 er\u0151forr\u00e1st em\u00e9szthetnek fel munkaer\u0151 \u00e9s beruh\u00e1z\u00e1s tekintet\u00e9ben egyar\u00e1nt.\" \/>\n<meta property=\"og:url\" content=\"https:\/\/www.whiteshield.net\/hu\/informatikai-biztonsagi-tanacsadas\/\" \/>\n<meta property=\"og:site_name\" content=\"Whiteshield Ethical Hacking\" \/>\n<meta property=\"article:modified_time\" content=\"2026-03-18T13:23:38+00:00\" \/>\n<meta property=\"og:image\" content=\"https:\/\/www.whiteshield.net\/wp-content\/uploads\/2016\/04\/whiteshield_logo_nagy_feher.jpg\" \/>\n\t<meta property=\"og:image:width\" content=\"827\" \/>\n\t<meta property=\"og:image:height\" content=\"827\" \/>\n\t<meta property=\"og:image:type\" content=\"image\/jpeg\" \/>\n<meta name=\"twitter:card\" content=\"summary_large_image\" \/>\n<script type=\"application\/ld+json\" class=\"yoast-schema-graph\">{\"@context\":\"https:\\\/\\\/schema.org\",\"@graph\":[{\"@type\":\"WebPage\",\"@id\":\"https:\\\/\\\/www.whiteshield.net\\\/hu\\\/informatikai-biztonsagi-tanacsadas\\\/\",\"url\":\"https:\\\/\\\/www.whiteshield.net\\\/hu\\\/informatikai-biztonsagi-tanacsadas\\\/\",\"name\":\"Informatikai Biztons\u00e1gi Tan\u00e1csad\u00e1s - Whiteshield Ethical Hacking\",\"isPartOf\":{\"@id\":\"https:\\\/\\\/www.whiteshield.net\\\/hu\\\/#website\"},\"primaryImageOfPage\":{\"@id\":\"https:\\\/\\\/www.whiteshield.net\\\/hu\\\/informatikai-biztonsagi-tanacsadas\\\/#primaryimage\"},\"image\":{\"@id\":\"https:\\\/\\\/www.whiteshield.net\\\/hu\\\/informatikai-biztonsagi-tanacsadas\\\/#primaryimage\"},\"thumbnailUrl\":\"https:\\\/\\\/www.whiteshield.net\\\/wp-content\\\/uploads\\\/2016\\\/04\\\/whiteshield_logo_nagy_feher.jpg\",\"datePublished\":\"2016-04-29T16:21:42+00:00\",\"dateModified\":\"2026-03-18T13:23:38+00:00\",\"breadcrumb\":{\"@id\":\"https:\\\/\\\/www.whiteshield.net\\\/hu\\\/informatikai-biztonsagi-tanacsadas\\\/#breadcrumb\"},\"inLanguage\":\"hu\",\"potentialAction\":[{\"@type\":\"ReadAction\",\"target\":[\"https:\\\/\\\/www.whiteshield.net\\\/hu\\\/informatikai-biztonsagi-tanacsadas\\\/\"]}]},{\"@type\":\"ImageObject\",\"inLanguage\":\"hu\",\"@id\":\"https:\\\/\\\/www.whiteshield.net\\\/hu\\\/informatikai-biztonsagi-tanacsadas\\\/#primaryimage\",\"url\":\"https:\\\/\\\/www.whiteshield.net\\\/wp-content\\\/uploads\\\/2016\\\/04\\\/whiteshield_logo_nagy_feher.jpg\",\"contentUrl\":\"https:\\\/\\\/www.whiteshield.net\\\/wp-content\\\/uploads\\\/2016\\\/04\\\/whiteshield_logo_nagy_feher.jpg\",\"width\":827,\"height\":827,\"caption\":\"Whiteshield\"},{\"@type\":\"BreadcrumbList\",\"@id\":\"https:\\\/\\\/www.whiteshield.net\\\/hu\\\/informatikai-biztonsagi-tanacsadas\\\/#breadcrumb\",\"itemListElement\":[{\"@type\":\"ListItem\",\"position\":1,\"name\":\"Home\",\"item\":\"https:\\\/\\\/www.whiteshield.net\\\/hu\\\/\"},{\"@type\":\"ListItem\",\"position\":2,\"name\":\"Tan\u00e1csad\u00e1s\"}]},{\"@type\":\"WebSite\",\"@id\":\"https:\\\/\\\/www.whiteshield.net\\\/hu\\\/#website\",\"url\":\"https:\\\/\\\/www.whiteshield.net\\\/hu\\\/\",\"name\":\"Whiteshield Ethical Hacking\",\"description\":\"Biztons\u00e1gi Szak\u00e9rt\u0151k\",\"potentialAction\":[{\"@type\":\"SearchAction\",\"target\":{\"@type\":\"EntryPoint\",\"urlTemplate\":\"https:\\\/\\\/www.whiteshield.net\\\/hu\\\/?s={search_term_string}\"},\"query-input\":{\"@type\":\"PropertyValueSpecification\",\"valueRequired\":true,\"valueName\":\"search_term_string\"}}],\"inLanguage\":\"hu\"}]}<\/script>\n<!-- \/ Yoast SEO plugin. -->","yoast_head_json":{"title":"Informatikai Biztons\u00e1gi Tan\u00e1csad\u00e1s - Whiteshield Ethical Hacking","robots":{"index":"index","follow":"follow","max-snippet":"max-snippet:-1","max-image-preview":"max-image-preview:large","max-video-preview":"max-video-preview:-1"},"canonical":"https:\/\/www.whiteshield.net\/hu\/informatikai-biztonsagi-tanacsadas\/","og_locale":"hu_HU","og_type":"article","og_title":"Informatikai Biztons\u00e1gi Tan\u00e1csad\u00e1s - Whiteshield Ethical Hacking","og_description":"Az informatikai biztons\u00e1g optim\u00e1lis szintj\u00e9nek el\u00e9r\u00e9s\u00e9hez k\u00f6r\u00fcltekint\u0151 tervez\u00e9sre \u00e9s c\u00e9ltudatosan ir\u00e1ny\u00edtott megval\u00f3s\u00edt\u00e1sra van sz\u00fcks\u00e9g, hiszen egy alultervezett biztons\u00e1gi rendszer j\u00e1rul\u00e9kos kock\u00e1zatot jelenthet egy esetleges t\u00e1mad\u00e1ssal szemben, m\u00edg a t\u00faltervezett int\u00e9zked\u00e9sek jelent\u0151s mennyis\u00e9g\u0171 er\u0151forr\u00e1st em\u00e9szthetnek fel munkaer\u0151 \u00e9s beruh\u00e1z\u00e1s tekintet\u00e9ben egyar\u00e1nt.","og_url":"https:\/\/www.whiteshield.net\/hu\/informatikai-biztonsagi-tanacsadas\/","og_site_name":"Whiteshield Ethical Hacking","article_modified_time":"2026-03-18T13:23:38+00:00","og_image":[{"width":827,"height":827,"url":"https:\/\/www.whiteshield.net\/wp-content\/uploads\/2016\/04\/whiteshield_logo_nagy_feher.jpg","type":"image\/jpeg"}],"twitter_card":"summary_large_image","schema":{"@context":"https:\/\/schema.org","@graph":[{"@type":"WebPage","@id":"https:\/\/www.whiteshield.net\/hu\/informatikai-biztonsagi-tanacsadas\/","url":"https:\/\/www.whiteshield.net\/hu\/informatikai-biztonsagi-tanacsadas\/","name":"Informatikai Biztons\u00e1gi Tan\u00e1csad\u00e1s - Whiteshield Ethical Hacking","isPartOf":{"@id":"https:\/\/www.whiteshield.net\/hu\/#website"},"primaryImageOfPage":{"@id":"https:\/\/www.whiteshield.net\/hu\/informatikai-biztonsagi-tanacsadas\/#primaryimage"},"image":{"@id":"https:\/\/www.whiteshield.net\/hu\/informatikai-biztonsagi-tanacsadas\/#primaryimage"},"thumbnailUrl":"https:\/\/www.whiteshield.net\/wp-content\/uploads\/2016\/04\/whiteshield_logo_nagy_feher.jpg","datePublished":"2016-04-29T16:21:42+00:00","dateModified":"2026-03-18T13:23:38+00:00","breadcrumb":{"@id":"https:\/\/www.whiteshield.net\/hu\/informatikai-biztonsagi-tanacsadas\/#breadcrumb"},"inLanguage":"hu","potentialAction":[{"@type":"ReadAction","target":["https:\/\/www.whiteshield.net\/hu\/informatikai-biztonsagi-tanacsadas\/"]}]},{"@type":"ImageObject","inLanguage":"hu","@id":"https:\/\/www.whiteshield.net\/hu\/informatikai-biztonsagi-tanacsadas\/#primaryimage","url":"https:\/\/www.whiteshield.net\/wp-content\/uploads\/2016\/04\/whiteshield_logo_nagy_feher.jpg","contentUrl":"https:\/\/www.whiteshield.net\/wp-content\/uploads\/2016\/04\/whiteshield_logo_nagy_feher.jpg","width":827,"height":827,"caption":"Whiteshield"},{"@type":"BreadcrumbList","@id":"https:\/\/www.whiteshield.net\/hu\/informatikai-biztonsagi-tanacsadas\/#breadcrumb","itemListElement":[{"@type":"ListItem","position":1,"name":"Home","item":"https:\/\/www.whiteshield.net\/hu\/"},{"@type":"ListItem","position":2,"name":"Tan\u00e1csad\u00e1s"}]},{"@type":"WebSite","@id":"https:\/\/www.whiteshield.net\/hu\/#website","url":"https:\/\/www.whiteshield.net\/hu\/","name":"Whiteshield Ethical Hacking","description":"Biztons\u00e1gi Szak\u00e9rt\u0151k","potentialAction":[{"@type":"SearchAction","target":{"@type":"EntryPoint","urlTemplate":"https:\/\/www.whiteshield.net\/hu\/?s={search_term_string}"},"query-input":{"@type":"PropertyValueSpecification","valueRequired":true,"valueName":"search_term_string"}}],"inLanguage":"hu"}]}},"_links":{"self":[{"href":"https:\/\/www.whiteshield.net\/hu\/wp-json\/wp\/v2\/pages\/210","targetHints":{"allow":["GET"]}}],"collection":[{"href":"https:\/\/www.whiteshield.net\/hu\/wp-json\/wp\/v2\/pages"}],"about":[{"href":"https:\/\/www.whiteshield.net\/hu\/wp-json\/wp\/v2\/types\/page"}],"author":[{"embeddable":true,"href":"https:\/\/www.whiteshield.net\/hu\/wp-json\/wp\/v2\/users\/1"}],"replies":[{"embeddable":true,"href":"https:\/\/www.whiteshield.net\/hu\/wp-json\/wp\/v2\/comments?post=210"}],"version-history":[{"count":9,"href":"https:\/\/www.whiteshield.net\/hu\/wp-json\/wp\/v2\/pages\/210\/revisions"}],"predecessor-version":[{"id":377,"href":"https:\/\/www.whiteshield.net\/hu\/wp-json\/wp\/v2\/pages\/210\/revisions\/377"}],"wp:featuredmedia":[{"embeddable":true,"href":"https:\/\/www.whiteshield.net\/hu\/wp-json\/wp\/v2\/media\/129"}],"wp:attachment":[{"href":"https:\/\/www.whiteshield.net\/hu\/wp-json\/wp\/v2\/media?parent=210"}],"curies":[{"name":"wp","href":"https:\/\/api.w.org\/{rel}","templated":true}]}}