{"id":2061,"date":"2025-04-14T15:54:01","date_gmt":"2025-04-14T13:54:01","guid":{"rendered":"https:\/\/www.whiteshield.net\/rolunk\/"},"modified":"2026-03-18T16:39:52","modified_gmt":"2026-03-18T15:39:52","slug":"rolunk","status":"publish","type":"page","link":"https:\/\/www.whiteshield.net\/hu\/rolunk\/","title":{"rendered":"R\u00f3lunk"},"content":{"rendered":"<div class=\"et_pb_section_0 et_pb_section et_section_regular et_flex_section\">\n<div class=\"et_pb_row_0 et_pb_row et_block_row et_animated et_pb_section_parallax\"><span class=\"et-pb-parallax-wrapper\"><span class=\"et-pb-parallax-background et-pb-parallax-background--css et-pb-parallax-background-module--divi-row-0\" style=\"background-image:url(https:\/\/www.whiteshield.net\/wp-content\/uploads\/2025\/02\/headeer.png)\"><\/span><span class=\"et_parallax_gradient et_pb_parallax_css\" style=\"background-image:linear-gradient(235deg, rgba(27,38,59,0.64) 0%,rgba(27,38,59,0.64) 100%)\"><\/span><\/span>\n<div class=\"et_pb_column_0 et_pb_column et_pb_column_4_4 et-last-child et_block_column et_pb_css_mix_blend_mode_passthrough\">\n<div class=\"et_pb_heading_0 et_pb_heading et_pb_module et_block_module\"><div class=\"et_pb_heading_container\"><h1 class=\"et_pb_module_header\">Whiteshield<\/h1><\/div><\/div>\n\n<div class=\"et_pb_text_0 et_pb_text et_pb_bg_layout_light et_pb_module et_block_module\"><div class=\"et_pb_text_inner\"><p style=\"text-align: center;\">A <strong data-start=\"156\" data-end=\"215\">Whiteshield egy kiemelked\u0151 sz\u00ednvonal\u00fa IT-biztons\u00e1gi c\u00e9g<\/strong>, amely t\u00f6bb mint 10 \u00e9ve szolg\u00e1lja ki a legszigor\u00fabb biztons\u00e1gi elv\u00e1r\u00e1sokkal rendelkez\u0151 eur\u00f3pai \u00e9s ausztr\u00e1l v\u00e1llalatokat. A <strong data-start=\"339\" data-end=\"395\">penetr\u00e1ci\u00f3s tesztel\u00e9s egyik vezet\u0151 szolg\u00e1ltat\u00f3jak\u00e9nt<\/strong> folyamatosan n\u00f6veksz\u00fcnk, \u00e9s b\u00fcszk\u00e9k vagyunk arra, hogy minden tev\u00e9kenys\u00e9g\u00fcnkben <strong data-start=\"476\" data-end=\"521\">naprak\u00e9szen \u00e9s technol\u00f3giailag \u00e9len j\u00e1rva<\/strong> m\u0171k\u00f6d\u00fcnk.<\/p>\n<\/div><\/div>\n\n<div class=\"et_pb_module et_pb_button_module_wrapper et_pb_button_0_wrapper\"><a class=\"et_pb_button_0 et_pb_button et_pb_bg_layout_dark et_pb_module et_block_module\" href=\"#book_consult\" data-icon=\"&quot;\">Foglalj id\u0151pontot!<\/a><\/div>\n<\/div>\n<\/div>\n\n<div class=\"et_pb_row_1 et_pb_row et_flex_row et_animated\">\n<div class=\"et_pb_column_1 et_pb_column et-last-child et_flex_column et_pb_css_mix_blend_mode_passthrough et_flex_column_24_24 et_flex_column_24_24_tablet et_flex_column_24_24_phone et_flex_column_24_24_phoneWide et_flex_column_24_24_tabletWide et_flex_column_24_24_widescreen et_flex_column_24_24_ultraWide\">\n<div class=\"et_pb_text_1 et_pb_text et_pb_bg_layout_light et_pb_module et_block_module\"><div class=\"et_pb_text_inner\"><p>Meggy\u0151z\u0151d\u00e9s\u00fcnk, hogy a penetr\u00e1ci\u00f3s tesztel\u00e9s <strong data-start=\"578\" data-end=\"599\">egyfajta m\u0171v\u00e9szet<\/strong>. Tesztel\u0151inkt\u0151l elv\u00e1rjuk, hogy \u00faj \u00e9s innovat\u00edv gondolkod\u00e1sm\u00f3dot alkalmazzanak annak \u00e9rdek\u00e9ben, hogy <strong data-start=\"700\" data-end=\"738\">kiemelked\u0151 \u00fcgyf\u00e9l\u00e9lm\u00e9nyt ny\u00fajtsunk<\/strong>. Munkat\u00e1rsaink mindannyian <strong data-start=\"766\" data-end=\"815\">szigor\u00faan szab\u00e1lyozott v\u00e1llalati k\u00f6rnyezetb\u0151l<\/strong> \u00e9rkeztek, \u00edgy \u00fcgyfeleink nemcsak <strong data-start=\"849\" data-end=\"880\">naprak\u00e9sz biztons\u00e1gi tud\u00e1st<\/strong>, hanem az <strong data-start=\"891\" data-end=\"924\">ipar\u00e1gi legjobb gyakorlatokat<\/strong> is megkapj\u00e1k t\u0151l\u00fck.<\/p>\n<\/div><\/div>\n\n<div class=\"et_pb_heading_1 et_pb_heading et_pb_module et_block_module\"><div class=\"et_pb_heading_container\"><h2 class=\"et_pb_module_header\">Mi\u00e9rt v\u00e1lassza a Whiteshield-et?<\/h2><\/div><\/div>\n\n<div class=\"et_pb_text_2 et_pb_text et_pb_bg_layout_light et_pb_module et_block_module\"><div class=\"et_pb_text_inner\"><p>A penetr\u00e1ci\u00f3s tesztel\u00e9s \u00e9s a s\u00e9r\u00fcl\u00e9kenys\u00e9gvizsg\u00e1lat a f\u0151 profilunk!<\/p>\n<p><strong>A Whiteshield k\u00e9zi penetr\u00e1ci\u00f3s teszteket v\u00e9gez.<\/strong> Ha egy szervezet kiz\u00e1r\u00f3lag olyan c\u00e9get b\u00edz meg, amely csak automatikus s\u00e9r\u00fcl\u00e9kenys\u00e9gvizsg\u00e1l\u00f3 eszk\u00f6z\u00f6ket haszn\u00e1l, azzal azt kock\u00e1ztatja, hogy kritikus hib\u00e1k rejtve maradnak \u2013 ezek az eszk\u00f6z\u00f6k ugyanis gyakran nem k\u00e9pesek felismerni a finomabb logikai vagy kontextu\u00e1lis biztons\u00e1gi hib\u00e1kat. Egy tapasztalt t\u00e1mad\u00f3 viszont \u00e9rti az alkalmaz\u00e1s m\u0171k\u00f6d\u00e9s\u00e9nek \u00f6sszef\u00fcgg\u00e9seit, \u00e9s k\u00e9pes lehet annak \u00fczleti logik\u00e1j\u00e1t kihaszn\u00e1lni.<\/p>\n<p>Szak\u00e9rt\u0151ink term\u00e9szetesen alkalmaznak automatikus eszk\u00f6z\u00f6ket az alkalmaz\u00e1sbiztons\u00e1gi tesztek el\u0151k\u00e9sz\u00edt\u0151 f\u00e1zis\u00e1ban, de ez csup\u00e1n a kiindul\u00f3pont. Az alkalmaz\u00e1s m\u0171k\u00f6d\u00e9s\u00e9nek m\u00e9lyebb meg\u00e9rt\u00e9s\u00e9vel olyan testreszabott \u00e9rt\u00e9kel\u00e9st tudunk ny\u00fajtani, amely val\u00f3ban relev\u00e1ns az \u00d6n felhaszn\u00e1l\u00f3i b\u00e1zis\u00e1ra \u00e9s egyedi biztons\u00e1gi ig\u00e9nyeire szabva.<\/p>\n<\/div><\/div>\n\n<div class=\"et_pb_heading_2 et_pb_heading et_pb_module et_block_module\"><div class=\"et_pb_heading_container\"><h2 class=\"et_pb_module_header\">Tov\u00e1bbi el\u0151ny\u00f6k<\/h2><\/div><\/div>\n\n<div class=\"et_pb_text_3 et_pb_text et_pb_bg_layout_light et_pb_module et_block_module\"><div class=\"et_pb_text_inner\"><ul>\n<li style=\"list-style-type: none;\">\n<ul>\n<li><span>Tan\u00fas\u00edtott szak\u00e9rt\u0151k (Tesztel\u0151ink OSCP, CEH, CISA min\u0151s\u00edt\u00e9ssel rendelkeznek)<\/span><\/li>\n<li>Bev\u00e1lt m\u00f3dszertan (A Whiteshield az OWASP Testing Guide alapj\u00e1n v\u00e9gzi biztons\u00e1gi vizsg\u00e1latait)<\/li>\n<li>Sv\u00e1jci adatbiztons\u00e1g: Minden szerver\u00fcnk saj\u00e1t tulajdonban van \u00e9s Sv\u00e1jcban \u00fczemel, az adatok a sv\u00e1jci joghat\u00f3s\u00e1g al\u00e1 esnek. \u00c9rz\u00e9keny inform\u00e1ci\u00f3it Sv\u00e1jc szigor\u00fa adatv\u00e9delmi t\u00f6rv\u00e9nyei v\u00e9dik.<\/li>\n<li>\u00c1tl\u00e1that\u00f3, fix \u00e1rak. Nincsenek rejtett k\u00f6lts\u00e9gek. K\u00f6z\u00e9p-eur\u00f3pai sz\u00e9khely\u00fcnk miatt \u00e1raink kedvez\u0151bbek, mint az \u00e9szak- vagy nyugat-eur\u00f3pai versenyt\u00e1rsak\u00e9.<\/li>\n<li>K\u00e9zzel \u00edrt jelent\u00e9sek.Jelent\u00e9seinket nem automata eszk\u00f6z\u00f6k gener\u00e1lj\u00e1k, hanem tapasztalt szak\u00e9rt\u0151ink k\u00e9sz\u00edtik.<\/li>\n<li>Professzion\u00e1lis \u00e9s k\u00f6z\u00e9rthet\u0151 jelent\u00e9sek. Minden jelent\u00e9s tartalmazza a felt\u00e1rt sebezhet\u0151s\u00e9geket s\u00falyoss\u00e1gi sorrendben, vil\u00e1gos jav\u00edt\u00e1si \u00fatmutat\u00f3val.<\/li>\n<li>Soksz\u00edn\u0171 \u00fcgyf\u00e9lk\u00f6r. Biztons\u00e1gtudatos \u00fcgyfeleink startupt\u00f3l a nagyv\u00e1llalatokig sokf\u00e9le ipar\u00e1gb\u00f3l \u00e9rkeznek. Minden egyes \u00e9rt\u00e9kel\u00e9st az adott \u00fczleti k\u00f6rnyezethez igaz\u00edtunk.<\/li>\n<li>Szolg\u00e1ltat\u00e1saink nem \u00e9rnek v\u00e9get a jelent\u00e9s lead\u00e1s\u00e1val \u2013 biztons\u00e1gi partnerk\u00e9nt tan\u00e1csad\u00f3 t\u00e1mogat\u00e1st is ny\u00fajtunk, amikor csak sz\u00fcks\u00e9ge van r\u00e1nk.<\/li>\n<\/ul>\n<\/li>\n<\/ul>\n<\/div><\/div>\n\n<div class=\"et_pb_heading_3 et_pb_heading et_pb_module et_block_module\"><div class=\"et_pb_heading_container\"><h2 class=\"et_pb_module_header\">Referenci\u00e1k<\/h2><\/div><\/div>\n\n<div class=\"et_pb_text_4 et_pb_text et_pb_bg_layout_light et_pb_module et_block_module\"><div class=\"et_pb_text_inner\"><ul><\/ul>\n<p>T\u00f6bb szervezet is bizalm\u00e1t adta nek\u00fcnk vil\u00e1gszerte, t\u00f6bbek k\u00f6z\u00f6tt a k\u00f6vetkez\u0151 orsz\u00e1gokb\u00f3l<\/p>\n<\/div><\/div>\n<\/div>\n<\/div>\n\n<div class=\"et_pb_row_2 et_pb_row et_block_row et_animated\">\n<div class=\"et_pb_column_2 et_pb_column et_pb_column_4_4 et-last-child et_block_column et_pb_css_mix_blend_mode_passthrough\">\n<div class=\"et_pb_map_0 et_pb_map_container et_pb_module et_flex_module\" data-grayscale=\"\"><div class=\"et_pb_map\" data-center-lat=\"18.149565982843\" data-center-lng=\"85.2454915\" data-zoom=\"2\" data-mouse-wheel=\"on\" data-mobile-dragging=\"on\"><\/div>\n<div class=\"et_pb_map_pin_0 et_pb_map_pin\" data-lat=\"55.953252\" data-lng=\"-3.188267\" data-title=\"United Kingdom\"><h3 style=\"margin-top:10px\">United Kingdom<\/h3><\/div>\n\n<div class=\"et_pb_map_pin_1 et_pb_map_pin\" data-lat=\"59.3293235\" data-lng=\"18.0685808\" data-title=\"Sweden\"><h3 style=\"margin-top:10px\">Sweden<\/h3><\/div>\n\n<div class=\"et_pb_map_pin_2 et_pb_map_pin\" data-lat=\"47.497912\" data-lng=\"19.040235\" data-title=\"Hungary\"><h3 style=\"margin-top:10px\">Hungary<\/h3><\/div>\n\n<div class=\"et_pb_map_pin_3 et_pb_map_pin\" data-lat=\"50.0755381\" data-lng=\"14.4378005\" data-title=\"Czech Republic\"><h3 style=\"margin-top:10px\">Czech Republic<\/h3><\/div>\n\n<div class=\"et_pb_map_pin_4 et_pb_map_pin\" data-lat=\"3.139003\" data-lng=\"101.686855\" data-title=\"Malaysia\"><h3 style=\"margin-top:10px\">Malaysia<\/h3><\/div>\n\n<div class=\"et_pb_map_pin_5 et_pb_map_pin\" data-lat=\"-27.4697707\" data-lng=\"153.0251235\" data-title=\"Australia\"><h3 style=\"margin-top:10px\">Australia<\/h3><\/div>\n\n<div class=\"et_pb_map_pin_6 et_pb_map_pin\" data-lat=\"-36.8484597\" data-lng=\"174.7633315\" data-title=\"New Zealand\"><h3 style=\"margin-top:10px\">New Zealand<\/h3><\/div>\n\n<div class=\"et_pb_map_pin_7 et_pb_map_pin\" data-lat=\"50.8503396\" data-lng=\"4.3517103\" data-title=\"Belgium\"><h3 style=\"margin-top:10px\">Belgium<\/h3><\/div>\n\n<div class=\"et_pb_map_pin_8 et_pb_map_pin\" data-lat=\"51.5073509\" data-lng=\"-0.12775829999998\" data-title=\"United Kingdom\"><h3 style=\"margin-top:10px\">United Kingdom<\/h3><\/div>\n\n<div class=\"et_pb_map_pin_9 et_pb_map_pin\" data-lat=\"55.864237\" data-lng=\"-4.251806\" data-title=\"United Kingdom\"><h3 style=\"margin-top:10px\">United Kingdom<\/h3><\/div>\n\n<div class=\"et_pb_map_pin_10 et_pb_map_pin\" data-lat=\"-33.8688197\" data-lng=\"151.2092955\" data-title=\"Australia\"><h3 style=\"margin-top:10px\">Australia<\/h3><\/div>\n\n<div class=\"et_pb_map_pin_11 et_pb_map_pin\" data-lat=\"-41.2864603\" data-lng=\"174.776236\" data-title=\"New Zealand\"><h3 style=\"margin-top:10px\">New Zealand<\/h3><\/div>\n\n<div class=\"et_pb_map_pin_12 et_pb_map_pin\" data-lat=\"52.6368778\" data-lng=\"-1.1397592\" data-title=\"United Kingdom\"><h3 style=\"margin-top:10px\">United Kingdom<\/h3><\/div>\n\n<div class=\"et_pb_map_pin_13 et_pb_map_pin\" data-lat=\"45.943161\" data-lng=\"24.96676\" data-title=\"Romania\"><h3 style=\"margin-top:10px\">Romania<\/h3><\/div>\n\n<div class=\"et_pb_map_pin_14 et_pb_map_pin\" data-lat=\"51.919438\" data-lng=\"19.145136\" data-title=\"Poland\"><h3 style=\"margin-top:10px\">Poland<\/h3><\/div>\n\n<div class=\"et_pb_map_pin_15 et_pb_map_pin\" data-lat=\"46.818188\" data-lng=\"8.227512\" data-title=\"Switzerland\"><h3 style=\"margin-top:10px\">Switzerland<\/h3><\/div>\n\n<div class=\"et_pb_map_pin_16 et_pb_map_pin\" data-lat=\"47.516231\" data-lng=\"14.550072\" data-title=\"Austria\"><h3 style=\"margin-top:10px\">Austria<\/h3><\/div>\n\n<div class=\"et_pb_map_pin_17 et_pb_map_pin\" data-lat=\"59.9342802\" data-lng=\"30.3350986\" data-title=\"Russia\"><h3 style=\"margin-top:10px\">Russia<\/h3><\/div>\n\n<div class=\"et_pb_map_pin_18 et_pb_map_pin\" data-lat=\"52.5200066\" data-lng=\"13.404954\" data-title=\"Germany\"><h3 style=\"margin-top:10px\">Germany<\/h3><\/div>\n\n<div class=\"et_pb_map_pin_19 et_pb_map_pin\" data-lat=\"50.4501\" data-lng=\"30.5234\" data-title=\"Ukraine\"><h3 style=\"margin-top:10px\">Ukraine<\/h3><\/div>\n<\/div>\n<\/div>\n<\/div>\n\n<div class=\"et_pb_row_3 et_pb_row et_flex_row\">\n<div class=\"et_pb_column_3 et_pb_column et-last-child et_flex_column et_pb_css_mix_blend_mode_passthrough et_flex_column_24_24 et_flex_column_24_24_tablet et_flex_column_24_24_phone et_flex_column_24_24_phoneWide et_flex_column_24_24_tabletWide et_flex_column_24_24_widescreen et_flex_column_24_24_ultraWide\">\n<div class=\"et_pb_row_4 et_pb_row et-vb-row--no-module et_pb_row_nested et_block_row et_animated\" id=\"book_consult\"><div class=\"et_pb_column_4 et_pb_column et_pb_column_4_4 et-last-child et_block_column et_pb_column_empty et_pb_css_mix_blend_mode_passthrough\"><\/div><\/div>\n<\/div>\n<\/div>\n<\/div>","protected":false},"excerpt":{"rendered":"","protected":false},"author":1,"featured_media":0,"parent":0,"menu_order":0,"comment_status":"closed","ping_status":"closed","template":"","meta":{"content-type":"","footnotes":""},"class_list":["post-2061","page","type-page","status-publish","hentry"],"yoast_head":"<!-- This site is optimized with the Yoast SEO plugin v27.5 - https:\/\/yoast.com\/product\/yoast-seo-wordpress\/ -->\n<title>Cybersecurity Company - Whiteshield Ethical Hacking<\/title>\n<meta name=\"robots\" content=\"index, follow, max-snippet:-1, max-image-preview:large, max-video-preview:-1\" \/>\n<link rel=\"canonical\" href=\"https:\/\/www.whiteshield.net\/hu\/rolunk\/\" \/>\n<meta property=\"og:locale\" content=\"hu_HU\" \/>\n<meta property=\"og:type\" content=\"article\" \/>\n<meta property=\"og:title\" content=\"Cybersecurity Company - Whiteshield Ethical Hacking\" \/>\n<meta property=\"og:url\" content=\"https:\/\/www.whiteshield.net\/hu\/rolunk\/\" \/>\n<meta property=\"og:site_name\" content=\"Whiteshield Ethical Hacking\" \/>\n<meta property=\"article:modified_time\" content=\"2026-03-18T15:39:52+00:00\" \/>\n<meta name=\"twitter:card\" content=\"summary_large_image\" \/>\n<meta name=\"twitter:label1\" content=\"Becs\u00fclt olvas\u00e1si id\u0151\" \/>\n\t<meta name=\"twitter:data1\" content=\"2 perc\" \/>\n<script type=\"application\/ld+json\" class=\"yoast-schema-graph\">{\"@context\":\"https:\\\/\\\/schema.org\",\"@graph\":[{\"@type\":\"WebPage\",\"@id\":\"https:\\\/\\\/www.whiteshield.net\\\/hu\\\/rolunk\\\/\",\"url\":\"https:\\\/\\\/www.whiteshield.net\\\/hu\\\/rolunk\\\/\",\"name\":\"Cybersecurity Company - Whiteshield Ethical Hacking\",\"isPartOf\":{\"@id\":\"https:\\\/\\\/www.whiteshield.net\\\/hu\\\/#website\"},\"datePublished\":\"2025-04-14T13:54:01+00:00\",\"dateModified\":\"2026-03-18T15:39:52+00:00\",\"breadcrumb\":{\"@id\":\"https:\\\/\\\/www.whiteshield.net\\\/hu\\\/rolunk\\\/#breadcrumb\"},\"inLanguage\":\"hu\",\"potentialAction\":[{\"@type\":\"ReadAction\",\"target\":[\"https:\\\/\\\/www.whiteshield.net\\\/hu\\\/rolunk\\\/\"]}]},{\"@type\":\"BreadcrumbList\",\"@id\":\"https:\\\/\\\/www.whiteshield.net\\\/hu\\\/rolunk\\\/#breadcrumb\",\"itemListElement\":[{\"@type\":\"ListItem\",\"position\":1,\"name\":\"Home\",\"item\":\"https:\\\/\\\/www.whiteshield.net\\\/hu\\\/\"},{\"@type\":\"ListItem\",\"position\":2,\"name\":\"R\u00f3lunk\"}]},{\"@type\":\"WebSite\",\"@id\":\"https:\\\/\\\/www.whiteshield.net\\\/hu\\\/#website\",\"url\":\"https:\\\/\\\/www.whiteshield.net\\\/hu\\\/\",\"name\":\"Whiteshield Ethical Hacking\",\"description\":\"Biztons\u00e1gi Szak\u00e9rt\u0151k\",\"potentialAction\":[{\"@type\":\"SearchAction\",\"target\":{\"@type\":\"EntryPoint\",\"urlTemplate\":\"https:\\\/\\\/www.whiteshield.net\\\/hu\\\/?s={search_term_string}\"},\"query-input\":{\"@type\":\"PropertyValueSpecification\",\"valueRequired\":true,\"valueName\":\"search_term_string\"}}],\"inLanguage\":\"hu\"}]}<\/script>\n<!-- \/ Yoast SEO plugin. -->","yoast_head_json":{"title":"Cybersecurity Company - Whiteshield Ethical Hacking","robots":{"index":"index","follow":"follow","max-snippet":"max-snippet:-1","max-image-preview":"max-image-preview:large","max-video-preview":"max-video-preview:-1"},"canonical":"https:\/\/www.whiteshield.net\/hu\/rolunk\/","og_locale":"hu_HU","og_type":"article","og_title":"Cybersecurity Company - Whiteshield Ethical Hacking","og_url":"https:\/\/www.whiteshield.net\/hu\/rolunk\/","og_site_name":"Whiteshield Ethical Hacking","article_modified_time":"2026-03-18T15:39:52+00:00","twitter_card":"summary_large_image","twitter_misc":{"Becs\u00fclt olvas\u00e1si id\u0151":"2 perc"},"schema":{"@context":"https:\/\/schema.org","@graph":[{"@type":"WebPage","@id":"https:\/\/www.whiteshield.net\/hu\/rolunk\/","url":"https:\/\/www.whiteshield.net\/hu\/rolunk\/","name":"Cybersecurity Company - Whiteshield Ethical Hacking","isPartOf":{"@id":"https:\/\/www.whiteshield.net\/hu\/#website"},"datePublished":"2025-04-14T13:54:01+00:00","dateModified":"2026-03-18T15:39:52+00:00","breadcrumb":{"@id":"https:\/\/www.whiteshield.net\/hu\/rolunk\/#breadcrumb"},"inLanguage":"hu","potentialAction":[{"@type":"ReadAction","target":["https:\/\/www.whiteshield.net\/hu\/rolunk\/"]}]},{"@type":"BreadcrumbList","@id":"https:\/\/www.whiteshield.net\/hu\/rolunk\/#breadcrumb","itemListElement":[{"@type":"ListItem","position":1,"name":"Home","item":"https:\/\/www.whiteshield.net\/hu\/"},{"@type":"ListItem","position":2,"name":"R\u00f3lunk"}]},{"@type":"WebSite","@id":"https:\/\/www.whiteshield.net\/hu\/#website","url":"https:\/\/www.whiteshield.net\/hu\/","name":"Whiteshield Ethical Hacking","description":"Biztons\u00e1gi Szak\u00e9rt\u0151k","potentialAction":[{"@type":"SearchAction","target":{"@type":"EntryPoint","urlTemplate":"https:\/\/www.whiteshield.net\/hu\/?s={search_term_string}"},"query-input":{"@type":"PropertyValueSpecification","valueRequired":true,"valueName":"search_term_string"}}],"inLanguage":"hu"}]}},"_links":{"self":[{"href":"https:\/\/www.whiteshield.net\/hu\/wp-json\/wp\/v2\/pages\/2061","targetHints":{"allow":["GET"]}}],"collection":[{"href":"https:\/\/www.whiteshield.net\/hu\/wp-json\/wp\/v2\/pages"}],"about":[{"href":"https:\/\/www.whiteshield.net\/hu\/wp-json\/wp\/v2\/types\/page"}],"author":[{"embeddable":true,"href":"https:\/\/www.whiteshield.net\/hu\/wp-json\/wp\/v2\/users\/1"}],"replies":[{"embeddable":true,"href":"https:\/\/www.whiteshield.net\/hu\/wp-json\/wp\/v2\/comments?post=2061"}],"version-history":[{"count":15,"href":"https:\/\/www.whiteshield.net\/hu\/wp-json\/wp\/v2\/pages\/2061\/revisions"}],"predecessor-version":[{"id":239145,"href":"https:\/\/www.whiteshield.net\/hu\/wp-json\/wp\/v2\/pages\/2061\/revisions\/239145"}],"wp:attachment":[{"href":"https:\/\/www.whiteshield.net\/hu\/wp-json\/wp\/v2\/media?parent=2061"}],"curies":[{"name":"wp","href":"https:\/\/api.w.org\/{rel}","templated":true}]}}